{"id":5290,"date":"2021-09-23T18:45:41","date_gmt":"2021-09-23T10:45:41","guid":{"rendered":"https:\/\/www.asiadies.com\/?post_type=product&#038;p=5290"},"modified":"2021-09-28T14:42:10","modified_gmt":"2021-09-28T06:42:10","slug":"hartmetall-kaltstauchwerkzeuge","status":"publish","type":"product","link":"https:\/\/www.asiadies.com\/index.php\/de\/product\/hartmetall-kaltstauchwerkzeuge\/","title":{"rendered":"Hartmetall-Kaltstauchwerkzeuge"},"content":{"rendered":"<p><img loading=\"lazy\" class=\"alignnone size-full wp-image-5265\" src=\"https:\/\/www.asiadies.com\/wp-content\/uploads\/2021\/09\/tungsten-carbide-cold-heading-dies-7.jpg\" alt=\"\" width=\"750\" height=\"750\" srcset=\"https:\/\/www.asiadies.com\/wp-content\/uploads\/2021\/09\/tungsten-carbide-cold-heading-dies-7.jpg 750w, https:\/\/www.asiadies.com\/wp-content\/uploads\/2021\/09\/tungsten-carbide-cold-heading-dies-7-300x300.jpg 300w, https:\/\/www.asiadies.com\/wp-content\/uploads\/2021\/09\/tungsten-carbide-cold-heading-dies-7-150x150.jpg 150w, https:\/\/www.asiadies.com\/wp-content\/uploads\/2021\/09\/tungsten-carbide-cold-heading-dies-7-600x600.jpg 600w, https:\/\/www.asiadies.com\/wp-content\/uploads\/2021\/09\/tungsten-carbide-cold-heading-dies-7-100x100.jpg 100w\" sizes=\"(max-width: 750px) 100vw, 750px\" \/><\/p>\n<p><img loading=\"lazy\" class=\"alignnone size-full wp-image-5266\" src=\"https:\/\/www.asiadies.com\/wp-content\/uploads\/2021\/09\/tungsten-carbide-cold-heading-dies-2-3.jpg\" alt=\"\" width=\"750\" height=\"750\" srcset=\"https:\/\/www.asiadies.com\/wp-content\/uploads\/2021\/09\/tungsten-carbide-cold-heading-dies-2-3.jpg 750w, https:\/\/www.asiadies.com\/wp-content\/uploads\/2021\/09\/tungsten-carbide-cold-heading-dies-2-3-300x300.jpg 300w, https:\/\/www.asiadies.com\/wp-content\/uploads\/2021\/09\/tungsten-carbide-cold-heading-dies-2-3-150x150.jpg 150w, https:\/\/www.asiadies.com\/wp-content\/uploads\/2021\/09\/tungsten-carbide-cold-heading-dies-2-3-600x600.jpg 600w, https:\/\/www.asiadies.com\/wp-content\/uploads\/2021\/09\/tungsten-carbide-cold-heading-dies-2-3-100x100.jpg 100w\" sizes=\"(max-width: 750px) 100vw, 750px\" \/><\/p>\n<p><img loading=\"lazy\" class=\"alignnone size-full wp-image-5267\" src=\"https:\/\/www.asiadies.com\/wp-content\/uploads\/2021\/09\/tungsten-carbide-cold-heading-dies-3-3.jpg\" alt=\"\" width=\"750\" height=\"1500\" srcset=\"https:\/\/www.asiadies.com\/wp-content\/uploads\/2021\/09\/tungsten-carbide-cold-heading-dies-3-3.jpg 750w, https:\/\/www.asiadies.com\/wp-content\/uploads\/2021\/09\/tungsten-carbide-cold-heading-dies-3-3-150x300.jpg 150w, https:\/\/www.asiadies.com\/wp-content\/uploads\/2021\/09\/tungsten-carbide-cold-heading-dies-3-3-512x1024.jpg 512w, https:\/\/www.asiadies.com\/wp-content\/uploads\/2021\/09\/tungsten-carbide-cold-heading-dies-3-3-600x1200.jpg 600w\" sizes=\"(max-width: 750px) 100vw, 750px\" \/><\/p>\n<p><img loading=\"lazy\" class=\"alignnone size-full wp-image-5268\" src=\"https:\/\/www.asiadies.com\/wp-content\/uploads\/2021\/09\/tungsten-carbide-cold-heading-dies-4-1.jpg\" alt=\"\" width=\"750\" height=\"1500\" srcset=\"https:\/\/www.asiadies.com\/wp-content\/uploads\/2021\/09\/tungsten-carbide-cold-heading-dies-4-1.jpg 750w, https:\/\/www.asiadies.com\/wp-content\/uploads\/2021\/09\/tungsten-carbide-cold-heading-dies-4-1-150x300.jpg 150w, https:\/\/www.asiadies.com\/wp-content\/uploads\/2021\/09\/tungsten-carbide-cold-heading-dies-4-1-512x1024.jpg 512w, https:\/\/www.asiadies.com\/wp-content\/uploads\/2021\/09\/tungsten-carbide-cold-heading-dies-4-1-600x1200.jpg 600w\" sizes=\"(max-width: 750px) 100vw, 750px\" \/><\/p>\n<p><img loading=\"lazy\" class=\"alignnone size-full wp-image-5269\" src=\"https:\/\/www.asiadies.com\/wp-content\/uploads\/2021\/09\/tungsten-carbide-cold-heading-dies-5-1.jpg\" alt=\"\" width=\"750\" height=\"1500\" srcset=\"https:\/\/www.asiadies.com\/wp-content\/uploads\/2021\/09\/tungsten-carbide-cold-heading-dies-5-1.jpg 750w, https:\/\/www.asiadies.com\/wp-content\/uploads\/2021\/09\/tungsten-carbide-cold-heading-dies-5-1-150x300.jpg 150w, https:\/\/www.asiadies.com\/wp-content\/uploads\/2021\/09\/tungsten-carbide-cold-heading-dies-5-1-512x1024.jpg 512w, https:\/\/www.asiadies.com\/wp-content\/uploads\/2021\/09\/tungsten-carbide-cold-heading-dies-5-1-600x1200.jpg 600w\" sizes=\"(max-width: 750px) 100vw, 750px\" \/><img loading=\"lazy\" class=\"alignnone size-full wp-image-5270\" src=\"https:\/\/www.asiadies.com\/wp-content\/uploads\/2021\/09\/tungsten-carbide-cold-heading-dies-6-1.jpg\" alt=\"\" width=\"750\" height=\"750\" srcset=\"https:\/\/www.asiadies.com\/wp-content\/uploads\/2021\/09\/tungsten-carbide-cold-heading-dies-6-1.jpg 750w, https:\/\/www.asiadies.com\/wp-content\/uploads\/2021\/09\/tungsten-carbide-cold-heading-dies-6-1-300x300.jpg 300w, https:\/\/www.asiadies.com\/wp-content\/uploads\/2021\/09\/tungsten-carbide-cold-heading-dies-6-1-150x150.jpg 150w, https:\/\/www.asiadies.com\/wp-content\/uploads\/2021\/09\/tungsten-carbide-cold-heading-dies-6-1-600x600.jpg 600w, https:\/\/www.asiadies.com\/wp-content\/uploads\/2021\/09\/tungsten-carbide-cold-heading-dies-6-1-100x100.jpg 100w\" sizes=\"(max-width: 750px) 100vw, 750px\" \/><\/p>\n<!-- AddThis Advanced Settings generic via filter on the_content --><!-- AddThis Share Buttons generic via filter on the_content -->","protected":false},"excerpt":{"rendered":"<p>Mindestbestellmenge: 1 St\u00fcck<\/p>\n<p>Monatliche Produktionskapazit\u00e4t: 1000-2000 St\u00fcck<\/p>\n<p>Herkunft des Materials\uff1aFuji Japan \/ Ceratizit \/ Chunbao TaiWan \/ Others<\/p>\n<p>Marke: Asia Dies<\/p>\n<p>Verarbeitung: kann angepasst werden<!-- AddThis Advanced Settings generic via filter on get_the_excerpt --><!-- AddThis Share Buttons generic via filter on get_the_excerpt --><\/p>\n","protected":false},"featured_media":5272,"template":"","meta":[],"product_cat":[709,719],"product_tag":[],"yoast_head":"<!-- This site is optimized with the Yoast SEO plugin v17.0 - https:\/\/yoast.com\/wordpress\/plugins\/seo\/ -->\n<title>Hartmetall-Kaltstauchwerkzeuge |<\/title>\n<meta name=\"robots\" content=\"index, follow, max-snippet:-1, max-image-preview:large, max-video-preview:-1\" \/>\n<link rel=\"canonical\" href=\"https:\/\/www.asiadies.com\/index.php\/de\/product\/hartmetall-kaltstauchwerkzeuge\/\" \/>\n<meta property=\"og:locale\" content=\"en_US\" \/>\n<meta property=\"og:type\" content=\"article\" \/>\n<meta property=\"og:title\" content=\"Hartmetall-Kaltstauchwerkzeuge |\" \/>\n<meta property=\"og:description\" content=\"Mindestbestellmenge: 1 St\u00fcck  Monatliche Produktionskapazit\u00e4t: 1000-2000 St\u00fcck  Herkunft des Materials\uff1aFuji Japan \/ Ceratizit \/ Chunbao TaiWan \/ Others  Marke: Asia Dies  Verarbeitung: kann angepasst werden\" \/>\n<meta property=\"og:url\" content=\"https:\/\/www.asiadies.com\/index.php\/de\/product\/hartmetall-kaltstauchwerkzeuge\/\" \/>\n<meta property=\"article:modified_time\" content=\"2021-09-28T06:42:10+00:00\" \/>\n<meta property=\"og:image\" content=\"https:\/\/asiadies.yuanjie.online\/wp-content\/uploads\/2021\/09\/088AEA91-5A8E-41a3-898F-4AB9507AA07E-1.png\" \/>\n\t<meta property=\"og:image:width\" content=\"612\" \/>\n\t<meta property=\"og:image:height\" content=\"612\" \/>\n<meta name=\"twitter:card\" content=\"summary_large_image\" \/>\n<meta name=\"twitter:label1\" content=\"Est. reading time\" \/>\n\t<meta name=\"twitter:data1\" content=\"2 minutes\" \/>\n<script type=\"application\/ld+json\" class=\"yoast-schema-graph\">{\"@context\":\"https:\/\/schema.org\",\"@graph\":[{\"@type\":\"Organization\",\"@id\":\"https:\/\/www.asiadies.com\/#organization\",\"name\":\"Asia Dies Tools\",\"url\":\"https:\/\/www.asiadies.com\/\",\"sameAs\":[],\"logo\":{\"@type\":\"ImageObject\",\"@id\":\"https:\/\/www.asiadies.com\/#logo\",\"inLanguage\":\"en-US\",\"url\":\"https:\/\/www.asiadies.com\/wp-content\/uploads\/2021\/08\/Home-Logo-1Home-Top-Left-ratio-3-1.png\",\"contentUrl\":\"https:\/\/www.asiadies.com\/wp-content\/uploads\/2021\/08\/Home-Logo-1Home-Top-Left-ratio-3-1.png\",\"width\":2000,\"height\":666,\"caption\":\"Asia Dies Tools\"},\"image\":{\"@id\":\"https:\/\/www.asiadies.com\/#logo\"}},{\"@type\":\"WebSite\",\"@id\":\"https:\/\/www.asiadies.com\/#website\",\"url\":\"https:\/\/www.asiadies.com\/\",\"name\":\"ASIA DIES\",\"description\":\"Professional hardware service provider\",\"publisher\":{\"@id\":\"https:\/\/www.asiadies.com\/#organization\"},\"potentialAction\":[{\"@type\":\"SearchAction\",\"target\":{\"@type\":\"EntryPoint\",\"urlTemplate\":\"https:\/\/www.asiadies.com\/?s={search_term_string}\"},\"query-input\":\"required name=search_term_string\"}],\"inLanguage\":\"en-US\"},{\"@type\":\"ImageObject\",\"@id\":\"https:\/\/www.asiadies.com\/index.php\/de\/product\/hartmetall-kaltstauchwerkzeuge\/#primaryimage\",\"inLanguage\":\"en-US\",\"url\":\"https:\/\/www.asiadies.com\/wp-content\/uploads\/2021\/09\/088AEA91-5A8E-41a3-898F-4AB9507AA07E-1.png\",\"contentUrl\":\"https:\/\/www.asiadies.com\/wp-content\/uploads\/2021\/09\/088AEA91-5A8E-41a3-898F-4AB9507AA07E-1.png\",\"width\":612,\"height\":612,\"caption\":\"AsiaDies- Fastener Mold Dies Coated\"},{\"@type\":\"WebPage\",\"@id\":\"https:\/\/www.asiadies.com\/index.php\/de\/product\/hartmetall-kaltstauchwerkzeuge\/#webpage\",\"url\":\"https:\/\/www.asiadies.com\/index.php\/de\/product\/hartmetall-kaltstauchwerkzeuge\/\",\"name\":\"Hartmetall-Kaltstauchwerkzeuge |\",\"isPartOf\":{\"@id\":\"https:\/\/www.asiadies.com\/#website\"},\"primaryImageOfPage\":{\"@id\":\"https:\/\/www.asiadies.com\/index.php\/de\/product\/hartmetall-kaltstauchwerkzeuge\/#primaryimage\"},\"datePublished\":\"2021-09-23T10:45:41+00:00\",\"dateModified\":\"2021-09-28T06:42:10+00:00\",\"breadcrumb\":{\"@id\":\"https:\/\/www.asiadies.com\/index.php\/de\/product\/hartmetall-kaltstauchwerkzeuge\/#breadcrumb\"},\"inLanguage\":\"en-US\",\"potentialAction\":[{\"@type\":\"ReadAction\",\"target\":[\"https:\/\/www.asiadies.com\/index.php\/de\/product\/hartmetall-kaltstauchwerkzeuge\/\"]}]},{\"@type\":\"BreadcrumbList\",\"@id\":\"https:\/\/www.asiadies.com\/index.php\/de\/product\/hartmetall-kaltstauchwerkzeuge\/#breadcrumb\",\"itemListElement\":[{\"@type\":\"ListItem\",\"position\":1,\"name\":\"Home\",\"item\":\"https:\/\/www.asiadies.com\/index.php\/en\/home\/\"},{\"@type\":\"ListItem\",\"position\":2,\"name\":\"Products\",\"item\":\"https:\/\/www.asiadies.com\/index.php\/pt\/products\/\"},{\"@type\":\"ListItem\",\"position\":3,\"name\":\"Hartmetall-Kaltstauchwerkzeuge\"}]}]}<\/script>\n<!-- \/ Yoast SEO plugin. -->","yoast_head_json":{"title":"Hartmetall-Kaltstauchwerkzeuge |","robots":{"index":"index","follow":"follow","max-snippet":"max-snippet:-1","max-image-preview":"max-image-preview:large","max-video-preview":"max-video-preview:-1"},"canonical":"https:\/\/www.asiadies.com\/index.php\/de\/product\/hartmetall-kaltstauchwerkzeuge\/","og_locale":"en_US","og_type":"article","og_title":"Hartmetall-Kaltstauchwerkzeuge |","og_description":"Mindestbestellmenge: 1 St\u00fcck  Monatliche Produktionskapazit\u00e4t: 1000-2000 St\u00fcck  Herkunft des Materials\uff1aFuji Japan \/ Ceratizit \/ Chunbao TaiWan \/ Others  Marke: Asia Dies  Verarbeitung: kann angepasst werden","og_url":"https:\/\/www.asiadies.com\/index.php\/de\/product\/hartmetall-kaltstauchwerkzeuge\/","article_modified_time":"2021-09-28T06:42:10+00:00","og_image":[{"width":612,"height":612,"url":"https:\/\/asiadies.yuanjie.online\/wp-content\/uploads\/2021\/09\/088AEA91-5A8E-41a3-898F-4AB9507AA07E-1.png","path":"\/var\/www\/html\/www.asiadies.com\/wp-content\/uploads\/2021\/09\/088AEA91-5A8E-41a3-898F-4AB9507AA07E-1.png","size":"full","id":5272,"alt":"","pixels":374544,"type":"image\/png"}],"twitter_card":"summary_large_image","twitter_misc":{"Est. reading time":"2 minutes"},"schema":{"@context":"https:\/\/schema.org","@graph":[{"@type":"Organization","@id":"https:\/\/www.asiadies.com\/#organization","name":"Asia Dies Tools","url":"https:\/\/www.asiadies.com\/","sameAs":[],"logo":{"@type":"ImageObject","@id":"https:\/\/www.asiadies.com\/#logo","inLanguage":"en-US","url":"https:\/\/www.asiadies.com\/wp-content\/uploads\/2021\/08\/Home-Logo-1Home-Top-Left-ratio-3-1.png","contentUrl":"https:\/\/www.asiadies.com\/wp-content\/uploads\/2021\/08\/Home-Logo-1Home-Top-Left-ratio-3-1.png","width":2000,"height":666,"caption":"Asia Dies Tools"},"image":{"@id":"https:\/\/www.asiadies.com\/#logo"}},{"@type":"WebSite","@id":"https:\/\/www.asiadies.com\/#website","url":"https:\/\/www.asiadies.com\/","name":"ASIA DIES","description":"Professional hardware service provider","publisher":{"@id":"https:\/\/www.asiadies.com\/#organization"},"potentialAction":[{"@type":"SearchAction","target":{"@type":"EntryPoint","urlTemplate":"https:\/\/www.asiadies.com\/?s={search_term_string}"},"query-input":"required name=search_term_string"}],"inLanguage":"en-US"},{"@type":"ImageObject","@id":"https:\/\/www.asiadies.com\/index.php\/de\/product\/hartmetall-kaltstauchwerkzeuge\/#primaryimage","inLanguage":"en-US","url":"https:\/\/www.asiadies.com\/wp-content\/uploads\/2021\/09\/088AEA91-5A8E-41a3-898F-4AB9507AA07E-1.png","contentUrl":"https:\/\/www.asiadies.com\/wp-content\/uploads\/2021\/09\/088AEA91-5A8E-41a3-898F-4AB9507AA07E-1.png","width":612,"height":612,"caption":"AsiaDies- Fastener Mold Dies Coated"},{"@type":"WebPage","@id":"https:\/\/www.asiadies.com\/index.php\/de\/product\/hartmetall-kaltstauchwerkzeuge\/#webpage","url":"https:\/\/www.asiadies.com\/index.php\/de\/product\/hartmetall-kaltstauchwerkzeuge\/","name":"Hartmetall-Kaltstauchwerkzeuge |","isPartOf":{"@id":"https:\/\/www.asiadies.com\/#website"},"primaryImageOfPage":{"@id":"https:\/\/www.asiadies.com\/index.php\/de\/product\/hartmetall-kaltstauchwerkzeuge\/#primaryimage"},"datePublished":"2021-09-23T10:45:41+00:00","dateModified":"2021-09-28T06:42:10+00:00","breadcrumb":{"@id":"https:\/\/www.asiadies.com\/index.php\/de\/product\/hartmetall-kaltstauchwerkzeuge\/#breadcrumb"},"inLanguage":"en-US","potentialAction":[{"@type":"ReadAction","target":["https:\/\/www.asiadies.com\/index.php\/de\/product\/hartmetall-kaltstauchwerkzeuge\/"]}]},{"@type":"BreadcrumbList","@id":"https:\/\/www.asiadies.com\/index.php\/de\/product\/hartmetall-kaltstauchwerkzeuge\/#breadcrumb","itemListElement":[{"@type":"ListItem","position":1,"name":"Home","item":"https:\/\/www.asiadies.com\/index.php\/en\/home\/"},{"@type":"ListItem","position":2,"name":"Products","item":"https:\/\/www.asiadies.com\/index.php\/pt\/products\/"},{"@type":"ListItem","position":3,"name":"Hartmetall-Kaltstauchwerkzeuge"}]}]}},"_links":{"self":[{"href":"https:\/\/www.asiadies.com\/index.php\/wp-json\/wp\/v2\/product\/5290"}],"collection":[{"href":"https:\/\/www.asiadies.com\/index.php\/wp-json\/wp\/v2\/product"}],"about":[{"href":"https:\/\/www.asiadies.com\/index.php\/wp-json\/wp\/v2\/types\/product"}],"version-history":[{"count":2,"href":"https:\/\/www.asiadies.com\/index.php\/wp-json\/wp\/v2\/product\/5290\/revisions"}],"predecessor-version":[{"id":5730,"href":"https:\/\/www.asiadies.com\/index.php\/wp-json\/wp\/v2\/product\/5290\/revisions\/5730"}],"wp:featuredmedia":[{"embeddable":true,"href":"https:\/\/www.asiadies.com\/index.php\/wp-json\/wp\/v2\/media\/5272"}],"wp:attachment":[{"href":"https:\/\/www.asiadies.com\/index.php\/wp-json\/wp\/v2\/media?parent=5290"}],"wp:term":[{"taxonomy":"product_cat","embeddable":true,"href":"https:\/\/www.asiadies.com\/index.php\/wp-json\/wp\/v2\/product_cat?post=5290"},{"taxonomy":"product_tag","embeddable":true,"href":"https:\/\/www.asiadies.com\/index.php\/wp-json\/wp\/v2\/product_tag?post=5290"}],"curies":[{"name":"wp","href":"https:\/\/api.w.org\/{rel}","templated":true}]}}