{"id":5214,"date":"2021-09-23T16:31:42","date_gmt":"2021-09-23T08:31:42","guid":{"rendered":"https:\/\/www.asiadies.com\/?post_type=product&#038;p=5214"},"modified":"2021-09-29T17:16:58","modified_gmt":"2021-09-29T09:16:58","slug":"troqueles-de-carburo-en-frio","status":"publish","type":"product","link":"https:\/\/www.asiadies.com\/index.php\/es\/product\/troqueles-de-carburo-en-frio\/","title":{"rendered":"Troqueles de carburo en fr\u00edo"},"content":{"rendered":"<p><img loading=\"lazy\" class=\"size-full wp-image-4211\" src=\"https:\/\/www.asiadies.com\/wp-content\/uploads\/2021\/09\/carbide-cold-heading-dies.jpg\" alt=\"carbide cold heading dies\" width=\"750\" height=\"750\" \/><\/p>\n<p><img loading=\"lazy\" class=\"size-full wp-image-4212\" src=\"https:\/\/www.asiadies.com\/wp-content\/uploads\/2021\/09\/carbide-cold-heading-dies-3.jpg\" alt=\"carbide cold heading dies\" width=\"750\" height=\"1500\" \/><\/p>\n<p><img loading=\"lazy\" class=\"size-full wp-image-4213\" src=\"https:\/\/www.asiadies.com\/wp-content\/uploads\/2021\/09\/carbide-cold-heading-dies-2.jpg\" alt=\"carbide cold heading dies\" width=\"750\" height=\"750\" \/><\/p>\n<p><img loading=\"lazy\" class=\"size-full wp-image-4214\" src=\"https:\/\/www.asiadies.com\/wp-content\/uploads\/2021\/09\/carbide-cold-heading-dies-5.jpg\" alt=\"carbide cold heading dies\" width=\"750\" height=\"1500\" \/><\/p>\n<p><img loading=\"lazy\" class=\"size-full wp-image-4215\" src=\"https:\/\/www.asiadies.com\/wp-content\/uploads\/2021\/09\/carbide-cold-heading-dies-4.jpg\" alt=\"carbide cold heading dies\" width=\"750\" height=\"1500\" \/><\/p>\n<p><img loading=\"lazy\" class=\"size-full wp-image-4216\" src=\"https:\/\/www.asiadies.com\/wp-content\/uploads\/2021\/09\/carbide-cold-heading-dies-6.jpg\" alt=\"carbide cold heading dies\" width=\"750\" height=\"750\" \/><\/p>\n<p>&nbsp;<\/p>\n<!-- AddThis Advanced Settings generic via filter on the_content --><!-- AddThis Share Buttons generic via filter on the_content -->","protected":false},"excerpt":{"rendered":"<p style=\"text-align: left;\">Cantidad de orden m\u00ednima: 1PCS<\/p>\n<p style=\"text-align: left;\">Capacidad de producci\u00f3n mensual: 1000-2000 piezas<\/p>\n<p style=\"text-align: left;\">Origen del material\uff1aFuji Japan \/ Ceratizit \/ Chunbao TaiWan \/ Others<\/p>\n<p style=\"text-align: left;\">Marca: Asia Dies<\/p>\n<p style=\"text-align: left;\">Procesamiento: se puede personalizar<\/p>\n<p style=\"text-align: left;\">Proceso: pulido moldeado (pulido fluido)<\/p>\n<p><!-- AddThis Advanced Settings generic via filter on get_the_excerpt --><!-- AddThis Share Buttons generic via filter on get_the_excerpt --><\/p>\n","protected":false},"featured_media":4218,"template":"","meta":[],"product_cat":[775],"product_tag":[],"yoast_head":"<!-- This site is optimized with the Yoast SEO plugin v17.0 - https:\/\/yoast.com\/wordpress\/plugins\/seo\/ -->\n<title>Troqueles de carburo en fr\u00edo |<\/title>\n<meta name=\"robots\" content=\"index, follow, max-snippet:-1, max-image-preview:large, max-video-preview:-1\" \/>\n<link rel=\"canonical\" href=\"https:\/\/www.asiadies.com\/index.php\/es\/product\/troqueles-de-carburo-en-frio\/\" \/>\n<meta property=\"og:locale\" content=\"en_US\" \/>\n<meta property=\"og:type\" content=\"article\" \/>\n<meta property=\"og:title\" content=\"Troqueles de carburo en fr\u00edo |\" \/>\n<meta property=\"og:description\" content=\"Cantidad de orden m\u00ednima: 1PCS Capacidad de producci\u00f3n mensual: 1000-2000 piezas Origen del material\uff1aFuji Japan \/ Ceratizit \/ Chunbao TaiWan \/ Others Marca: Asia Dies Procesamiento: se puede personalizar Proceso: pulido moldeado (pulido fluido)\" \/>\n<meta property=\"og:url\" content=\"https:\/\/www.asiadies.com\/index.php\/es\/product\/troqueles-de-carburo-en-frio\/\" \/>\n<meta property=\"article:modified_time\" content=\"2021-09-29T09:16:58+00:00\" \/>\n<meta property=\"og:image\" content=\"https:\/\/asiadies.yuanjie.online\/wp-content\/uploads\/2021\/09\/B6A3616.jpg\" \/>\n\t<meta property=\"og:image:width\" content=\"600\" \/>\n\t<meta property=\"og:image:height\" content=\"600\" \/>\n<meta name=\"twitter:card\" content=\"summary_large_image\" \/>\n<script type=\"application\/ld+json\" class=\"yoast-schema-graph\">{\"@context\":\"https:\/\/schema.org\",\"@graph\":[{\"@type\":\"Organization\",\"@id\":\"https:\/\/www.asiadies.com\/#organization\",\"name\":\"Asia Dies Tools\",\"url\":\"https:\/\/www.asiadies.com\/\",\"sameAs\":[],\"logo\":{\"@type\":\"ImageObject\",\"@id\":\"https:\/\/www.asiadies.com\/#logo\",\"inLanguage\":\"en-US\",\"url\":\"https:\/\/www.asiadies.com\/wp-content\/uploads\/2021\/08\/Home-Logo-1Home-Top-Left-ratio-3-1.png\",\"contentUrl\":\"https:\/\/www.asiadies.com\/wp-content\/uploads\/2021\/08\/Home-Logo-1Home-Top-Left-ratio-3-1.png\",\"width\":2000,\"height\":666,\"caption\":\"Asia Dies Tools\"},\"image\":{\"@id\":\"https:\/\/www.asiadies.com\/#logo\"}},{\"@type\":\"WebSite\",\"@id\":\"https:\/\/www.asiadies.com\/#website\",\"url\":\"https:\/\/www.asiadies.com\/\",\"name\":\"ASIA DIES\",\"description\":\"Professional hardware service provider\",\"publisher\":{\"@id\":\"https:\/\/www.asiadies.com\/#organization\"},\"potentialAction\":[{\"@type\":\"SearchAction\",\"target\":{\"@type\":\"EntryPoint\",\"urlTemplate\":\"https:\/\/www.asiadies.com\/?s={search_term_string}\"},\"query-input\":\"required name=search_term_string\"}],\"inLanguage\":\"en-US\"},{\"@type\":\"ImageObject\",\"@id\":\"https:\/\/www.asiadies.com\/index.php\/es\/product\/troqueles-de-carburo-en-frio\/#primaryimage\",\"inLanguage\":\"en-US\",\"url\":\"https:\/\/www.asiadies.com\/wp-content\/uploads\/2021\/09\/B6A3616.jpg\",\"contentUrl\":\"https:\/\/www.asiadies.com\/wp-content\/uploads\/2021\/09\/B6A3616.jpg\",\"width\":600,\"height\":600,\"caption\":\"Asia Dies Hartmetall-Kaltstauchd\\u00fcsen\"},{\"@type\":\"WebPage\",\"@id\":\"https:\/\/www.asiadies.com\/index.php\/es\/product\/troqueles-de-carburo-en-frio\/#webpage\",\"url\":\"https:\/\/www.asiadies.com\/index.php\/es\/product\/troqueles-de-carburo-en-frio\/\",\"name\":\"Troqueles de carburo en fr\\u00edo |\",\"isPartOf\":{\"@id\":\"https:\/\/www.asiadies.com\/#website\"},\"primaryImageOfPage\":{\"@id\":\"https:\/\/www.asiadies.com\/index.php\/es\/product\/troqueles-de-carburo-en-frio\/#primaryimage\"},\"datePublished\":\"2021-09-23T08:31:42+00:00\",\"dateModified\":\"2021-09-29T09:16:58+00:00\",\"breadcrumb\":{\"@id\":\"https:\/\/www.asiadies.com\/index.php\/es\/product\/troqueles-de-carburo-en-frio\/#breadcrumb\"},\"inLanguage\":\"en-US\",\"potentialAction\":[{\"@type\":\"ReadAction\",\"target\":[\"https:\/\/www.asiadies.com\/index.php\/es\/product\/troqueles-de-carburo-en-frio\/\"]}]},{\"@type\":\"BreadcrumbList\",\"@id\":\"https:\/\/www.asiadies.com\/index.php\/es\/product\/troqueles-de-carburo-en-frio\/#breadcrumb\",\"itemListElement\":[{\"@type\":\"ListItem\",\"position\":1,\"name\":\"Home\",\"item\":\"https:\/\/www.asiadies.com\/index.php\/en\/home\/\"},{\"@type\":\"ListItem\",\"position\":2,\"name\":\"Products\",\"item\":\"https:\/\/www.asiadies.com\/index.php\/pt\/products\/\"},{\"@type\":\"ListItem\",\"position\":3,\"name\":\"Troqueles de carburo en fr\\u00edo\"}]}]}<\/script>\n<!-- \/ Yoast SEO plugin. -->","yoast_head_json":{"title":"Troqueles de carburo en fr\u00edo |","robots":{"index":"index","follow":"follow","max-snippet":"max-snippet:-1","max-image-preview":"max-image-preview:large","max-video-preview":"max-video-preview:-1"},"canonical":"https:\/\/www.asiadies.com\/index.php\/es\/product\/troqueles-de-carburo-en-frio\/","og_locale":"en_US","og_type":"article","og_title":"Troqueles de carburo en fr\u00edo |","og_description":"Cantidad de orden m\u00ednima: 1PCS Capacidad de producci\u00f3n mensual: 1000-2000 piezas Origen del material\uff1aFuji Japan \/ Ceratizit \/ Chunbao TaiWan \/ Others Marca: Asia Dies Procesamiento: se puede personalizar Proceso: pulido moldeado (pulido fluido)","og_url":"https:\/\/www.asiadies.com\/index.php\/es\/product\/troqueles-de-carburo-en-frio\/","article_modified_time":"2021-09-29T09:16:58+00:00","og_image":[{"width":600,"height":600,"url":"https:\/\/asiadies.yuanjie.online\/wp-content\/uploads\/2021\/09\/B6A3616.jpg","path":"\/var\/www\/html\/www.asiadies.com\/wp-content\/uploads\/2021\/09\/B6A3616.jpg","size":"full","id":4218,"alt":"Asia Dies Hartmetall-Kaltstauchd\u00fcsen","pixels":360000,"type":"image\/jpeg"}],"twitter_card":"summary_large_image","schema":{"@context":"https:\/\/schema.org","@graph":[{"@type":"Organization","@id":"https:\/\/www.asiadies.com\/#organization","name":"Asia Dies Tools","url":"https:\/\/www.asiadies.com\/","sameAs":[],"logo":{"@type":"ImageObject","@id":"https:\/\/www.asiadies.com\/#logo","inLanguage":"en-US","url":"https:\/\/www.asiadies.com\/wp-content\/uploads\/2021\/08\/Home-Logo-1Home-Top-Left-ratio-3-1.png","contentUrl":"https:\/\/www.asiadies.com\/wp-content\/uploads\/2021\/08\/Home-Logo-1Home-Top-Left-ratio-3-1.png","width":2000,"height":666,"caption":"Asia Dies Tools"},"image":{"@id":"https:\/\/www.asiadies.com\/#logo"}},{"@type":"WebSite","@id":"https:\/\/www.asiadies.com\/#website","url":"https:\/\/www.asiadies.com\/","name":"ASIA DIES","description":"Professional hardware service provider","publisher":{"@id":"https:\/\/www.asiadies.com\/#organization"},"potentialAction":[{"@type":"SearchAction","target":{"@type":"EntryPoint","urlTemplate":"https:\/\/www.asiadies.com\/?s={search_term_string}"},"query-input":"required name=search_term_string"}],"inLanguage":"en-US"},{"@type":"ImageObject","@id":"https:\/\/www.asiadies.com\/index.php\/es\/product\/troqueles-de-carburo-en-frio\/#primaryimage","inLanguage":"en-US","url":"https:\/\/www.asiadies.com\/wp-content\/uploads\/2021\/09\/B6A3616.jpg","contentUrl":"https:\/\/www.asiadies.com\/wp-content\/uploads\/2021\/09\/B6A3616.jpg","width":600,"height":600,"caption":"Asia Dies Hartmetall-Kaltstauchd\u00fcsen"},{"@type":"WebPage","@id":"https:\/\/www.asiadies.com\/index.php\/es\/product\/troqueles-de-carburo-en-frio\/#webpage","url":"https:\/\/www.asiadies.com\/index.php\/es\/product\/troqueles-de-carburo-en-frio\/","name":"Troqueles de carburo en fr\u00edo |","isPartOf":{"@id":"https:\/\/www.asiadies.com\/#website"},"primaryImageOfPage":{"@id":"https:\/\/www.asiadies.com\/index.php\/es\/product\/troqueles-de-carburo-en-frio\/#primaryimage"},"datePublished":"2021-09-23T08:31:42+00:00","dateModified":"2021-09-29T09:16:58+00:00","breadcrumb":{"@id":"https:\/\/www.asiadies.com\/index.php\/es\/product\/troqueles-de-carburo-en-frio\/#breadcrumb"},"inLanguage":"en-US","potentialAction":[{"@type":"ReadAction","target":["https:\/\/www.asiadies.com\/index.php\/es\/product\/troqueles-de-carburo-en-frio\/"]}]},{"@type":"BreadcrumbList","@id":"https:\/\/www.asiadies.com\/index.php\/es\/product\/troqueles-de-carburo-en-frio\/#breadcrumb","itemListElement":[{"@type":"ListItem","position":1,"name":"Home","item":"https:\/\/www.asiadies.com\/index.php\/en\/home\/"},{"@type":"ListItem","position":2,"name":"Products","item":"https:\/\/www.asiadies.com\/index.php\/pt\/products\/"},{"@type":"ListItem","position":3,"name":"Troqueles de carburo en fr\u00edo"}]}]}},"_links":{"self":[{"href":"https:\/\/www.asiadies.com\/index.php\/wp-json\/wp\/v2\/product\/5214"}],"collection":[{"href":"https:\/\/www.asiadies.com\/index.php\/wp-json\/wp\/v2\/product"}],"about":[{"href":"https:\/\/www.asiadies.com\/index.php\/wp-json\/wp\/v2\/types\/product"}],"version-history":[{"count":3,"href":"https:\/\/www.asiadies.com\/index.php\/wp-json\/wp\/v2\/product\/5214\/revisions"}],"predecessor-version":[{"id":5986,"href":"https:\/\/www.asiadies.com\/index.php\/wp-json\/wp\/v2\/product\/5214\/revisions\/5986"}],"wp:featuredmedia":[{"embeddable":true,"href":"https:\/\/www.asiadies.com\/index.php\/wp-json\/wp\/v2\/media\/4218"}],"wp:attachment":[{"href":"https:\/\/www.asiadies.com\/index.php\/wp-json\/wp\/v2\/media?parent=5214"}],"wp:term":[{"taxonomy":"product_cat","embeddable":true,"href":"https:\/\/www.asiadies.com\/index.php\/wp-json\/wp\/v2\/product_cat?post=5214"},{"taxonomy":"product_tag","embeddable":true,"href":"https:\/\/www.asiadies.com\/index.php\/wp-json\/wp\/v2\/product_tag?post=5214"}],"curies":[{"name":"wp","href":"https:\/\/api.w.org\/{rel}","templated":true}]}}