{"id":5198,"date":"2021-09-23T16:11:43","date_gmt":"2021-09-23T08:11:43","guid":{"rendered":"https:\/\/www.asiadies.com\/?post_type=product&#038;p=5198"},"modified":"2021-09-29T17:19:39","modified_gmt":"2021-09-29T09:19:39","slug":"troqueles-de-trefilado-de-carburo-de-tungsteno","status":"publish","type":"product","link":"https:\/\/www.asiadies.com\/index.php\/es\/product\/troqueles-de-trefilado-de-carburo-de-tungsteno\/","title":{"rendered":"Troqueles de trefilado de carburo de tungsteno"},"content":{"rendered":"<p><img loading=\"lazy\" class=\"size-full wp-image-4291\" src=\"https:\/\/www.asiadies.com\/wp-content\/uploads\/2021\/09\/Tungsten-Carbide-Wire-drawing-dies.jpg\" alt=\"Tungsten Carbide Wire Drawing Dies\" width=\"750\" height=\"750\" \/><\/p>\n<p><img loading=\"lazy\" class=\"size-full wp-image-4292\" src=\"https:\/\/www.asiadies.com\/wp-content\/uploads\/2021\/09\/Tungsten-Carbide-Wire-drawing-dies-3.jpg\" alt=\"Tungsten Carbide Wire Drawing Dies\" width=\"750\" height=\"1500\" \/><\/p>\n<p><img loading=\"lazy\" class=\"size-full wp-image-4293\" src=\"https:\/\/www.asiadies.com\/wp-content\/uploads\/2021\/09\/Tungsten-Carbide-Wire-drawing-dies-2.jpg\" alt=\"Tungsten Carbide Wire Drawing Dies\" width=\"750\" height=\"750\" \/><\/p>\n<p><img loading=\"lazy\" class=\"size-full wp-image-4294\" src=\"https:\/\/www.asiadies.com\/wp-content\/uploads\/2021\/09\/Tungsten-Carbide-Wire-drawing-dies-5.jpg\" alt=\"Tungsten Carbide Wire Drawing Dies\" width=\"750\" height=\"1500\" \/><\/p>\n<p><img loading=\"lazy\" class=\"alignnone size-full wp-image-4295\" src=\"https:\/\/www.asiadies.com\/wp-content\/uploads\/2021\/09\/Tungsten-Carbide-Wire-drawing-dies-4.jpg\" alt=\"\" width=\"750\" height=\"1500\" \/><img loading=\"lazy\" class=\"alignnone size-full wp-image-4296\" src=\"https:\/\/www.asiadies.com\/wp-content\/uploads\/2021\/09\/Tungsten-Carbide-Wire-drawing-dies-6.jpg\" alt=\"Tungsten Carbide Wire Drawing Dies\" width=\"750\" height=\"750\" \/><\/p>\n<!-- AddThis Advanced Settings generic via filter on the_content --><!-- AddThis Share Buttons generic via filter on the_content -->","protected":false},"excerpt":{"rendered":"<p>Cantidad de orden m\u00ednima: 1PCS<br \/>\nCapacidad de producci\u00f3n mensual: 1000-2000 piezas<br \/>\nLugar de origen: Material Fuji y Ceratos + Taiw\u00e1n Chunbao<br \/>\nMarca: Asia muere<br \/>\nProcesamiento: se puede personalizar<br \/>\nProceso: pulido de espejo en \u00e1ngulo R Ra0.1<!-- AddThis Advanced Settings generic via filter on get_the_excerpt --><!-- AddThis Share Buttons generic via filter on get_the_excerpt --><\/p>\n","protected":false},"featured_media":4297,"template":"","meta":[],"product_cat":[767],"product_tag":[],"yoast_head":"<!-- This site is optimized with the Yoast SEO plugin v17.0 - https:\/\/yoast.com\/wordpress\/plugins\/seo\/ -->\n<title>Troqueles de trefilado de carburo de tungsteno |<\/title>\n<meta name=\"robots\" content=\"index, follow, max-snippet:-1, max-image-preview:large, max-video-preview:-1\" \/>\n<link rel=\"canonical\" href=\"https:\/\/www.asiadies.com\/index.php\/es\/product\/troqueles-de-trefilado-de-carburo-de-tungsteno\/\" \/>\n<meta property=\"og:locale\" content=\"en_US\" \/>\n<meta property=\"og:type\" content=\"article\" \/>\n<meta property=\"og:title\" content=\"Troqueles de trefilado de carburo de tungsteno |\" \/>\n<meta property=\"og:description\" content=\"Cantidad de orden m\u00ednima: 1PCS Capacidad de producci\u00f3n mensual: 1000-2000 piezas Lugar de origen: Material Fuji y Ceratos + Taiw\u00e1n Chunbao Marca: Asia muere Procesamiento: se puede personalizar Proceso: pulido de espejo en \u00e1ngulo R Ra0.1\" \/>\n<meta property=\"og:url\" content=\"https:\/\/www.asiadies.com\/index.php\/es\/product\/troqueles-de-trefilado-de-carburo-de-tungsteno\/\" \/>\n<meta property=\"article:modified_time\" content=\"2021-09-29T09:19:39+00:00\" \/>\n<meta property=\"og:image\" content=\"https:\/\/asiadies.yuanjie.online\/wp-content\/uploads\/2021\/09\/3026FBCA-EB0C-4190-829C-36FE615CA314.png\" \/>\n\t<meta property=\"og:image:width\" content=\"612\" \/>\n\t<meta property=\"og:image:height\" content=\"616\" \/>\n<meta name=\"twitter:card\" content=\"summary_large_image\" \/>\n<script type=\"application\/ld+json\" class=\"yoast-schema-graph\">{\"@context\":\"https:\/\/schema.org\",\"@graph\":[{\"@type\":\"Organization\",\"@id\":\"https:\/\/www.asiadies.com\/#organization\",\"name\":\"Asia Dies Tools\",\"url\":\"https:\/\/www.asiadies.com\/\",\"sameAs\":[],\"logo\":{\"@type\":\"ImageObject\",\"@id\":\"https:\/\/www.asiadies.com\/#logo\",\"inLanguage\":\"en-US\",\"url\":\"https:\/\/www.asiadies.com\/wp-content\/uploads\/2021\/08\/Home-Logo-1Home-Top-Left-ratio-3-1.png\",\"contentUrl\":\"https:\/\/www.asiadies.com\/wp-content\/uploads\/2021\/08\/Home-Logo-1Home-Top-Left-ratio-3-1.png\",\"width\":2000,\"height\":666,\"caption\":\"Asia Dies Tools\"},\"image\":{\"@id\":\"https:\/\/www.asiadies.com\/#logo\"}},{\"@type\":\"WebSite\",\"@id\":\"https:\/\/www.asiadies.com\/#website\",\"url\":\"https:\/\/www.asiadies.com\/\",\"name\":\"ASIA DIES\",\"description\":\"Professional hardware service provider\",\"publisher\":{\"@id\":\"https:\/\/www.asiadies.com\/#organization\"},\"potentialAction\":[{\"@type\":\"SearchAction\",\"target\":{\"@type\":\"EntryPoint\",\"urlTemplate\":\"https:\/\/www.asiadies.com\/?s={search_term_string}\"},\"query-input\":\"required name=search_term_string\"}],\"inLanguage\":\"en-US\"},{\"@type\":\"ImageObject\",\"@id\":\"https:\/\/www.asiadies.com\/index.php\/es\/product\/troqueles-de-trefilado-de-carburo-de-tungsteno\/#primaryimage\",\"inLanguage\":\"en-US\",\"url\":\"https:\/\/www.asiadies.com\/wp-content\/uploads\/2021\/09\/3026FBCA-EB0C-4190-829C-36FE615CA314.png\",\"contentUrl\":\"https:\/\/www.asiadies.com\/wp-content\/uploads\/2021\/09\/3026FBCA-EB0C-4190-829C-36FE615CA314.png\",\"width\":612,\"height\":616,\"caption\":\"Troqueles de trefilado de carburo de tungsteno\"},{\"@type\":\"WebPage\",\"@id\":\"https:\/\/www.asiadies.com\/index.php\/es\/product\/troqueles-de-trefilado-de-carburo-de-tungsteno\/#webpage\",\"url\":\"https:\/\/www.asiadies.com\/index.php\/es\/product\/troqueles-de-trefilado-de-carburo-de-tungsteno\/\",\"name\":\"Troqueles de trefilado de carburo de tungsteno |\",\"isPartOf\":{\"@id\":\"https:\/\/www.asiadies.com\/#website\"},\"primaryImageOfPage\":{\"@id\":\"https:\/\/www.asiadies.com\/index.php\/es\/product\/troqueles-de-trefilado-de-carburo-de-tungsteno\/#primaryimage\"},\"datePublished\":\"2021-09-23T08:11:43+00:00\",\"dateModified\":\"2021-09-29T09:19:39+00:00\",\"breadcrumb\":{\"@id\":\"https:\/\/www.asiadies.com\/index.php\/es\/product\/troqueles-de-trefilado-de-carburo-de-tungsteno\/#breadcrumb\"},\"inLanguage\":\"en-US\",\"potentialAction\":[{\"@type\":\"ReadAction\",\"target\":[\"https:\/\/www.asiadies.com\/index.php\/es\/product\/troqueles-de-trefilado-de-carburo-de-tungsteno\/\"]}]},{\"@type\":\"BreadcrumbList\",\"@id\":\"https:\/\/www.asiadies.com\/index.php\/es\/product\/troqueles-de-trefilado-de-carburo-de-tungsteno\/#breadcrumb\",\"itemListElement\":[{\"@type\":\"ListItem\",\"position\":1,\"name\":\"Home\",\"item\":\"https:\/\/www.asiadies.com\/index.php\/en\/home\/\"},{\"@type\":\"ListItem\",\"position\":2,\"name\":\"Products\",\"item\":\"https:\/\/www.asiadies.com\/index.php\/pt\/products\/\"},{\"@type\":\"ListItem\",\"position\":3,\"name\":\"Troqueles de trefilado de carburo de tungsteno\"}]}]}<\/script>\n<!-- \/ Yoast SEO plugin. -->","yoast_head_json":{"title":"Troqueles de trefilado de carburo de tungsteno |","robots":{"index":"index","follow":"follow","max-snippet":"max-snippet:-1","max-image-preview":"max-image-preview:large","max-video-preview":"max-video-preview:-1"},"canonical":"https:\/\/www.asiadies.com\/index.php\/es\/product\/troqueles-de-trefilado-de-carburo-de-tungsteno\/","og_locale":"en_US","og_type":"article","og_title":"Troqueles de trefilado de carburo de tungsteno |","og_description":"Cantidad de orden m\u00ednima: 1PCS Capacidad de producci\u00f3n mensual: 1000-2000 piezas Lugar de origen: Material Fuji y Ceratos + Taiw\u00e1n Chunbao Marca: Asia muere Procesamiento: se puede personalizar Proceso: pulido de espejo en \u00e1ngulo R Ra0.1","og_url":"https:\/\/www.asiadies.com\/index.php\/es\/product\/troqueles-de-trefilado-de-carburo-de-tungsteno\/","article_modified_time":"2021-09-29T09:19:39+00:00","og_image":[{"width":612,"height":616,"url":"https:\/\/asiadies.yuanjie.online\/wp-content\/uploads\/2021\/09\/3026FBCA-EB0C-4190-829C-36FE615CA314.png","path":"\/var\/www\/html\/www.asiadies.com\/wp-content\/uploads\/2021\/09\/3026FBCA-EB0C-4190-829C-36FE615CA314.png","size":"full","id":4297,"alt":"Troqueles de trefilado de carburo de tungsteno","pixels":376992,"type":"image\/png"}],"twitter_card":"summary_large_image","schema":{"@context":"https:\/\/schema.org","@graph":[{"@type":"Organization","@id":"https:\/\/www.asiadies.com\/#organization","name":"Asia Dies Tools","url":"https:\/\/www.asiadies.com\/","sameAs":[],"logo":{"@type":"ImageObject","@id":"https:\/\/www.asiadies.com\/#logo","inLanguage":"en-US","url":"https:\/\/www.asiadies.com\/wp-content\/uploads\/2021\/08\/Home-Logo-1Home-Top-Left-ratio-3-1.png","contentUrl":"https:\/\/www.asiadies.com\/wp-content\/uploads\/2021\/08\/Home-Logo-1Home-Top-Left-ratio-3-1.png","width":2000,"height":666,"caption":"Asia Dies Tools"},"image":{"@id":"https:\/\/www.asiadies.com\/#logo"}},{"@type":"WebSite","@id":"https:\/\/www.asiadies.com\/#website","url":"https:\/\/www.asiadies.com\/","name":"ASIA DIES","description":"Professional hardware service provider","publisher":{"@id":"https:\/\/www.asiadies.com\/#organization"},"potentialAction":[{"@type":"SearchAction","target":{"@type":"EntryPoint","urlTemplate":"https:\/\/www.asiadies.com\/?s={search_term_string}"},"query-input":"required name=search_term_string"}],"inLanguage":"en-US"},{"@type":"ImageObject","@id":"https:\/\/www.asiadies.com\/index.php\/es\/product\/troqueles-de-trefilado-de-carburo-de-tungsteno\/#primaryimage","inLanguage":"en-US","url":"https:\/\/www.asiadies.com\/wp-content\/uploads\/2021\/09\/3026FBCA-EB0C-4190-829C-36FE615CA314.png","contentUrl":"https:\/\/www.asiadies.com\/wp-content\/uploads\/2021\/09\/3026FBCA-EB0C-4190-829C-36FE615CA314.png","width":612,"height":616,"caption":"Troqueles de trefilado de carburo de tungsteno"},{"@type":"WebPage","@id":"https:\/\/www.asiadies.com\/index.php\/es\/product\/troqueles-de-trefilado-de-carburo-de-tungsteno\/#webpage","url":"https:\/\/www.asiadies.com\/index.php\/es\/product\/troqueles-de-trefilado-de-carburo-de-tungsteno\/","name":"Troqueles de trefilado de carburo de tungsteno |","isPartOf":{"@id":"https:\/\/www.asiadies.com\/#website"},"primaryImageOfPage":{"@id":"https:\/\/www.asiadies.com\/index.php\/es\/product\/troqueles-de-trefilado-de-carburo-de-tungsteno\/#primaryimage"},"datePublished":"2021-09-23T08:11:43+00:00","dateModified":"2021-09-29T09:19:39+00:00","breadcrumb":{"@id":"https:\/\/www.asiadies.com\/index.php\/es\/product\/troqueles-de-trefilado-de-carburo-de-tungsteno\/#breadcrumb"},"inLanguage":"en-US","potentialAction":[{"@type":"ReadAction","target":["https:\/\/www.asiadies.com\/index.php\/es\/product\/troqueles-de-trefilado-de-carburo-de-tungsteno\/"]}]},{"@type":"BreadcrumbList","@id":"https:\/\/www.asiadies.com\/index.php\/es\/product\/troqueles-de-trefilado-de-carburo-de-tungsteno\/#breadcrumb","itemListElement":[{"@type":"ListItem","position":1,"name":"Home","item":"https:\/\/www.asiadies.com\/index.php\/en\/home\/"},{"@type":"ListItem","position":2,"name":"Products","item":"https:\/\/www.asiadies.com\/index.php\/pt\/products\/"},{"@type":"ListItem","position":3,"name":"Troqueles de trefilado de carburo de tungsteno"}]}]}},"_links":{"self":[{"href":"https:\/\/www.asiadies.com\/index.php\/wp-json\/wp\/v2\/product\/5198"}],"collection":[{"href":"https:\/\/www.asiadies.com\/index.php\/wp-json\/wp\/v2\/product"}],"about":[{"href":"https:\/\/www.asiadies.com\/index.php\/wp-json\/wp\/v2\/types\/product"}],"version-history":[{"count":1,"href":"https:\/\/www.asiadies.com\/index.php\/wp-json\/wp\/v2\/product\/5198\/revisions"}],"predecessor-version":[{"id":5200,"href":"https:\/\/www.asiadies.com\/index.php\/wp-json\/wp\/v2\/product\/5198\/revisions\/5200"}],"wp:featuredmedia":[{"embeddable":true,"href":"https:\/\/www.asiadies.com\/index.php\/wp-json\/wp\/v2\/media\/4297"}],"wp:attachment":[{"href":"https:\/\/www.asiadies.com\/index.php\/wp-json\/wp\/v2\/media?parent=5198"}],"wp:term":[{"taxonomy":"product_cat","embeddable":true,"href":"https:\/\/www.asiadies.com\/index.php\/wp-json\/wp\/v2\/product_cat?post=5198"},{"taxonomy":"product_tag","embeddable":true,"href":"https:\/\/www.asiadies.com\/index.php\/wp-json\/wp\/v2\/product_tag?post=5198"}],"curies":[{"name":"wp","href":"https:\/\/api.w.org\/{rel}","templated":true}]}}