{"id":5179,"date":"2021-09-23T15:57:57","date_gmt":"2021-09-23T07:57:57","guid":{"rendered":"https:\/\/www.asiadies.com\/?post_type=product&#038;p=5179"},"modified":"2021-09-29T17:17:46","modified_gmt":"2021-09-29T09:17:46","slug":"troqueles-de-rumbo-en-frio-de-carburo-de-asia","status":"publish","type":"product","link":"https:\/\/www.asiadies.com\/index.php\/es\/product\/troqueles-de-rumbo-en-frio-de-carburo-de-asia\/","title":{"rendered":"Troqueles de rumbo en fr\u00edo de carburo de Asia"},"content":{"rendered":"<p><img loading=\"lazy\" class=\"size-full wp-image-4239\" src=\"https:\/\/www.asiadies.com\/wp-content\/uploads\/2021\/09\/carbide-cold-heading-dies-1.jpg\" alt=\"Carbide Cold Heading Dies\" width=\"750\" height=\"750\" \/><\/p>\n<p><img loading=\"lazy\" class=\"size-full wp-image-4240\" src=\"https:\/\/www.asiadies.com\/wp-content\/uploads\/2021\/09\/carbide-cold-heading-dies-3-1.jpg\" alt=\"Carbide Cold Heading Dies\" width=\"750\" height=\"1500\" \/><\/p>\n<p><img loading=\"lazy\" class=\"size-full wp-image-4241\" src=\"https:\/\/www.asiadies.com\/wp-content\/uploads\/2021\/09\/carbide-cold-heading-dies-2-1.jpg\" alt=\"Carbide Cold Heading Dies\" width=\"750\" height=\"750\" \/><\/p>\n<p><img loading=\"lazy\" class=\"alignnone size-full wp-image-4242\" src=\"https:\/\/www.asiadies.com\/wp-content\/uploads\/2021\/09\/carbide-cold-heading-dies-5-1.jpg\" alt=\"\" width=\"750\" height=\"1500\" \/><\/p>\n<p><img loading=\"lazy\" class=\"size-full wp-image-4243\" src=\"https:\/\/www.asiadies.com\/wp-content\/uploads\/2021\/09\/carbide-cold-heading-dies-4-1.jpg\" alt=\"Carbide Cold Heading Dies\" width=\"750\" height=\"1500\" \/><\/p>\n<p><img loading=\"lazy\" class=\"size-full wp-image-4244\" src=\"https:\/\/www.asiadies.com\/wp-content\/uploads\/2021\/09\/carbide-cold-heading-dies-6-2.jpg\" alt=\"Carbide Cold Heading Dies\" width=\"750\" height=\"750\" \/><\/p>\n<!-- AddThis Advanced Settings generic via filter on the_content --><!-- AddThis Share Buttons generic via filter on the_content -->","protected":false},"excerpt":{"rendered":"<p>Cantidad de orden m\u00ednima: 1PCS<\/p>\n<p>Capacidad de producci\u00f3n mensual: 1000-2000 piezas<\/p>\n<p>Origen del material\uff1aFuji Japan \/ Ceratizit \/ Chunbao TaiWan \/ Others<\/p>\n<p>Marca: Asia Dies<\/p>\n<p>Procesamiento: se puede personalizar<\/p>\n<p>Proceso: recorte en forma<!-- AddThis Advanced Settings generic via filter on get_the_excerpt --><!-- AddThis Share Buttons generic via filter on get_the_excerpt --><\/p>\n","protected":false},"featured_media":4245,"template":"","meta":[],"product_cat":[775],"product_tag":[],"yoast_head":"<!-- This site is optimized with the Yoast SEO plugin v17.0 - https:\/\/yoast.com\/wordpress\/plugins\/seo\/ -->\n<title>Troqueles de rumbo en fr\u00edo de carburo de Asia |<\/title>\n<meta name=\"robots\" content=\"index, follow, max-snippet:-1, max-image-preview:large, max-video-preview:-1\" \/>\n<link rel=\"canonical\" href=\"https:\/\/www.asiadies.com\/index.php\/es\/product\/troqueles-de-rumbo-en-frio-de-carburo-de-asia\/\" \/>\n<meta property=\"og:locale\" content=\"en_US\" \/>\n<meta property=\"og:type\" content=\"article\" \/>\n<meta property=\"og:title\" content=\"Troqueles de rumbo en fr\u00edo de carburo de Asia |\" \/>\n<meta property=\"og:description\" content=\"Cantidad de orden m\u00ednima: 1PCS  Capacidad de producci\u00f3n mensual: 1000-2000 piezas  Origen del material\uff1aFuji Japan \/ Ceratizit \/ Chunbao TaiWan \/ Others  Marca: Asia Dies  Procesamiento: se puede personalizar  Proceso: recorte en forma\" \/>\n<meta property=\"og:url\" content=\"https:\/\/www.asiadies.com\/index.php\/es\/product\/troqueles-de-rumbo-en-frio-de-carburo-de-asia\/\" \/>\n<meta property=\"article:modified_time\" content=\"2021-09-29T09:17:46+00:00\" \/>\n<meta property=\"og:image\" content=\"https:\/\/asiadies.yuanjie.online\/wp-content\/uploads\/2021\/09\/B6A3377.jpg\" \/>\n\t<meta property=\"og:image:width\" content=\"600\" \/>\n\t<meta property=\"og:image:height\" content=\"600\" \/>\n<meta name=\"twitter:card\" content=\"summary_large_image\" \/>\n<script type=\"application\/ld+json\" class=\"yoast-schema-graph\">{\"@context\":\"https:\/\/schema.org\",\"@graph\":[{\"@type\":\"Organization\",\"@id\":\"https:\/\/www.asiadies.com\/#organization\",\"name\":\"Asia Dies Tools\",\"url\":\"https:\/\/www.asiadies.com\/\",\"sameAs\":[],\"logo\":{\"@type\":\"ImageObject\",\"@id\":\"https:\/\/www.asiadies.com\/#logo\",\"inLanguage\":\"en-US\",\"url\":\"https:\/\/www.asiadies.com\/wp-content\/uploads\/2021\/08\/Home-Logo-1Home-Top-Left-ratio-3-1.png\",\"contentUrl\":\"https:\/\/www.asiadies.com\/wp-content\/uploads\/2021\/08\/Home-Logo-1Home-Top-Left-ratio-3-1.png\",\"width\":2000,\"height\":666,\"caption\":\"Asia Dies Tools\"},\"image\":{\"@id\":\"https:\/\/www.asiadies.com\/#logo\"}},{\"@type\":\"WebSite\",\"@id\":\"https:\/\/www.asiadies.com\/#website\",\"url\":\"https:\/\/www.asiadies.com\/\",\"name\":\"ASIA DIES\",\"description\":\"Professional hardware service provider\",\"publisher\":{\"@id\":\"https:\/\/www.asiadies.com\/#organization\"},\"potentialAction\":[{\"@type\":\"SearchAction\",\"target\":{\"@type\":\"EntryPoint\",\"urlTemplate\":\"https:\/\/www.asiadies.com\/?s={search_term_string}\"},\"query-input\":\"required name=search_term_string\"}],\"inLanguage\":\"en-US\"},{\"@type\":\"ImageObject\",\"@id\":\"https:\/\/www.asiadies.com\/index.php\/es\/product\/troqueles-de-rumbo-en-frio-de-carburo-de-asia\/#primaryimage\",\"inLanguage\":\"en-US\",\"url\":\"https:\/\/www.asiadies.com\/wp-content\/uploads\/2021\/09\/B6A3377.jpg\",\"contentUrl\":\"https:\/\/www.asiadies.com\/wp-content\/uploads\/2021\/09\/B6A3377.jpg\",\"width\":600,\"height\":600,\"caption\":\"Troqueles de rumbo en fr\\u00edo de carburo de Asia\"},{\"@type\":\"WebPage\",\"@id\":\"https:\/\/www.asiadies.com\/index.php\/es\/product\/troqueles-de-rumbo-en-frio-de-carburo-de-asia\/#webpage\",\"url\":\"https:\/\/www.asiadies.com\/index.php\/es\/product\/troqueles-de-rumbo-en-frio-de-carburo-de-asia\/\",\"name\":\"Troqueles de rumbo en fr\\u00edo de carburo de Asia |\",\"isPartOf\":{\"@id\":\"https:\/\/www.asiadies.com\/#website\"},\"primaryImageOfPage\":{\"@id\":\"https:\/\/www.asiadies.com\/index.php\/es\/product\/troqueles-de-rumbo-en-frio-de-carburo-de-asia\/#primaryimage\"},\"datePublished\":\"2021-09-23T07:57:57+00:00\",\"dateModified\":\"2021-09-29T09:17:46+00:00\",\"breadcrumb\":{\"@id\":\"https:\/\/www.asiadies.com\/index.php\/es\/product\/troqueles-de-rumbo-en-frio-de-carburo-de-asia\/#breadcrumb\"},\"inLanguage\":\"en-US\",\"potentialAction\":[{\"@type\":\"ReadAction\",\"target\":[\"https:\/\/www.asiadies.com\/index.php\/es\/product\/troqueles-de-rumbo-en-frio-de-carburo-de-asia\/\"]}]},{\"@type\":\"BreadcrumbList\",\"@id\":\"https:\/\/www.asiadies.com\/index.php\/es\/product\/troqueles-de-rumbo-en-frio-de-carburo-de-asia\/#breadcrumb\",\"itemListElement\":[{\"@type\":\"ListItem\",\"position\":1,\"name\":\"Home\",\"item\":\"https:\/\/www.asiadies.com\/index.php\/en\/home\/\"},{\"@type\":\"ListItem\",\"position\":2,\"name\":\"Products\",\"item\":\"https:\/\/www.asiadies.com\/index.php\/pt\/products\/\"},{\"@type\":\"ListItem\",\"position\":3,\"name\":\"Troqueles de rumbo en fr\\u00edo de carburo de Asia\"}]}]}<\/script>\n<!-- \/ Yoast SEO plugin. -->","yoast_head_json":{"title":"Troqueles de rumbo en fr\u00edo de carburo de Asia |","robots":{"index":"index","follow":"follow","max-snippet":"max-snippet:-1","max-image-preview":"max-image-preview:large","max-video-preview":"max-video-preview:-1"},"canonical":"https:\/\/www.asiadies.com\/index.php\/es\/product\/troqueles-de-rumbo-en-frio-de-carburo-de-asia\/","og_locale":"en_US","og_type":"article","og_title":"Troqueles de rumbo en fr\u00edo de carburo de Asia |","og_description":"Cantidad de orden m\u00ednima: 1PCS  Capacidad de producci\u00f3n mensual: 1000-2000 piezas  Origen del material\uff1aFuji Japan \/ Ceratizit \/ Chunbao TaiWan \/ Others  Marca: Asia Dies  Procesamiento: se puede personalizar  Proceso: recorte en forma","og_url":"https:\/\/www.asiadies.com\/index.php\/es\/product\/troqueles-de-rumbo-en-frio-de-carburo-de-asia\/","article_modified_time":"2021-09-29T09:17:46+00:00","og_image":[{"width":600,"height":600,"url":"https:\/\/asiadies.yuanjie.online\/wp-content\/uploads\/2021\/09\/B6A3377.jpg","path":"\/var\/www\/html\/www.asiadies.com\/wp-content\/uploads\/2021\/09\/B6A3377.jpg","size":"full","id":4245,"alt":"Troqueles de rumbo en fr\u00edo de carburo de Asia","pixels":360000,"type":"image\/jpeg"}],"twitter_card":"summary_large_image","schema":{"@context":"https:\/\/schema.org","@graph":[{"@type":"Organization","@id":"https:\/\/www.asiadies.com\/#organization","name":"Asia Dies Tools","url":"https:\/\/www.asiadies.com\/","sameAs":[],"logo":{"@type":"ImageObject","@id":"https:\/\/www.asiadies.com\/#logo","inLanguage":"en-US","url":"https:\/\/www.asiadies.com\/wp-content\/uploads\/2021\/08\/Home-Logo-1Home-Top-Left-ratio-3-1.png","contentUrl":"https:\/\/www.asiadies.com\/wp-content\/uploads\/2021\/08\/Home-Logo-1Home-Top-Left-ratio-3-1.png","width":2000,"height":666,"caption":"Asia Dies Tools"},"image":{"@id":"https:\/\/www.asiadies.com\/#logo"}},{"@type":"WebSite","@id":"https:\/\/www.asiadies.com\/#website","url":"https:\/\/www.asiadies.com\/","name":"ASIA DIES","description":"Professional hardware service provider","publisher":{"@id":"https:\/\/www.asiadies.com\/#organization"},"potentialAction":[{"@type":"SearchAction","target":{"@type":"EntryPoint","urlTemplate":"https:\/\/www.asiadies.com\/?s={search_term_string}"},"query-input":"required name=search_term_string"}],"inLanguage":"en-US"},{"@type":"ImageObject","@id":"https:\/\/www.asiadies.com\/index.php\/es\/product\/troqueles-de-rumbo-en-frio-de-carburo-de-asia\/#primaryimage","inLanguage":"en-US","url":"https:\/\/www.asiadies.com\/wp-content\/uploads\/2021\/09\/B6A3377.jpg","contentUrl":"https:\/\/www.asiadies.com\/wp-content\/uploads\/2021\/09\/B6A3377.jpg","width":600,"height":600,"caption":"Troqueles de rumbo en fr\u00edo de carburo de Asia"},{"@type":"WebPage","@id":"https:\/\/www.asiadies.com\/index.php\/es\/product\/troqueles-de-rumbo-en-frio-de-carburo-de-asia\/#webpage","url":"https:\/\/www.asiadies.com\/index.php\/es\/product\/troqueles-de-rumbo-en-frio-de-carburo-de-asia\/","name":"Troqueles de rumbo en fr\u00edo de carburo de Asia |","isPartOf":{"@id":"https:\/\/www.asiadies.com\/#website"},"primaryImageOfPage":{"@id":"https:\/\/www.asiadies.com\/index.php\/es\/product\/troqueles-de-rumbo-en-frio-de-carburo-de-asia\/#primaryimage"},"datePublished":"2021-09-23T07:57:57+00:00","dateModified":"2021-09-29T09:17:46+00:00","breadcrumb":{"@id":"https:\/\/www.asiadies.com\/index.php\/es\/product\/troqueles-de-rumbo-en-frio-de-carburo-de-asia\/#breadcrumb"},"inLanguage":"en-US","potentialAction":[{"@type":"ReadAction","target":["https:\/\/www.asiadies.com\/index.php\/es\/product\/troqueles-de-rumbo-en-frio-de-carburo-de-asia\/"]}]},{"@type":"BreadcrumbList","@id":"https:\/\/www.asiadies.com\/index.php\/es\/product\/troqueles-de-rumbo-en-frio-de-carburo-de-asia\/#breadcrumb","itemListElement":[{"@type":"ListItem","position":1,"name":"Home","item":"https:\/\/www.asiadies.com\/index.php\/en\/home\/"},{"@type":"ListItem","position":2,"name":"Products","item":"https:\/\/www.asiadies.com\/index.php\/pt\/products\/"},{"@type":"ListItem","position":3,"name":"Troqueles de rumbo en fr\u00edo de carburo de Asia"}]}]}},"_links":{"self":[{"href":"https:\/\/www.asiadies.com\/index.php\/wp-json\/wp\/v2\/product\/5179"}],"collection":[{"href":"https:\/\/www.asiadies.com\/index.php\/wp-json\/wp\/v2\/product"}],"about":[{"href":"https:\/\/www.asiadies.com\/index.php\/wp-json\/wp\/v2\/types\/product"}],"version-history":[{"count":3,"href":"https:\/\/www.asiadies.com\/index.php\/wp-json\/wp\/v2\/product\/5179\/revisions"}],"predecessor-version":[{"id":5987,"href":"https:\/\/www.asiadies.com\/index.php\/wp-json\/wp\/v2\/product\/5179\/revisions\/5987"}],"wp:featuredmedia":[{"embeddable":true,"href":"https:\/\/www.asiadies.com\/index.php\/wp-json\/wp\/v2\/media\/4245"}],"wp:attachment":[{"href":"https:\/\/www.asiadies.com\/index.php\/wp-json\/wp\/v2\/media?parent=5179"}],"wp:term":[{"taxonomy":"product_cat","embeddable":true,"href":"https:\/\/www.asiadies.com\/index.php\/wp-json\/wp\/v2\/product_cat?post=5179"},{"taxonomy":"product_tag","embeddable":true,"href":"https:\/\/www.asiadies.com\/index.php\/wp-json\/wp\/v2\/product_tag?post=5179"}],"curies":[{"name":"wp","href":"https:\/\/api.w.org\/{rel}","templated":true}]}}