{"id":5166,"date":"2021-09-23T15:32:53","date_gmt":"2021-09-23T07:32:53","guid":{"rendered":"https:\/\/www.asiadies.com\/?post_type=product&#038;p=5166"},"modified":"2021-09-28T16:44:34","modified_gmt":"2021-09-28T08:44:34","slug":"matrizes-hexagonais-segmentadas-2","status":"publish","type":"product","link":"https:\/\/www.asiadies.com\/index.php\/pt\/product\/matrizes-hexagonais-segmentadas-2\/","title":{"rendered":"Matrizes hexagonais segmentadas"},"content":{"rendered":"<p><img loading=\"lazy\" class=\"size-full wp-image-4344\" src=\"https:\/\/www.asiadies.com\/wp-content\/uploads\/2021\/09\/Segmented-Hexagon-dies.jpg\" alt=\"Segmented Hexagon dies\" width=\"750\" height=\"750\" \/><\/p>\n<p><img loading=\"lazy\" class=\"size-full wp-image-4345\" src=\"https:\/\/www.asiadies.com\/wp-content\/uploads\/2021\/09\/Segmented-Hexagon-dies-3.jpg\" alt=\"Segmented Hexagon Dies\" width=\"750\" height=\"1500\" \/><\/p>\n<p><img loading=\"lazy\" class=\"size-full wp-image-4346\" src=\"https:\/\/www.asiadies.com\/wp-content\/uploads\/2021\/09\/Segmented-Hexagon-dies-2.jpg\" alt=\"Segmented Hexagon Dies\" width=\"750\" height=\"750\" \/><\/p>\n<p><img loading=\"lazy\" class=\"size-full wp-image-4347\" src=\"https:\/\/www.asiadies.com\/wp-content\/uploads\/2021\/09\/Segmented-Hexagon-dies-5.jpg\" alt=\"Segmented Hexagon Dies\" width=\"750\" height=\"1500\" \/><\/p>\n<p><img loading=\"lazy\" class=\"size-full wp-image-4348\" src=\"https:\/\/www.asiadies.com\/wp-content\/uploads\/2021\/09\/Segmented-Hexagon-dies-4.jpg\" alt=\"Segmented Hexagon Dies\" width=\"750\" height=\"1500\" \/><\/p>\n<p><img loading=\"lazy\" class=\"alignnone size-full wp-image-4349\" src=\"https:\/\/www.asiadies.com\/wp-content\/uploads\/2021\/09\/Segmented-Hexagon-dies-4-1.jpg\" alt=\"\" width=\"750\" height=\"1500\" \/><img loading=\"lazy\" class=\"alignnone size-full wp-image-4350\" src=\"https:\/\/www.asiadies.com\/wp-content\/uploads\/2021\/09\/Segmented-Hexagon-dies-6.jpg\" alt=\"\" width=\"750\" height=\"750\" \/><\/p>\n<!-- AddThis Advanced Settings generic via filter on the_content --><!-- AddThis Share Buttons generic via filter on the_content -->","protected":false},"excerpt":{"rendered":"<p><strong><b>\u00a0Quantidade m\u00ednima do pedido: 1 PCS<\/b><\/strong><\/p>\n<p><strong><b>Capacidade de produ\u00e7\u00e3o mensal: 1000-2000 pe\u00e7as<\/b><\/strong><\/p>\n<p><strong><b>Marca: A<\/b><\/strong><strong><b>sia<\/b><\/strong><strong><b>\u00a0Dies<\/b><\/strong><\/p>\n<p><strong><b>Processamento: pode ser personalizado<\/b><\/strong><\/p>\n<p><strong><b>pa\u00eds de origem : Fuji Japan \/ Ceratizit \/ Chunbao TaiWan \/ Others <\/b><\/strong><!-- AddThis Advanced Settings generic via filter on get_the_excerpt --><!-- AddThis Share Buttons generic via filter on get_the_excerpt --><\/p>\n","protected":false},"featured_media":4353,"template":"","meta":[],"product_cat":[731,737],"product_tag":[],"yoast_head":"<!-- This site is optimized with the Yoast SEO plugin v17.0 - https:\/\/yoast.com\/wordpress\/plugins\/seo\/ -->\n<title>Matrizes hexagonais segmentadas |<\/title>\n<meta name=\"robots\" content=\"index, follow, max-snippet:-1, max-image-preview:large, max-video-preview:-1\" \/>\n<link rel=\"canonical\" href=\"https:\/\/www.asiadies.com\/index.php\/pt\/product\/matrizes-hexagonais-segmentadas-2\/\" \/>\n<meta property=\"og:locale\" content=\"en_US\" \/>\n<meta property=\"og:type\" content=\"article\" \/>\n<meta property=\"og:title\" content=\"Matrizes hexagonais segmentadas |\" \/>\n<meta property=\"og:description\" content=\"\u00a0Quantidade m\u00ednima do pedido: 1 PCS  Capacidade de produ\u00e7\u00e3o mensal: 1000-2000 pe\u00e7as  Marca: Asia\u00a0Dies  Processamento: pode ser personalizado  pa\u00eds de origem : Fuji Japan \/ Ceratizit \/ Chunbao TaiWan \/ Others\" \/>\n<meta property=\"og:url\" content=\"https:\/\/www.asiadies.com\/index.php\/pt\/product\/matrizes-hexagonais-segmentadas-2\/\" \/>\n<meta property=\"article:modified_time\" content=\"2021-09-28T08:44:34+00:00\" \/>\n<meta property=\"og:image\" content=\"https:\/\/asiadies.yuanjie.online\/wp-content\/uploads\/2021\/09\/9FF3F881-C8D9-46e0-B5A7-D51B04367A3A.png\" \/>\n\t<meta property=\"og:image:width\" content=\"605\" \/>\n\t<meta property=\"og:image:height\" content=\"604\" \/>\n<meta name=\"twitter:card\" content=\"summary_large_image\" \/>\n<meta name=\"twitter:label1\" content=\"Est. reading time\" \/>\n\t<meta name=\"twitter:data1\" content=\"2 minutes\" \/>\n<script type=\"application\/ld+json\" class=\"yoast-schema-graph\">{\"@context\":\"https:\/\/schema.org\",\"@graph\":[{\"@type\":\"Organization\",\"@id\":\"https:\/\/www.asiadies.com\/#organization\",\"name\":\"Asia Dies Tools\",\"url\":\"https:\/\/www.asiadies.com\/\",\"sameAs\":[],\"logo\":{\"@type\":\"ImageObject\",\"@id\":\"https:\/\/www.asiadies.com\/#logo\",\"inLanguage\":\"en-US\",\"url\":\"https:\/\/www.asiadies.com\/wp-content\/uploads\/2021\/08\/Home-Logo-1Home-Top-Left-ratio-3-1.png\",\"contentUrl\":\"https:\/\/www.asiadies.com\/wp-content\/uploads\/2021\/08\/Home-Logo-1Home-Top-Left-ratio-3-1.png\",\"width\":2000,\"height\":666,\"caption\":\"Asia Dies Tools\"},\"image\":{\"@id\":\"https:\/\/www.asiadies.com\/#logo\"}},{\"@type\":\"WebSite\",\"@id\":\"https:\/\/www.asiadies.com\/#website\",\"url\":\"https:\/\/www.asiadies.com\/\",\"name\":\"ASIA DIES\",\"description\":\"Professional hardware service provider\",\"publisher\":{\"@id\":\"https:\/\/www.asiadies.com\/#organization\"},\"potentialAction\":[{\"@type\":\"SearchAction\",\"target\":{\"@type\":\"EntryPoint\",\"urlTemplate\":\"https:\/\/www.asiadies.com\/?s={search_term_string}\"},\"query-input\":\"required name=search_term_string\"}],\"inLanguage\":\"en-US\"},{\"@type\":\"ImageObject\",\"@id\":\"https:\/\/www.asiadies.com\/index.php\/pt\/product\/matrizes-hexagonais-segmentadas-2\/#primaryimage\",\"inLanguage\":\"en-US\",\"url\":\"https:\/\/www.asiadies.com\/wp-content\/uploads\/2021\/09\/9FF3F881-C8D9-46e0-B5A7-D51B04367A3A.png\",\"contentUrl\":\"https:\/\/www.asiadies.com\/wp-content\/uploads\/2021\/09\/9FF3F881-C8D9-46e0-B5A7-D51B04367A3A.png\",\"width\":605,\"height\":604,\"caption\":\"Asia Dies Segmentierte Sechskantmatrizen\"},{\"@type\":\"WebPage\",\"@id\":\"https:\/\/www.asiadies.com\/index.php\/pt\/product\/matrizes-hexagonais-segmentadas-2\/#webpage\",\"url\":\"https:\/\/www.asiadies.com\/index.php\/pt\/product\/matrizes-hexagonais-segmentadas-2\/\",\"name\":\"Matrizes hexagonais segmentadas |\",\"isPartOf\":{\"@id\":\"https:\/\/www.asiadies.com\/#website\"},\"primaryImageOfPage\":{\"@id\":\"https:\/\/www.asiadies.com\/index.php\/pt\/product\/matrizes-hexagonais-segmentadas-2\/#primaryimage\"},\"datePublished\":\"2021-09-23T07:32:53+00:00\",\"dateModified\":\"2021-09-28T08:44:34+00:00\",\"breadcrumb\":{\"@id\":\"https:\/\/www.asiadies.com\/index.php\/pt\/product\/matrizes-hexagonais-segmentadas-2\/#breadcrumb\"},\"inLanguage\":\"en-US\",\"potentialAction\":[{\"@type\":\"ReadAction\",\"target\":[\"https:\/\/www.asiadies.com\/index.php\/pt\/product\/matrizes-hexagonais-segmentadas-2\/\"]}]},{\"@type\":\"BreadcrumbList\",\"@id\":\"https:\/\/www.asiadies.com\/index.php\/pt\/product\/matrizes-hexagonais-segmentadas-2\/#breadcrumb\",\"itemListElement\":[{\"@type\":\"ListItem\",\"position\":1,\"name\":\"Home\",\"item\":\"https:\/\/www.asiadies.com\/index.php\/en\/home\/\"},{\"@type\":\"ListItem\",\"position\":2,\"name\":\"Products\",\"item\":\"https:\/\/www.asiadies.com\/index.php\/pt\/products\/\"},{\"@type\":\"ListItem\",\"position\":3,\"name\":\"Matrizes hexagonais segmentadas\"}]}]}<\/script>\n<!-- \/ Yoast SEO plugin. -->","yoast_head_json":{"title":"Matrizes hexagonais segmentadas |","robots":{"index":"index","follow":"follow","max-snippet":"max-snippet:-1","max-image-preview":"max-image-preview:large","max-video-preview":"max-video-preview:-1"},"canonical":"https:\/\/www.asiadies.com\/index.php\/pt\/product\/matrizes-hexagonais-segmentadas-2\/","og_locale":"en_US","og_type":"article","og_title":"Matrizes hexagonais segmentadas |","og_description":"\u00a0Quantidade m\u00ednima do pedido: 1 PCS  Capacidade de produ\u00e7\u00e3o mensal: 1000-2000 pe\u00e7as  Marca: Asia\u00a0Dies  Processamento: pode ser personalizado  pa\u00eds de origem : Fuji Japan \/ Ceratizit \/ Chunbao TaiWan \/ Others","og_url":"https:\/\/www.asiadies.com\/index.php\/pt\/product\/matrizes-hexagonais-segmentadas-2\/","article_modified_time":"2021-09-28T08:44:34+00:00","og_image":[{"width":605,"height":604,"url":"https:\/\/asiadies.yuanjie.online\/wp-content\/uploads\/2021\/09\/9FF3F881-C8D9-46e0-B5A7-D51B04367A3A.png","path":"\/var\/www\/html\/www.asiadies.com\/wp-content\/uploads\/2021\/09\/9FF3F881-C8D9-46e0-B5A7-D51B04367A3A.png","size":"full","id":4353,"alt":"Asia Dies Segmentierte Sechskantmatrizen","pixels":365420,"type":"image\/png"}],"twitter_card":"summary_large_image","twitter_misc":{"Est. reading time":"2 minutes"},"schema":{"@context":"https:\/\/schema.org","@graph":[{"@type":"Organization","@id":"https:\/\/www.asiadies.com\/#organization","name":"Asia Dies Tools","url":"https:\/\/www.asiadies.com\/","sameAs":[],"logo":{"@type":"ImageObject","@id":"https:\/\/www.asiadies.com\/#logo","inLanguage":"en-US","url":"https:\/\/www.asiadies.com\/wp-content\/uploads\/2021\/08\/Home-Logo-1Home-Top-Left-ratio-3-1.png","contentUrl":"https:\/\/www.asiadies.com\/wp-content\/uploads\/2021\/08\/Home-Logo-1Home-Top-Left-ratio-3-1.png","width":2000,"height":666,"caption":"Asia Dies Tools"},"image":{"@id":"https:\/\/www.asiadies.com\/#logo"}},{"@type":"WebSite","@id":"https:\/\/www.asiadies.com\/#website","url":"https:\/\/www.asiadies.com\/","name":"ASIA DIES","description":"Professional hardware service provider","publisher":{"@id":"https:\/\/www.asiadies.com\/#organization"},"potentialAction":[{"@type":"SearchAction","target":{"@type":"EntryPoint","urlTemplate":"https:\/\/www.asiadies.com\/?s={search_term_string}"},"query-input":"required name=search_term_string"}],"inLanguage":"en-US"},{"@type":"ImageObject","@id":"https:\/\/www.asiadies.com\/index.php\/pt\/product\/matrizes-hexagonais-segmentadas-2\/#primaryimage","inLanguage":"en-US","url":"https:\/\/www.asiadies.com\/wp-content\/uploads\/2021\/09\/9FF3F881-C8D9-46e0-B5A7-D51B04367A3A.png","contentUrl":"https:\/\/www.asiadies.com\/wp-content\/uploads\/2021\/09\/9FF3F881-C8D9-46e0-B5A7-D51B04367A3A.png","width":605,"height":604,"caption":"Asia Dies Segmentierte Sechskantmatrizen"},{"@type":"WebPage","@id":"https:\/\/www.asiadies.com\/index.php\/pt\/product\/matrizes-hexagonais-segmentadas-2\/#webpage","url":"https:\/\/www.asiadies.com\/index.php\/pt\/product\/matrizes-hexagonais-segmentadas-2\/","name":"Matrizes hexagonais segmentadas |","isPartOf":{"@id":"https:\/\/www.asiadies.com\/#website"},"primaryImageOfPage":{"@id":"https:\/\/www.asiadies.com\/index.php\/pt\/product\/matrizes-hexagonais-segmentadas-2\/#primaryimage"},"datePublished":"2021-09-23T07:32:53+00:00","dateModified":"2021-09-28T08:44:34+00:00","breadcrumb":{"@id":"https:\/\/www.asiadies.com\/index.php\/pt\/product\/matrizes-hexagonais-segmentadas-2\/#breadcrumb"},"inLanguage":"en-US","potentialAction":[{"@type":"ReadAction","target":["https:\/\/www.asiadies.com\/index.php\/pt\/product\/matrizes-hexagonais-segmentadas-2\/"]}]},{"@type":"BreadcrumbList","@id":"https:\/\/www.asiadies.com\/index.php\/pt\/product\/matrizes-hexagonais-segmentadas-2\/#breadcrumb","itemListElement":[{"@type":"ListItem","position":1,"name":"Home","item":"https:\/\/www.asiadies.com\/index.php\/en\/home\/"},{"@type":"ListItem","position":2,"name":"Products","item":"https:\/\/www.asiadies.com\/index.php\/pt\/products\/"},{"@type":"ListItem","position":3,"name":"Matrizes hexagonais segmentadas"}]}]}},"_links":{"self":[{"href":"https:\/\/www.asiadies.com\/index.php\/wp-json\/wp\/v2\/product\/5166"}],"collection":[{"href":"https:\/\/www.asiadies.com\/index.php\/wp-json\/wp\/v2\/product"}],"about":[{"href":"https:\/\/www.asiadies.com\/index.php\/wp-json\/wp\/v2\/types\/product"}],"version-history":[{"count":3,"href":"https:\/\/www.asiadies.com\/index.php\/wp-json\/wp\/v2\/product\/5166\/revisions"}],"predecessor-version":[{"id":5830,"href":"https:\/\/www.asiadies.com\/index.php\/wp-json\/wp\/v2\/product\/5166\/revisions\/5830"}],"wp:featuredmedia":[{"embeddable":true,"href":"https:\/\/www.asiadies.com\/index.php\/wp-json\/wp\/v2\/media\/4353"}],"wp:attachment":[{"href":"https:\/\/www.asiadies.com\/index.php\/wp-json\/wp\/v2\/media?parent=5166"}],"wp:term":[{"taxonomy":"product_cat","embeddable":true,"href":"https:\/\/www.asiadies.com\/index.php\/wp-json\/wp\/v2\/product_cat?post=5166"},{"taxonomy":"product_tag","embeddable":true,"href":"https:\/\/www.asiadies.com\/index.php\/wp-json\/wp\/v2\/product_tag?post=5166"}],"curies":[{"name":"wp","href":"https:\/\/api.w.org\/{rel}","templated":true}]}}