{"id":5119,"date":"2021-09-23T14:57:50","date_gmt":"2021-09-23T06:57:50","guid":{"rendered":"https:\/\/www.asiadies.com\/?post_type=product&#038;p=5119"},"modified":"2021-09-28T18:00:16","modified_gmt":"2021-09-28T10:00:16","slug":"matrizes-de-carbide-cold-heading","status":"publish","type":"product","link":"https:\/\/www.asiadies.com\/index.php\/pt\/product\/matrizes-de-carbide-cold-heading\/","title":{"rendered":"Asia Dies Matrizes de Carbide Cold Heading"},"content":{"rendered":"<p><img loading=\"lazy\" class=\"size-full wp-image-4211\" src=\"https:\/\/www.asiadies.com\/wp-content\/uploads\/2021\/09\/carbide-cold-heading-dies.jpg\" alt=\"carbide cold heading dies\" width=\"750\" height=\"750\" \/><\/p>\n<p><img loading=\"lazy\" class=\"size-full wp-image-4212\" src=\"https:\/\/www.asiadies.com\/wp-content\/uploads\/2021\/09\/carbide-cold-heading-dies-3.jpg\" alt=\"carbide cold heading dies\" width=\"750\" height=\"1500\" \/><\/p>\n<p><img loading=\"lazy\" class=\"size-full wp-image-4213\" src=\"https:\/\/www.asiadies.com\/wp-content\/uploads\/2021\/09\/carbide-cold-heading-dies-2.jpg\" alt=\"carbide cold heading dies\" width=\"750\" height=\"750\" \/><\/p>\n<p><img loading=\"lazy\" class=\"size-full wp-image-4214\" src=\"https:\/\/www.asiadies.com\/wp-content\/uploads\/2021\/09\/carbide-cold-heading-dies-5.jpg\" alt=\"carbide cold heading dies\" width=\"750\" height=\"1500\" \/><\/p>\n<p><img loading=\"lazy\" class=\"size-full wp-image-4215\" src=\"https:\/\/www.asiadies.com\/wp-content\/uploads\/2021\/09\/carbide-cold-heading-dies-4.jpg\" alt=\"carbide cold heading dies\" width=\"750\" height=\"1500\" \/><\/p>\n<p><img loading=\"lazy\" class=\"size-full wp-image-4216\" src=\"https:\/\/www.asiadies.com\/wp-content\/uploads\/2021\/09\/carbide-cold-heading-dies-6.jpg\" alt=\"carbide cold heading dies\" width=\"750\" height=\"750\" \/><\/p>\n<p>&nbsp;<\/p>\n<!-- AddThis Advanced Settings generic via filter on the_content --><!-- AddThis Share Buttons generic via filter on the_content -->","protected":false},"excerpt":{"rendered":"<p><strong><b>Quantidade m\u00ednima do pedido: 1 PCS<\/b><\/strong><\/p>\n<p><strong><b>Capacidade de produ\u00e7\u00e3o mensal: 1000-2000 pe\u00e7as<\/b><\/strong><\/p>\n<p><strong><b>Marca: A<\/b><\/strong><strong><b>sia<\/b><\/strong><strong><b>\u00a0Dies<\/b><\/strong><\/p>\n<p><strong><b>Processamento: pode ser personalizado<\/b><\/strong><\/p>\n<p><strong><b>pa\u00eds de origem : Fuji Japan \/ Ceratizit \/ Chunbao TaiWan \/ Others <\/b><\/strong><!-- AddThis Advanced Settings generic via filter on get_the_excerpt --><!-- AddThis Share Buttons generic via filter on get_the_excerpt --><\/p>\n","protected":false},"featured_media":4218,"template":"","meta":[],"product_cat":[731,741],"product_tag":[],"yoast_head":"<!-- This site is optimized with the Yoast SEO plugin v17.0 - https:\/\/yoast.com\/wordpress\/plugins\/seo\/ -->\n<title>Asia Dies Matrizes de Carbide Cold Heading |<\/title>\n<meta name=\"robots\" content=\"index, follow, max-snippet:-1, max-image-preview:large, max-video-preview:-1\" \/>\n<link rel=\"canonical\" href=\"https:\/\/www.asiadies.com\/index.php\/pt\/product\/matrizes-de-carbide-cold-heading\/\" \/>\n<meta property=\"og:locale\" content=\"en_US\" \/>\n<meta property=\"og:type\" content=\"article\" \/>\n<meta property=\"og:title\" content=\"Asia Dies Matrizes de Carbide Cold Heading |\" \/>\n<meta property=\"og:description\" content=\"Quantidade m\u00ednima do pedido: 1 PCS  Capacidade de produ\u00e7\u00e3o mensal: 1000-2000 pe\u00e7as  Marca: Asia\u00a0Dies  Processamento: pode ser personalizado  pa\u00eds de origem : Fuji Japan \/ Ceratizit \/ Chunbao TaiWan \/ Others\" \/>\n<meta property=\"og:url\" content=\"https:\/\/www.asiadies.com\/index.php\/pt\/product\/matrizes-de-carbide-cold-heading\/\" \/>\n<meta property=\"article:modified_time\" content=\"2021-09-28T10:00:16+00:00\" \/>\n<meta property=\"og:image\" content=\"https:\/\/asiadies.yuanjie.online\/wp-content\/uploads\/2021\/09\/B6A3616.jpg\" \/>\n\t<meta property=\"og:image:width\" content=\"600\" \/>\n\t<meta property=\"og:image:height\" content=\"600\" \/>\n<meta name=\"twitter:card\" content=\"summary_large_image\" \/>\n<meta name=\"twitter:label1\" content=\"Est. reading time\" \/>\n\t<meta name=\"twitter:data1\" content=\"2 minutes\" \/>\n<script type=\"application\/ld+json\" class=\"yoast-schema-graph\">{\"@context\":\"https:\/\/schema.org\",\"@graph\":[{\"@type\":\"Organization\",\"@id\":\"https:\/\/www.asiadies.com\/#organization\",\"name\":\"Asia Dies Tools\",\"url\":\"https:\/\/www.asiadies.com\/\",\"sameAs\":[],\"logo\":{\"@type\":\"ImageObject\",\"@id\":\"https:\/\/www.asiadies.com\/#logo\",\"inLanguage\":\"en-US\",\"url\":\"https:\/\/www.asiadies.com\/wp-content\/uploads\/2021\/08\/Home-Logo-1Home-Top-Left-ratio-3-1.png\",\"contentUrl\":\"https:\/\/www.asiadies.com\/wp-content\/uploads\/2021\/08\/Home-Logo-1Home-Top-Left-ratio-3-1.png\",\"width\":2000,\"height\":666,\"caption\":\"Asia Dies Tools\"},\"image\":{\"@id\":\"https:\/\/www.asiadies.com\/#logo\"}},{\"@type\":\"WebSite\",\"@id\":\"https:\/\/www.asiadies.com\/#website\",\"url\":\"https:\/\/www.asiadies.com\/\",\"name\":\"ASIA DIES\",\"description\":\"Professional hardware service provider\",\"publisher\":{\"@id\":\"https:\/\/www.asiadies.com\/#organization\"},\"potentialAction\":[{\"@type\":\"SearchAction\",\"target\":{\"@type\":\"EntryPoint\",\"urlTemplate\":\"https:\/\/www.asiadies.com\/?s={search_term_string}\"},\"query-input\":\"required name=search_term_string\"}],\"inLanguage\":\"en-US\"},{\"@type\":\"ImageObject\",\"@id\":\"https:\/\/www.asiadies.com\/index.php\/pt\/product\/matrizes-de-carbide-cold-heading\/#primaryimage\",\"inLanguage\":\"en-US\",\"url\":\"https:\/\/www.asiadies.com\/wp-content\/uploads\/2021\/09\/B6A3616.jpg\",\"contentUrl\":\"https:\/\/www.asiadies.com\/wp-content\/uploads\/2021\/09\/B6A3616.jpg\",\"width\":600,\"height\":600,\"caption\":\"Asia Dies Hartmetall-Kaltstauchd\\u00fcsen\"},{\"@type\":\"WebPage\",\"@id\":\"https:\/\/www.asiadies.com\/index.php\/pt\/product\/matrizes-de-carbide-cold-heading\/#webpage\",\"url\":\"https:\/\/www.asiadies.com\/index.php\/pt\/product\/matrizes-de-carbide-cold-heading\/\",\"name\":\"Asia Dies Matrizes de Carbide Cold Heading |\",\"isPartOf\":{\"@id\":\"https:\/\/www.asiadies.com\/#website\"},\"primaryImageOfPage\":{\"@id\":\"https:\/\/www.asiadies.com\/index.php\/pt\/product\/matrizes-de-carbide-cold-heading\/#primaryimage\"},\"datePublished\":\"2021-09-23T06:57:50+00:00\",\"dateModified\":\"2021-09-28T10:00:16+00:00\",\"breadcrumb\":{\"@id\":\"https:\/\/www.asiadies.com\/index.php\/pt\/product\/matrizes-de-carbide-cold-heading\/#breadcrumb\"},\"inLanguage\":\"en-US\",\"potentialAction\":[{\"@type\":\"ReadAction\",\"target\":[\"https:\/\/www.asiadies.com\/index.php\/pt\/product\/matrizes-de-carbide-cold-heading\/\"]}]},{\"@type\":\"BreadcrumbList\",\"@id\":\"https:\/\/www.asiadies.com\/index.php\/pt\/product\/matrizes-de-carbide-cold-heading\/#breadcrumb\",\"itemListElement\":[{\"@type\":\"ListItem\",\"position\":1,\"name\":\"Home\",\"item\":\"https:\/\/www.asiadies.com\/index.php\/en\/home\/\"},{\"@type\":\"ListItem\",\"position\":2,\"name\":\"Products\",\"item\":\"https:\/\/www.asiadies.com\/index.php\/pt\/products\/\"},{\"@type\":\"ListItem\",\"position\":3,\"name\":\"Asia Dies Matrizes de Carbide Cold Heading\"}]}]}<\/script>\n<!-- \/ Yoast SEO plugin. -->","yoast_head_json":{"title":"Asia Dies Matrizes de Carbide Cold Heading |","robots":{"index":"index","follow":"follow","max-snippet":"max-snippet:-1","max-image-preview":"max-image-preview:large","max-video-preview":"max-video-preview:-1"},"canonical":"https:\/\/www.asiadies.com\/index.php\/pt\/product\/matrizes-de-carbide-cold-heading\/","og_locale":"en_US","og_type":"article","og_title":"Asia Dies Matrizes de Carbide Cold Heading |","og_description":"Quantidade m\u00ednima do pedido: 1 PCS  Capacidade de produ\u00e7\u00e3o mensal: 1000-2000 pe\u00e7as  Marca: Asia\u00a0Dies  Processamento: pode ser personalizado  pa\u00eds de origem : Fuji Japan \/ Ceratizit \/ Chunbao TaiWan \/ Others","og_url":"https:\/\/www.asiadies.com\/index.php\/pt\/product\/matrizes-de-carbide-cold-heading\/","article_modified_time":"2021-09-28T10:00:16+00:00","og_image":[{"width":600,"height":600,"url":"https:\/\/asiadies.yuanjie.online\/wp-content\/uploads\/2021\/09\/B6A3616.jpg","path":"\/var\/www\/html\/www.asiadies.com\/wp-content\/uploads\/2021\/09\/B6A3616.jpg","size":"full","id":4218,"alt":"Asia Dies Hartmetall-Kaltstauchd\u00fcsen","pixels":360000,"type":"image\/jpeg"}],"twitter_card":"summary_large_image","twitter_misc":{"Est. reading time":"2 minutes"},"schema":{"@context":"https:\/\/schema.org","@graph":[{"@type":"Organization","@id":"https:\/\/www.asiadies.com\/#organization","name":"Asia Dies Tools","url":"https:\/\/www.asiadies.com\/","sameAs":[],"logo":{"@type":"ImageObject","@id":"https:\/\/www.asiadies.com\/#logo","inLanguage":"en-US","url":"https:\/\/www.asiadies.com\/wp-content\/uploads\/2021\/08\/Home-Logo-1Home-Top-Left-ratio-3-1.png","contentUrl":"https:\/\/www.asiadies.com\/wp-content\/uploads\/2021\/08\/Home-Logo-1Home-Top-Left-ratio-3-1.png","width":2000,"height":666,"caption":"Asia Dies Tools"},"image":{"@id":"https:\/\/www.asiadies.com\/#logo"}},{"@type":"WebSite","@id":"https:\/\/www.asiadies.com\/#website","url":"https:\/\/www.asiadies.com\/","name":"ASIA DIES","description":"Professional hardware service provider","publisher":{"@id":"https:\/\/www.asiadies.com\/#organization"},"potentialAction":[{"@type":"SearchAction","target":{"@type":"EntryPoint","urlTemplate":"https:\/\/www.asiadies.com\/?s={search_term_string}"},"query-input":"required name=search_term_string"}],"inLanguage":"en-US"},{"@type":"ImageObject","@id":"https:\/\/www.asiadies.com\/index.php\/pt\/product\/matrizes-de-carbide-cold-heading\/#primaryimage","inLanguage":"en-US","url":"https:\/\/www.asiadies.com\/wp-content\/uploads\/2021\/09\/B6A3616.jpg","contentUrl":"https:\/\/www.asiadies.com\/wp-content\/uploads\/2021\/09\/B6A3616.jpg","width":600,"height":600,"caption":"Asia Dies Hartmetall-Kaltstauchd\u00fcsen"},{"@type":"WebPage","@id":"https:\/\/www.asiadies.com\/index.php\/pt\/product\/matrizes-de-carbide-cold-heading\/#webpage","url":"https:\/\/www.asiadies.com\/index.php\/pt\/product\/matrizes-de-carbide-cold-heading\/","name":"Asia Dies Matrizes de Carbide Cold Heading |","isPartOf":{"@id":"https:\/\/www.asiadies.com\/#website"},"primaryImageOfPage":{"@id":"https:\/\/www.asiadies.com\/index.php\/pt\/product\/matrizes-de-carbide-cold-heading\/#primaryimage"},"datePublished":"2021-09-23T06:57:50+00:00","dateModified":"2021-09-28T10:00:16+00:00","breadcrumb":{"@id":"https:\/\/www.asiadies.com\/index.php\/pt\/product\/matrizes-de-carbide-cold-heading\/#breadcrumb"},"inLanguage":"en-US","potentialAction":[{"@type":"ReadAction","target":["https:\/\/www.asiadies.com\/index.php\/pt\/product\/matrizes-de-carbide-cold-heading\/"]}]},{"@type":"BreadcrumbList","@id":"https:\/\/www.asiadies.com\/index.php\/pt\/product\/matrizes-de-carbide-cold-heading\/#breadcrumb","itemListElement":[{"@type":"ListItem","position":1,"name":"Home","item":"https:\/\/www.asiadies.com\/index.php\/en\/home\/"},{"@type":"ListItem","position":2,"name":"Products","item":"https:\/\/www.asiadies.com\/index.php\/pt\/products\/"},{"@type":"ListItem","position":3,"name":"Asia Dies Matrizes de Carbide Cold Heading"}]}]}},"_links":{"self":[{"href":"https:\/\/www.asiadies.com\/index.php\/wp-json\/wp\/v2\/product\/5119"}],"collection":[{"href":"https:\/\/www.asiadies.com\/index.php\/wp-json\/wp\/v2\/product"}],"about":[{"href":"https:\/\/www.asiadies.com\/index.php\/wp-json\/wp\/v2\/types\/product"}],"version-history":[{"count":5,"href":"https:\/\/www.asiadies.com\/index.php\/wp-json\/wp\/v2\/product\/5119\/revisions"}],"predecessor-version":[{"id":5880,"href":"https:\/\/www.asiadies.com\/index.php\/wp-json\/wp\/v2\/product\/5119\/revisions\/5880"}],"wp:featuredmedia":[{"embeddable":true,"href":"https:\/\/www.asiadies.com\/index.php\/wp-json\/wp\/v2\/media\/4218"}],"wp:attachment":[{"href":"https:\/\/www.asiadies.com\/index.php\/wp-json\/wp\/v2\/media?parent=5119"}],"wp:term":[{"taxonomy":"product_cat","embeddable":true,"href":"https:\/\/www.asiadies.com\/index.php\/wp-json\/wp\/v2\/product_cat?post=5119"},{"taxonomy":"product_tag","embeddable":true,"href":"https:\/\/www.asiadies.com\/index.php\/wp-json\/wp\/v2\/product_tag?post=5119"}],"curies":[{"name":"wp","href":"https:\/\/api.w.org\/{rel}","templated":true}]}}