{"id":5077,"date":"2021-09-23T14:29:24","date_gmt":"2021-09-23T06:29:24","guid":{"rendered":"https:\/\/www.asiadies.com\/?post_type=product&#038;p=5077"},"modified":"2021-09-28T16:35:46","modified_gmt":"2021-09-28T08:35:46","slug":"fornecedor-de-matrizes-para-desenho-da-asia","status":"publish","type":"product","link":"https:\/\/www.asiadies.com\/index.php\/pt\/product\/fornecedor-de-matrizes-para-desenho-da-asia\/","title":{"rendered":"Fornecedor de matrizes para desenho da \u00c1sia"},"content":{"rendered":"<figure id=\"attachment_4108\" aria-describedby=\"caption-attachment-4108\" style=\"width: 750px\" class=\"wp-caption alignnone\"><img loading=\"lazy\" class=\"size-full wp-image-4108\" src=\"https:\/\/www.asiadies.com\/wp-content\/uploads\/2021\/09\/Asia-drawing-dies-supplier.jpg\" alt=\"Asia drawing dies supplier\" width=\"750\" height=\"750\" \/><figcaption id=\"caption-attachment-4108\" class=\"wp-caption-text\">Asia drawing dies supplier<\/figcaption><\/figure>\n<p><img loading=\"lazy\" class=\"alignnone size-full wp-image-4109\" src=\"https:\/\/www.asiadies.com\/wp-content\/uploads\/2021\/09\/Asia-drawing-dies-supplier-3.jpg\" alt=\"\" width=\"750\" height=\"1500\" \/><\/p>\n<figure id=\"attachment_4110\" aria-describedby=\"caption-attachment-4110\" style=\"width: 750px\" class=\"wp-caption alignnone\"><img loading=\"lazy\" class=\"size-full wp-image-4110\" src=\"https:\/\/www.asiadies.com\/wp-content\/uploads\/2021\/09\/Asia-drawing-dies-supplier-2.jpg\" alt=\"Asia drawing dies supplier\" width=\"750\" height=\"750\" \/><figcaption id=\"caption-attachment-4110\" class=\"wp-caption-text\">Asia drawing dies supplier<\/figcaption><\/figure>\n<figure id=\"attachment_4111\" aria-describedby=\"caption-attachment-4111\" style=\"width: 750px\" class=\"wp-caption alignnone\"><img loading=\"lazy\" class=\"size-full wp-image-4111\" src=\"https:\/\/www.asiadies.com\/wp-content\/uploads\/2021\/09\/Asia-drawing-dies-supplier-5.jpg\" alt=\"Asia drawing dies supplier\" width=\"750\" height=\"1500\" \/><figcaption id=\"caption-attachment-4111\" class=\"wp-caption-text\">Asia drawing dies supplier<\/figcaption><\/figure>\n<p><img loading=\"lazy\" class=\"alignnone size-full wp-image-4112\" src=\"https:\/\/www.asiadies.com\/wp-content\/uploads\/2021\/09\/Asia-drawing-dies-supplier-4.jpg\" alt=\"\" width=\"750\" height=\"1500\" \/><img loading=\"lazy\" class=\"alignnone size-full wp-image-4113\" src=\"https:\/\/www.asiadies.com\/wp-content\/uploads\/2021\/09\/Asia-drawing-dies-supplier-6.jpg\" alt=\"\" width=\"750\" height=\"750\" \/><\/p>\n<!-- AddThis Advanced Settings generic via filter on the_content --><!-- AddThis Share Buttons generic via filter on the_content -->","protected":false},"excerpt":{"rendered":"<p><strong><b>\u00a0Quantidade m\u00ednima do pedido: 1 PCS<\/b><\/strong><\/p>\n<p><strong><b>Capacidade de produ\u00e7\u00e3o mensal: 1000-2000 pe\u00e7as<\/b><\/strong><\/p>\n<p><strong><b>Marca: A<\/b><\/strong><strong><b>sia<\/b><\/strong><strong><b>\u00a0Dies<\/b><\/strong><\/p>\n<p><strong><b>Processamento: pode ser personalizado<\/b><\/strong><\/p>\n<p><strong><b>pa\u00eds de origem : Fuji Japan \/ Ceratizit \/ Chunbao TaiWan \/ Others <\/b><\/strong><!-- AddThis Advanced Settings generic via filter on get_the_excerpt --><!-- AddThis Share Buttons generic via filter on get_the_excerpt --><\/p>\n","protected":false},"featured_media":4114,"template":"","meta":[],"product_cat":[727],"product_tag":[],"yoast_head":"<!-- This site is optimized with the Yoast SEO plugin v17.0 - https:\/\/yoast.com\/wordpress\/plugins\/seo\/ -->\n<title>Fornecedor de matrizes para desenho da \u00c1sia |<\/title>\n<meta name=\"robots\" content=\"index, follow, max-snippet:-1, max-image-preview:large, max-video-preview:-1\" \/>\n<link rel=\"canonical\" href=\"https:\/\/www.asiadies.com\/index.php\/pt\/product\/fornecedor-de-matrizes-para-desenho-da-asia\/\" \/>\n<meta property=\"og:locale\" content=\"en_US\" \/>\n<meta property=\"og:type\" content=\"article\" \/>\n<meta property=\"og:title\" content=\"Fornecedor de matrizes para desenho da \u00c1sia |\" \/>\n<meta property=\"og:description\" content=\"\u00a0Quantidade m\u00ednima do pedido: 1 PCS  Capacidade de produ\u00e7\u00e3o mensal: 1000-2000 pe\u00e7as  Marca: Asia\u00a0Dies  Processamento: pode ser personalizado  pa\u00eds de origem : Fuji Japan \/ Ceratizit \/ Chunbao TaiWan \/ Others\" \/>\n<meta property=\"og:url\" content=\"https:\/\/www.asiadies.com\/index.php\/pt\/product\/fornecedor-de-matrizes-para-desenho-da-asia\/\" \/>\n<meta property=\"article:modified_time\" content=\"2021-09-28T08:35:46+00:00\" \/>\n<meta property=\"og:image\" content=\"https:\/\/asiadies.yuanjie.online\/wp-content\/uploads\/2021\/09\/B6A33845.png\" \/>\n\t<meta property=\"og:image:width\" content=\"600\" \/>\n\t<meta property=\"og:image:height\" content=\"600\" \/>\n<meta name=\"twitter:card\" content=\"summary_large_image\" \/>\n<meta name=\"twitter:label1\" content=\"Est. reading time\" \/>\n\t<meta name=\"twitter:data1\" content=\"2 minutes\" \/>\n<script type=\"application\/ld+json\" class=\"yoast-schema-graph\">{\"@context\":\"https:\/\/schema.org\",\"@graph\":[{\"@type\":\"Organization\",\"@id\":\"https:\/\/www.asiadies.com\/#organization\",\"name\":\"Asia Dies Tools\",\"url\":\"https:\/\/www.asiadies.com\/\",\"sameAs\":[],\"logo\":{\"@type\":\"ImageObject\",\"@id\":\"https:\/\/www.asiadies.com\/#logo\",\"inLanguage\":\"en-US\",\"url\":\"https:\/\/www.asiadies.com\/wp-content\/uploads\/2021\/08\/Home-Logo-1Home-Top-Left-ratio-3-1.png\",\"contentUrl\":\"https:\/\/www.asiadies.com\/wp-content\/uploads\/2021\/08\/Home-Logo-1Home-Top-Left-ratio-3-1.png\",\"width\":2000,\"height\":666,\"caption\":\"Asia Dies Tools\"},\"image\":{\"@id\":\"https:\/\/www.asiadies.com\/#logo\"}},{\"@type\":\"WebSite\",\"@id\":\"https:\/\/www.asiadies.com\/#website\",\"url\":\"https:\/\/www.asiadies.com\/\",\"name\":\"ASIA DIES\",\"description\":\"Professional hardware service provider\",\"publisher\":{\"@id\":\"https:\/\/www.asiadies.com\/#organization\"},\"potentialAction\":[{\"@type\":\"SearchAction\",\"target\":{\"@type\":\"EntryPoint\",\"urlTemplate\":\"https:\/\/www.asiadies.com\/?s={search_term_string}\"},\"query-input\":\"required name=search_term_string\"}],\"inLanguage\":\"en-US\"},{\"@type\":\"ImageObject\",\"@id\":\"https:\/\/www.asiadies.com\/index.php\/pt\/product\/fornecedor-de-matrizes-para-desenho-da-asia\/#primaryimage\",\"inLanguage\":\"en-US\",\"url\":\"https:\/\/www.asiadies.com\/wp-content\/uploads\/2021\/09\/B6A33845.png\",\"contentUrl\":\"https:\/\/www.asiadies.com\/wp-content\/uploads\/2021\/09\/B6A33845.png\",\"width\":600,\"height\":600,\"caption\":\"Asian Ziehsteine Lieferant\"},{\"@type\":\"WebPage\",\"@id\":\"https:\/\/www.asiadies.com\/index.php\/pt\/product\/fornecedor-de-matrizes-para-desenho-da-asia\/#webpage\",\"url\":\"https:\/\/www.asiadies.com\/index.php\/pt\/product\/fornecedor-de-matrizes-para-desenho-da-asia\/\",\"name\":\"Fornecedor de matrizes para desenho da \\u00c1sia |\",\"isPartOf\":{\"@id\":\"https:\/\/www.asiadies.com\/#website\"},\"primaryImageOfPage\":{\"@id\":\"https:\/\/www.asiadies.com\/index.php\/pt\/product\/fornecedor-de-matrizes-para-desenho-da-asia\/#primaryimage\"},\"datePublished\":\"2021-09-23T06:29:24+00:00\",\"dateModified\":\"2021-09-28T08:35:46+00:00\",\"breadcrumb\":{\"@id\":\"https:\/\/www.asiadies.com\/index.php\/pt\/product\/fornecedor-de-matrizes-para-desenho-da-asia\/#breadcrumb\"},\"inLanguage\":\"en-US\",\"potentialAction\":[{\"@type\":\"ReadAction\",\"target\":[\"https:\/\/www.asiadies.com\/index.php\/pt\/product\/fornecedor-de-matrizes-para-desenho-da-asia\/\"]}]},{\"@type\":\"BreadcrumbList\",\"@id\":\"https:\/\/www.asiadies.com\/index.php\/pt\/product\/fornecedor-de-matrizes-para-desenho-da-asia\/#breadcrumb\",\"itemListElement\":[{\"@type\":\"ListItem\",\"position\":1,\"name\":\"Home\",\"item\":\"https:\/\/www.asiadies.com\/index.php\/en\/home\/\"},{\"@type\":\"ListItem\",\"position\":2,\"name\":\"Products\",\"item\":\"https:\/\/www.asiadies.com\/index.php\/pt\/products\/\"},{\"@type\":\"ListItem\",\"position\":3,\"name\":\"Fornecedor de matrizes para desenho da \\u00c1sia\"}]}]}<\/script>\n<!-- \/ Yoast SEO plugin. -->","yoast_head_json":{"title":"Fornecedor de matrizes para desenho da \u00c1sia |","robots":{"index":"index","follow":"follow","max-snippet":"max-snippet:-1","max-image-preview":"max-image-preview:large","max-video-preview":"max-video-preview:-1"},"canonical":"https:\/\/www.asiadies.com\/index.php\/pt\/product\/fornecedor-de-matrizes-para-desenho-da-asia\/","og_locale":"en_US","og_type":"article","og_title":"Fornecedor de matrizes para desenho da \u00c1sia |","og_description":"\u00a0Quantidade m\u00ednima do pedido: 1 PCS  Capacidade de produ\u00e7\u00e3o mensal: 1000-2000 pe\u00e7as  Marca: Asia\u00a0Dies  Processamento: pode ser personalizado  pa\u00eds de origem : Fuji Japan \/ Ceratizit \/ Chunbao TaiWan \/ Others","og_url":"https:\/\/www.asiadies.com\/index.php\/pt\/product\/fornecedor-de-matrizes-para-desenho-da-asia\/","article_modified_time":"2021-09-28T08:35:46+00:00","og_image":[{"width":600,"height":600,"url":"https:\/\/asiadies.yuanjie.online\/wp-content\/uploads\/2021\/09\/B6A33845.png","path":"\/var\/www\/html\/www.asiadies.com\/wp-content\/uploads\/2021\/09\/B6A33845.png","size":"full","id":4114,"alt":"Asian Ziehsteine Lieferant","pixels":360000,"type":"image\/png"}],"twitter_card":"summary_large_image","twitter_misc":{"Est. reading time":"2 minutes"},"schema":{"@context":"https:\/\/schema.org","@graph":[{"@type":"Organization","@id":"https:\/\/www.asiadies.com\/#organization","name":"Asia Dies Tools","url":"https:\/\/www.asiadies.com\/","sameAs":[],"logo":{"@type":"ImageObject","@id":"https:\/\/www.asiadies.com\/#logo","inLanguage":"en-US","url":"https:\/\/www.asiadies.com\/wp-content\/uploads\/2021\/08\/Home-Logo-1Home-Top-Left-ratio-3-1.png","contentUrl":"https:\/\/www.asiadies.com\/wp-content\/uploads\/2021\/08\/Home-Logo-1Home-Top-Left-ratio-3-1.png","width":2000,"height":666,"caption":"Asia Dies Tools"},"image":{"@id":"https:\/\/www.asiadies.com\/#logo"}},{"@type":"WebSite","@id":"https:\/\/www.asiadies.com\/#website","url":"https:\/\/www.asiadies.com\/","name":"ASIA DIES","description":"Professional hardware service provider","publisher":{"@id":"https:\/\/www.asiadies.com\/#organization"},"potentialAction":[{"@type":"SearchAction","target":{"@type":"EntryPoint","urlTemplate":"https:\/\/www.asiadies.com\/?s={search_term_string}"},"query-input":"required name=search_term_string"}],"inLanguage":"en-US"},{"@type":"ImageObject","@id":"https:\/\/www.asiadies.com\/index.php\/pt\/product\/fornecedor-de-matrizes-para-desenho-da-asia\/#primaryimage","inLanguage":"en-US","url":"https:\/\/www.asiadies.com\/wp-content\/uploads\/2021\/09\/B6A33845.png","contentUrl":"https:\/\/www.asiadies.com\/wp-content\/uploads\/2021\/09\/B6A33845.png","width":600,"height":600,"caption":"Asian Ziehsteine Lieferant"},{"@type":"WebPage","@id":"https:\/\/www.asiadies.com\/index.php\/pt\/product\/fornecedor-de-matrizes-para-desenho-da-asia\/#webpage","url":"https:\/\/www.asiadies.com\/index.php\/pt\/product\/fornecedor-de-matrizes-para-desenho-da-asia\/","name":"Fornecedor de matrizes para desenho da \u00c1sia |","isPartOf":{"@id":"https:\/\/www.asiadies.com\/#website"},"primaryImageOfPage":{"@id":"https:\/\/www.asiadies.com\/index.php\/pt\/product\/fornecedor-de-matrizes-para-desenho-da-asia\/#primaryimage"},"datePublished":"2021-09-23T06:29:24+00:00","dateModified":"2021-09-28T08:35:46+00:00","breadcrumb":{"@id":"https:\/\/www.asiadies.com\/index.php\/pt\/product\/fornecedor-de-matrizes-para-desenho-da-asia\/#breadcrumb"},"inLanguage":"en-US","potentialAction":[{"@type":"ReadAction","target":["https:\/\/www.asiadies.com\/index.php\/pt\/product\/fornecedor-de-matrizes-para-desenho-da-asia\/"]}]},{"@type":"BreadcrumbList","@id":"https:\/\/www.asiadies.com\/index.php\/pt\/product\/fornecedor-de-matrizes-para-desenho-da-asia\/#breadcrumb","itemListElement":[{"@type":"ListItem","position":1,"name":"Home","item":"https:\/\/www.asiadies.com\/index.php\/en\/home\/"},{"@type":"ListItem","position":2,"name":"Products","item":"https:\/\/www.asiadies.com\/index.php\/pt\/products\/"},{"@type":"ListItem","position":3,"name":"Fornecedor de matrizes para desenho da \u00c1sia"}]}]}},"_links":{"self":[{"href":"https:\/\/www.asiadies.com\/index.php\/wp-json\/wp\/v2\/product\/5077"}],"collection":[{"href":"https:\/\/www.asiadies.com\/index.php\/wp-json\/wp\/v2\/product"}],"about":[{"href":"https:\/\/www.asiadies.com\/index.php\/wp-json\/wp\/v2\/types\/product"}],"version-history":[{"count":4,"href":"https:\/\/www.asiadies.com\/index.php\/wp-json\/wp\/v2\/product\/5077\/revisions"}],"predecessor-version":[{"id":5817,"href":"https:\/\/www.asiadies.com\/index.php\/wp-json\/wp\/v2\/product\/5077\/revisions\/5817"}],"wp:featuredmedia":[{"embeddable":true,"href":"https:\/\/www.asiadies.com\/index.php\/wp-json\/wp\/v2\/media\/4114"}],"wp:attachment":[{"href":"https:\/\/www.asiadies.com\/index.php\/wp-json\/wp\/v2\/media?parent=5077"}],"wp:term":[{"taxonomy":"product_cat","embeddable":true,"href":"https:\/\/www.asiadies.com\/index.php\/wp-json\/wp\/v2\/product_cat?post=5077"},{"taxonomy":"product_tag","embeddable":true,"href":"https:\/\/www.asiadies.com\/index.php\/wp-json\/wp\/v2\/product_tag?post=5077"}],"curies":[{"name":"wp","href":"https:\/\/api.w.org\/{rel}","templated":true}]}}