{"id":5059,"date":"2021-09-23T13:59:24","date_gmt":"2021-09-23T05:59:24","guid":{"rendered":"https:\/\/www.asiadies.com\/?post_type=product&#038;p=5059"},"modified":"2021-09-28T16:34:23","modified_gmt":"2021-09-28T08:34:23","slug":"fabricante-de-puncao-de-aco-de-tungstenio","status":"publish","type":"product","link":"https:\/\/www.asiadies.com\/index.php\/pt\/product\/fabricante-de-puncao-de-aco-de-tungstenio\/","title":{"rendered":"Fabricante de pun\u00e7\u00e3o de a\u00e7o de tungst\u00eanio"},"content":{"rendered":"<p><img loading=\"lazy\" class=\"alignnone size-full wp-image-4042\" src=\"https:\/\/www.asiadies.com\/wp-content\/uploads\/2021\/09\/Tungsten-steel-punch.jpg\" alt=\"\" width=\"750\" height=\"750\" \/><img loading=\"lazy\" class=\"alignnone size-full wp-image-4043\" src=\"https:\/\/www.asiadies.com\/wp-content\/uploads\/2021\/09\/Tungsten-steel-punch-3.jpg\" alt=\"\" width=\"750\" height=\"1500\" \/><img loading=\"lazy\" class=\"alignnone size-full wp-image-4044\" src=\"https:\/\/www.asiadies.com\/wp-content\/uploads\/2021\/09\/Tungsten-steel-punch-2.jpg\" alt=\"\" width=\"750\" height=\"749\" \/><img loading=\"lazy\" class=\"alignnone size-full wp-image-4045\" src=\"https:\/\/www.asiadies.com\/wp-content\/uploads\/2021\/09\/Tungsten-steel-punch-5.jpg\" alt=\"\" width=\"750\" height=\"1500\" \/><img loading=\"lazy\" class=\"alignnone size-full wp-image-4046\" src=\"https:\/\/www.asiadies.com\/wp-content\/uploads\/2021\/09\/Tungsten-steel-punch-4.jpg\" alt=\"\" width=\"750\" height=\"1500\" \/><img loading=\"lazy\" class=\"alignnone size-full wp-image-4047\" src=\"https:\/\/www.asiadies.com\/wp-content\/uploads\/2021\/09\/Tungsten-steel-punch-6.jpg\" alt=\"\" width=\"750\" height=\"750\" \/><\/p>\n<!-- AddThis Advanced Settings generic via filter on the_content --><!-- AddThis Share Buttons generic via filter on the_content -->","protected":false},"excerpt":{"rendered":"<p><strong><b>\u00a0Quantidade m\u00ednima do pedido: 1 PCS<\/b><\/strong><\/p>\n<p><strong><b>Capacidade de produ\u00e7\u00e3o mensal: 1000-2000 pe\u00e7as<\/b><\/strong><\/p>\n<p><strong><b>\u00a0Marca: A<\/b><\/strong><strong><b>sia<\/b><\/strong><strong><b>\u00a0Dies<\/b><\/strong><\/p>\n<p><strong><b>Processamento: pode ser personalizado<\/b><\/strong><\/p>\n<p><strong><b>pa\u00eds de origem : Fuji Japan \/ Ceratizit \/ Chunbao TaiWan \/ Others <\/b><\/strong><!-- AddThis Advanced Settings generic via filter on get_the_excerpt --><!-- AddThis Share Buttons generic via filter on get_the_excerpt --><\/p>\n","protected":false},"featured_media":4050,"template":"","meta":[],"product_cat":[727],"product_tag":[],"yoast_head":"<!-- This site is optimized with the Yoast SEO plugin v17.0 - https:\/\/yoast.com\/wordpress\/plugins\/seo\/ -->\n<title>Fabricante de pun\u00e7\u00e3o de a\u00e7o de tungst\u00eanio |<\/title>\n<meta name=\"robots\" content=\"index, follow, max-snippet:-1, max-image-preview:large, max-video-preview:-1\" \/>\n<link rel=\"canonical\" href=\"https:\/\/www.asiadies.com\/index.php\/pt\/product\/fabricante-de-puncao-de-aco-de-tungstenio\/\" \/>\n<meta property=\"og:locale\" content=\"en_US\" \/>\n<meta property=\"og:type\" content=\"article\" \/>\n<meta property=\"og:title\" content=\"Fabricante de pun\u00e7\u00e3o de a\u00e7o de tungst\u00eanio |\" \/>\n<meta property=\"og:description\" content=\"\u00a0Quantidade m\u00ednima do pedido: 1 PCS  Capacidade de produ\u00e7\u00e3o mensal: 1000-2000 pe\u00e7as  \u00a0Marca: Asia\u00a0Dies  Processamento: pode ser personalizado  pa\u00eds de origem : Fuji Japan \/ Ceratizit \/ Chunbao TaiWan \/ Others\" \/>\n<meta property=\"og:url\" content=\"https:\/\/www.asiadies.com\/index.php\/pt\/product\/fabricante-de-puncao-de-aco-de-tungstenio\/\" \/>\n<meta property=\"article:modified_time\" content=\"2021-09-28T08:34:23+00:00\" \/>\n<meta property=\"og:image\" content=\"https:\/\/asiadies.yuanjie.online\/wp-content\/uploads\/2021\/09\/B6A3434.jpg\" \/>\n\t<meta property=\"og:image:width\" content=\"600\" \/>\n\t<meta property=\"og:image:height\" content=\"600\" \/>\n<meta name=\"twitter:card\" content=\"summary_large_image\" \/>\n<meta name=\"twitter:label1\" content=\"Est. reading time\" \/>\n\t<meta name=\"twitter:data1\" content=\"2 minutes\" \/>\n<script type=\"application\/ld+json\" class=\"yoast-schema-graph\">{\"@context\":\"https:\/\/schema.org\",\"@graph\":[{\"@type\":\"Organization\",\"@id\":\"https:\/\/www.asiadies.com\/#organization\",\"name\":\"Asia Dies Tools\",\"url\":\"https:\/\/www.asiadies.com\/\",\"sameAs\":[],\"logo\":{\"@type\":\"ImageObject\",\"@id\":\"https:\/\/www.asiadies.com\/#logo\",\"inLanguage\":\"en-US\",\"url\":\"https:\/\/www.asiadies.com\/wp-content\/uploads\/2021\/08\/Home-Logo-1Home-Top-Left-ratio-3-1.png\",\"contentUrl\":\"https:\/\/www.asiadies.com\/wp-content\/uploads\/2021\/08\/Home-Logo-1Home-Top-Left-ratio-3-1.png\",\"width\":2000,\"height\":666,\"caption\":\"Asia Dies Tools\"},\"image\":{\"@id\":\"https:\/\/www.asiadies.com\/#logo\"}},{\"@type\":\"WebSite\",\"@id\":\"https:\/\/www.asiadies.com\/#website\",\"url\":\"https:\/\/www.asiadies.com\/\",\"name\":\"ASIA DIES\",\"description\":\"Professional hardware service provider\",\"publisher\":{\"@id\":\"https:\/\/www.asiadies.com\/#organization\"},\"potentialAction\":[{\"@type\":\"SearchAction\",\"target\":{\"@type\":\"EntryPoint\",\"urlTemplate\":\"https:\/\/www.asiadies.com\/?s={search_term_string}\"},\"query-input\":\"required name=search_term_string\"}],\"inLanguage\":\"en-US\"},{\"@type\":\"ImageObject\",\"@id\":\"https:\/\/www.asiadies.com\/index.php\/pt\/product\/fabricante-de-puncao-de-aco-de-tungstenio\/#primaryimage\",\"inLanguage\":\"en-US\",\"url\":\"https:\/\/www.asiadies.com\/wp-content\/uploads\/2021\/09\/B6A3434.jpg\",\"contentUrl\":\"https:\/\/www.asiadies.com\/wp-content\/uploads\/2021\/09\/B6A3434.jpg\",\"width\":600,\"height\":600,\"caption\":\"Fabricante de punzones de acero de tungsteno\"},{\"@type\":\"WebPage\",\"@id\":\"https:\/\/www.asiadies.com\/index.php\/pt\/product\/fabricante-de-puncao-de-aco-de-tungstenio\/#webpage\",\"url\":\"https:\/\/www.asiadies.com\/index.php\/pt\/product\/fabricante-de-puncao-de-aco-de-tungstenio\/\",\"name\":\"Fabricante de pun\\u00e7\\u00e3o de a\\u00e7o de tungst\\u00eanio |\",\"isPartOf\":{\"@id\":\"https:\/\/www.asiadies.com\/#website\"},\"primaryImageOfPage\":{\"@id\":\"https:\/\/www.asiadies.com\/index.php\/pt\/product\/fabricante-de-puncao-de-aco-de-tungstenio\/#primaryimage\"},\"datePublished\":\"2021-09-23T05:59:24+00:00\",\"dateModified\":\"2021-09-28T08:34:23+00:00\",\"breadcrumb\":{\"@id\":\"https:\/\/www.asiadies.com\/index.php\/pt\/product\/fabricante-de-puncao-de-aco-de-tungstenio\/#breadcrumb\"},\"inLanguage\":\"en-US\",\"potentialAction\":[{\"@type\":\"ReadAction\",\"target\":[\"https:\/\/www.asiadies.com\/index.php\/pt\/product\/fabricante-de-puncao-de-aco-de-tungstenio\/\"]}]},{\"@type\":\"BreadcrumbList\",\"@id\":\"https:\/\/www.asiadies.com\/index.php\/pt\/product\/fabricante-de-puncao-de-aco-de-tungstenio\/#breadcrumb\",\"itemListElement\":[{\"@type\":\"ListItem\",\"position\":1,\"name\":\"Home\",\"item\":\"https:\/\/www.asiadies.com\/index.php\/en\/home\/\"},{\"@type\":\"ListItem\",\"position\":2,\"name\":\"Products\",\"item\":\"https:\/\/www.asiadies.com\/index.php\/pt\/products\/\"},{\"@type\":\"ListItem\",\"position\":3,\"name\":\"Fabricante de pun\\u00e7\\u00e3o de a\\u00e7o de tungst\\u00eanio\"}]}]}<\/script>\n<!-- \/ Yoast SEO plugin. -->","yoast_head_json":{"title":"Fabricante de pun\u00e7\u00e3o de a\u00e7o de tungst\u00eanio |","robots":{"index":"index","follow":"follow","max-snippet":"max-snippet:-1","max-image-preview":"max-image-preview:large","max-video-preview":"max-video-preview:-1"},"canonical":"https:\/\/www.asiadies.com\/index.php\/pt\/product\/fabricante-de-puncao-de-aco-de-tungstenio\/","og_locale":"en_US","og_type":"article","og_title":"Fabricante de pun\u00e7\u00e3o de a\u00e7o de tungst\u00eanio |","og_description":"\u00a0Quantidade m\u00ednima do pedido: 1 PCS  Capacidade de produ\u00e7\u00e3o mensal: 1000-2000 pe\u00e7as  \u00a0Marca: Asia\u00a0Dies  Processamento: pode ser personalizado  pa\u00eds de origem : Fuji Japan \/ Ceratizit \/ Chunbao TaiWan \/ Others","og_url":"https:\/\/www.asiadies.com\/index.php\/pt\/product\/fabricante-de-puncao-de-aco-de-tungstenio\/","article_modified_time":"2021-09-28T08:34:23+00:00","og_image":[{"width":600,"height":600,"url":"https:\/\/asiadies.yuanjie.online\/wp-content\/uploads\/2021\/09\/B6A3434.jpg","path":"\/var\/www\/html\/www.asiadies.com\/wp-content\/uploads\/2021\/09\/B6A3434.jpg","size":"full","id":4050,"alt":"Asia Dies Hersteller von Wolframstahlstanzen","pixels":360000,"type":"image\/jpeg"}],"twitter_card":"summary_large_image","twitter_misc":{"Est. reading time":"2 minutes"},"schema":{"@context":"https:\/\/schema.org","@graph":[{"@type":"Organization","@id":"https:\/\/www.asiadies.com\/#organization","name":"Asia Dies Tools","url":"https:\/\/www.asiadies.com\/","sameAs":[],"logo":{"@type":"ImageObject","@id":"https:\/\/www.asiadies.com\/#logo","inLanguage":"en-US","url":"https:\/\/www.asiadies.com\/wp-content\/uploads\/2021\/08\/Home-Logo-1Home-Top-Left-ratio-3-1.png","contentUrl":"https:\/\/www.asiadies.com\/wp-content\/uploads\/2021\/08\/Home-Logo-1Home-Top-Left-ratio-3-1.png","width":2000,"height":666,"caption":"Asia Dies Tools"},"image":{"@id":"https:\/\/www.asiadies.com\/#logo"}},{"@type":"WebSite","@id":"https:\/\/www.asiadies.com\/#website","url":"https:\/\/www.asiadies.com\/","name":"ASIA DIES","description":"Professional hardware service provider","publisher":{"@id":"https:\/\/www.asiadies.com\/#organization"},"potentialAction":[{"@type":"SearchAction","target":{"@type":"EntryPoint","urlTemplate":"https:\/\/www.asiadies.com\/?s={search_term_string}"},"query-input":"required name=search_term_string"}],"inLanguage":"en-US"},{"@type":"ImageObject","@id":"https:\/\/www.asiadies.com\/index.php\/pt\/product\/fabricante-de-puncao-de-aco-de-tungstenio\/#primaryimage","inLanguage":"en-US","url":"https:\/\/www.asiadies.com\/wp-content\/uploads\/2021\/09\/B6A3434.jpg","contentUrl":"https:\/\/www.asiadies.com\/wp-content\/uploads\/2021\/09\/B6A3434.jpg","width":600,"height":600,"caption":"Fabricante de punzones de acero de tungsteno"},{"@type":"WebPage","@id":"https:\/\/www.asiadies.com\/index.php\/pt\/product\/fabricante-de-puncao-de-aco-de-tungstenio\/#webpage","url":"https:\/\/www.asiadies.com\/index.php\/pt\/product\/fabricante-de-puncao-de-aco-de-tungstenio\/","name":"Fabricante de pun\u00e7\u00e3o de a\u00e7o de tungst\u00eanio |","isPartOf":{"@id":"https:\/\/www.asiadies.com\/#website"},"primaryImageOfPage":{"@id":"https:\/\/www.asiadies.com\/index.php\/pt\/product\/fabricante-de-puncao-de-aco-de-tungstenio\/#primaryimage"},"datePublished":"2021-09-23T05:59:24+00:00","dateModified":"2021-09-28T08:34:23+00:00","breadcrumb":{"@id":"https:\/\/www.asiadies.com\/index.php\/pt\/product\/fabricante-de-puncao-de-aco-de-tungstenio\/#breadcrumb"},"inLanguage":"en-US","potentialAction":[{"@type":"ReadAction","target":["https:\/\/www.asiadies.com\/index.php\/pt\/product\/fabricante-de-puncao-de-aco-de-tungstenio\/"]}]},{"@type":"BreadcrumbList","@id":"https:\/\/www.asiadies.com\/index.php\/pt\/product\/fabricante-de-puncao-de-aco-de-tungstenio\/#breadcrumb","itemListElement":[{"@type":"ListItem","position":1,"name":"Home","item":"https:\/\/www.asiadies.com\/index.php\/en\/home\/"},{"@type":"ListItem","position":2,"name":"Products","item":"https:\/\/www.asiadies.com\/index.php\/pt\/products\/"},{"@type":"ListItem","position":3,"name":"Fabricante de pun\u00e7\u00e3o de a\u00e7o de tungst\u00eanio"}]}]}},"_links":{"self":[{"href":"https:\/\/www.asiadies.com\/index.php\/wp-json\/wp\/v2\/product\/5059"}],"collection":[{"href":"https:\/\/www.asiadies.com\/index.php\/wp-json\/wp\/v2\/product"}],"about":[{"href":"https:\/\/www.asiadies.com\/index.php\/wp-json\/wp\/v2\/types\/product"}],"version-history":[{"count":5,"href":"https:\/\/www.asiadies.com\/index.php\/wp-json\/wp\/v2\/product\/5059\/revisions"}],"predecessor-version":[{"id":5814,"href":"https:\/\/www.asiadies.com\/index.php\/wp-json\/wp\/v2\/product\/5059\/revisions\/5814"}],"wp:featuredmedia":[{"embeddable":true,"href":"https:\/\/www.asiadies.com\/index.php\/wp-json\/wp\/v2\/media\/4050"}],"wp:attachment":[{"href":"https:\/\/www.asiadies.com\/index.php\/wp-json\/wp\/v2\/media?parent=5059"}],"wp:term":[{"taxonomy":"product_cat","embeddable":true,"href":"https:\/\/www.asiadies.com\/index.php\/wp-json\/wp\/v2\/product_cat?post=5059"},{"taxonomy":"product_tag","embeddable":true,"href":"https:\/\/www.asiadies.com\/index.php\/wp-json\/wp\/v2\/product_tag?post=5059"}],"curies":[{"name":"wp","href":"https:\/\/api.w.org\/{rel}","templated":true}]}}