{"id":5057,"date":"2021-09-23T14:12:04","date_gmt":"2021-09-23T06:12:04","guid":{"rendered":"https:\/\/www.asiadies.com\/?post_type=product&#038;p=5057"},"modified":"2021-09-28T17:55:29","modified_gmt":"2021-09-28T09:55:29","slug":"matrizes-de-metal-duro-e-aco-segmentado","status":"publish","type":"product","link":"https:\/\/www.asiadies.com\/index.php\/pt\/product\/matrizes-de-metal-duro-e-aco-segmentado\/","title":{"rendered":"Asia Dies Matrizes de metal duro e a\u00e7o segmentado"},"content":{"rendered":"<figure id=\"attachment_4527\" aria-describedby=\"caption-attachment-4527\" style=\"width: 750px\" class=\"wp-caption alignnone\"><img loading=\"lazy\" class=\"size-full wp-image-4527\" src=\"https:\/\/www.asiadies.com\/wp-content\/uploads\/2021\/09\/Carbide-DiesSegmented-Steel-1.jpg\" alt=\"Carbide Dies&amp;Segmented Steel\" width=\"750\" height=\"750\" \/><figcaption id=\"caption-attachment-4527\" class=\"wp-caption-text\">Carbide Dies&amp;Segmented Steel<\/figcaption><\/figure>\n<p><img loading=\"lazy\" class=\"size-full wp-image-4528\" src=\"https:\/\/www.asiadies.com\/wp-content\/uploads\/2021\/09\/Carbide-DiesSegmented-Steel-3-1.jpg\" alt=\"Carbide Dies&amp;Segmented Steel\" width=\"750\" height=\"1500\" \/><\/p>\n<p><img loading=\"lazy\" class=\"size-full wp-image-4529\" src=\"https:\/\/www.asiadies.com\/wp-content\/uploads\/2021\/09\/Carbide-DiesSegmented-Steel-2-2.jpg\" alt=\"Carbide Dies&amp;Segmented Steel\" width=\"750\" height=\"750\" \/><\/p>\n<p><img loading=\"lazy\" class=\"size-full wp-image-4530\" src=\"https:\/\/www.asiadies.com\/wp-content\/uploads\/2021\/09\/Carbide-DiesSegmented-Steel-5-1.jpg\" alt=\"Carbide Dies&amp;Segmented Steel\" width=\"750\" height=\"1500\" \/><\/p>\n<p><img loading=\"lazy\" class=\"size-full wp-image-4531\" src=\"https:\/\/www.asiadies.com\/wp-content\/uploads\/2021\/09\/Carbide-DiesSegmented-Steel-4-1.jpg\" alt=\"Carbide Dies&amp;Segmented Steel\" width=\"750\" height=\"1500\" \/><\/p>\n<p><img loading=\"lazy\" class=\"size-full wp-image-4532\" src=\"https:\/\/www.asiadies.com\/wp-content\/uploads\/2021\/09\/Carbide-DiesSegmented-Steel-6-1.jpg\" alt=\"Carbide Dies&amp;Segmented Steel\" width=\"750\" height=\"750\" \/><\/p>\n<!-- AddThis Advanced Settings generic via filter on the_content --><!-- AddThis Share Buttons generic via filter on the_content -->","protected":false},"excerpt":{"rendered":"<p><strong><b>Quantidade m\u00ednima do pedido: 1 PCS<\/b><\/strong><\/p>\n<p><strong><b>Capacidade de produ\u00e7\u00e3o mensal: 1000-2000 pe\u00e7as<\/b><\/strong><\/p>\n<p><strong><b>\u00a0Marca: A<\/b><\/strong><strong><b>sia<\/b><\/strong><strong><b>\u00a0Dies<\/b><\/strong><\/p>\n<p><strong><b>Processamento: pode ser personalizado<\/b><\/strong><\/p>\n<p><strong><b>pa\u00eds de origem : Fuji Japan \/ Ceratizit \/ Chunbao TaiWan \/ Others <\/b><\/strong><!-- AddThis Advanced Settings generic via filter on get_the_excerpt --><!-- AddThis Share Buttons generic via filter on get_the_excerpt --><\/p>\n","protected":false},"featured_media":4324,"template":"","meta":[],"product_cat":[731,737],"product_tag":[],"yoast_head":"<!-- This site is optimized with the Yoast SEO plugin v17.0 - https:\/\/yoast.com\/wordpress\/plugins\/seo\/ -->\n<title>Asia Dies Matrizes de metal duro e a\u00e7o segmentado |<\/title>\n<meta name=\"robots\" content=\"index, follow, max-snippet:-1, max-image-preview:large, max-video-preview:-1\" \/>\n<link rel=\"canonical\" href=\"https:\/\/www.asiadies.com\/index.php\/pt\/product\/matrizes-de-metal-duro-e-aco-segmentado\/\" \/>\n<meta property=\"og:locale\" content=\"en_US\" \/>\n<meta property=\"og:type\" content=\"article\" \/>\n<meta property=\"og:title\" content=\"Asia Dies Matrizes de metal duro e a\u00e7o segmentado |\" \/>\n<meta property=\"og:description\" content=\"Quantidade m\u00ednima do pedido: 1 PCS  Capacidade de produ\u00e7\u00e3o mensal: 1000-2000 pe\u00e7as  \u00a0Marca: Asia\u00a0Dies  Processamento: pode ser personalizado  pa\u00eds de origem : Fuji Japan \/ Ceratizit \/ Chunbao TaiWan \/ Others\" \/>\n<meta property=\"og:url\" content=\"https:\/\/www.asiadies.com\/index.php\/pt\/product\/matrizes-de-metal-duro-e-aco-segmentado\/\" \/>\n<meta property=\"article:modified_time\" content=\"2021-09-28T09:55:29+00:00\" \/>\n<meta property=\"og:image\" content=\"https:\/\/asiadies.yuanjie.online\/wp-content\/uploads\/2021\/09\/10391B4D-022B-407d-9F0A-6D37D0D40B03.png\" \/>\n\t<meta property=\"og:image:width\" content=\"601\" \/>\n\t<meta property=\"og:image:height\" content=\"606\" \/>\n<meta name=\"twitter:card\" content=\"summary_large_image\" \/>\n<meta name=\"twitter:label1\" content=\"Est. reading time\" \/>\n\t<meta name=\"twitter:data1\" content=\"2 minutes\" \/>\n<script type=\"application\/ld+json\" class=\"yoast-schema-graph\">{\"@context\":\"https:\/\/schema.org\",\"@graph\":[{\"@type\":\"Organization\",\"@id\":\"https:\/\/www.asiadies.com\/#organization\",\"name\":\"Asia Dies Tools\",\"url\":\"https:\/\/www.asiadies.com\/\",\"sameAs\":[],\"logo\":{\"@type\":\"ImageObject\",\"@id\":\"https:\/\/www.asiadies.com\/#logo\",\"inLanguage\":\"en-US\",\"url\":\"https:\/\/www.asiadies.com\/wp-content\/uploads\/2021\/08\/Home-Logo-1Home-Top-Left-ratio-3-1.png\",\"contentUrl\":\"https:\/\/www.asiadies.com\/wp-content\/uploads\/2021\/08\/Home-Logo-1Home-Top-Left-ratio-3-1.png\",\"width\":2000,\"height\":666,\"caption\":\"Asia Dies Tools\"},\"image\":{\"@id\":\"https:\/\/www.asiadies.com\/#logo\"}},{\"@type\":\"WebSite\",\"@id\":\"https:\/\/www.asiadies.com\/#website\",\"url\":\"https:\/\/www.asiadies.com\/\",\"name\":\"ASIA DIES\",\"description\":\"Professional hardware service provider\",\"publisher\":{\"@id\":\"https:\/\/www.asiadies.com\/#organization\"},\"potentialAction\":[{\"@type\":\"SearchAction\",\"target\":{\"@type\":\"EntryPoint\",\"urlTemplate\":\"https:\/\/www.asiadies.com\/?s={search_term_string}\"},\"query-input\":\"required name=search_term_string\"}],\"inLanguage\":\"en-US\"},{\"@type\":\"ImageObject\",\"@id\":\"https:\/\/www.asiadies.com\/index.php\/pt\/product\/matrizes-de-metal-duro-e-aco-segmentado\/#primaryimage\",\"inLanguage\":\"en-US\",\"url\":\"https:\/\/www.asiadies.com\/wp-content\/uploads\/2021\/09\/10391B4D-022B-407d-9F0A-6D37D0D40B03.png\",\"contentUrl\":\"https:\/\/www.asiadies.com\/wp-content\/uploads\/2021\/09\/10391B4D-022B-407d-9F0A-6D37D0D40B03.png\",\"width\":601,\"height\":606,\"caption\":\"Matrizes de metal duro e a\\u00e7o segmentado\"},{\"@type\":\"WebPage\",\"@id\":\"https:\/\/www.asiadies.com\/index.php\/pt\/product\/matrizes-de-metal-duro-e-aco-segmentado\/#webpage\",\"url\":\"https:\/\/www.asiadies.com\/index.php\/pt\/product\/matrizes-de-metal-duro-e-aco-segmentado\/\",\"name\":\"Asia Dies Matrizes de metal duro e a\\u00e7o segmentado |\",\"isPartOf\":{\"@id\":\"https:\/\/www.asiadies.com\/#website\"},\"primaryImageOfPage\":{\"@id\":\"https:\/\/www.asiadies.com\/index.php\/pt\/product\/matrizes-de-metal-duro-e-aco-segmentado\/#primaryimage\"},\"datePublished\":\"2021-09-23T06:12:04+00:00\",\"dateModified\":\"2021-09-28T09:55:29+00:00\",\"breadcrumb\":{\"@id\":\"https:\/\/www.asiadies.com\/index.php\/pt\/product\/matrizes-de-metal-duro-e-aco-segmentado\/#breadcrumb\"},\"inLanguage\":\"en-US\",\"potentialAction\":[{\"@type\":\"ReadAction\",\"target\":[\"https:\/\/www.asiadies.com\/index.php\/pt\/product\/matrizes-de-metal-duro-e-aco-segmentado\/\"]}]},{\"@type\":\"BreadcrumbList\",\"@id\":\"https:\/\/www.asiadies.com\/index.php\/pt\/product\/matrizes-de-metal-duro-e-aco-segmentado\/#breadcrumb\",\"itemListElement\":[{\"@type\":\"ListItem\",\"position\":1,\"name\":\"Home\",\"item\":\"https:\/\/www.asiadies.com\/index.php\/en\/home\/\"},{\"@type\":\"ListItem\",\"position\":2,\"name\":\"Products\",\"item\":\"https:\/\/www.asiadies.com\/index.php\/pt\/products\/\"},{\"@type\":\"ListItem\",\"position\":3,\"name\":\"Asia Dies Matrizes de metal duro e a\\u00e7o segmentado\"}]}]}<\/script>\n<!-- \/ Yoast SEO plugin. -->","yoast_head_json":{"title":"Asia Dies Matrizes de metal duro e a\u00e7o segmentado |","robots":{"index":"index","follow":"follow","max-snippet":"max-snippet:-1","max-image-preview":"max-image-preview:large","max-video-preview":"max-video-preview:-1"},"canonical":"https:\/\/www.asiadies.com\/index.php\/pt\/product\/matrizes-de-metal-duro-e-aco-segmentado\/","og_locale":"en_US","og_type":"article","og_title":"Asia Dies Matrizes de metal duro e a\u00e7o segmentado |","og_description":"Quantidade m\u00ednima do pedido: 1 PCS  Capacidade de produ\u00e7\u00e3o mensal: 1000-2000 pe\u00e7as  \u00a0Marca: Asia\u00a0Dies  Processamento: pode ser personalizado  pa\u00eds de origem : Fuji Japan \/ Ceratizit \/ Chunbao TaiWan \/ Others","og_url":"https:\/\/www.asiadies.com\/index.php\/pt\/product\/matrizes-de-metal-duro-e-aco-segmentado\/","article_modified_time":"2021-09-28T09:55:29+00:00","og_image":[{"width":601,"height":606,"url":"https:\/\/asiadies.yuanjie.online\/wp-content\/uploads\/2021\/09\/10391B4D-022B-407d-9F0A-6D37D0D40B03.png","path":"\/var\/www\/html\/www.asiadies.com\/wp-content\/uploads\/2021\/09\/10391B4D-022B-407d-9F0A-6D37D0D40B03.png","size":"full","id":4324,"alt":"Matrizes de metal duro e a\u00e7o segmentado","pixels":364206,"type":"image\/png"}],"twitter_card":"summary_large_image","twitter_misc":{"Est. reading time":"2 minutes"},"schema":{"@context":"https:\/\/schema.org","@graph":[{"@type":"Organization","@id":"https:\/\/www.asiadies.com\/#organization","name":"Asia Dies Tools","url":"https:\/\/www.asiadies.com\/","sameAs":[],"logo":{"@type":"ImageObject","@id":"https:\/\/www.asiadies.com\/#logo","inLanguage":"en-US","url":"https:\/\/www.asiadies.com\/wp-content\/uploads\/2021\/08\/Home-Logo-1Home-Top-Left-ratio-3-1.png","contentUrl":"https:\/\/www.asiadies.com\/wp-content\/uploads\/2021\/08\/Home-Logo-1Home-Top-Left-ratio-3-1.png","width":2000,"height":666,"caption":"Asia Dies Tools"},"image":{"@id":"https:\/\/www.asiadies.com\/#logo"}},{"@type":"WebSite","@id":"https:\/\/www.asiadies.com\/#website","url":"https:\/\/www.asiadies.com\/","name":"ASIA DIES","description":"Professional hardware service provider","publisher":{"@id":"https:\/\/www.asiadies.com\/#organization"},"potentialAction":[{"@type":"SearchAction","target":{"@type":"EntryPoint","urlTemplate":"https:\/\/www.asiadies.com\/?s={search_term_string}"},"query-input":"required name=search_term_string"}],"inLanguage":"en-US"},{"@type":"ImageObject","@id":"https:\/\/www.asiadies.com\/index.php\/pt\/product\/matrizes-de-metal-duro-e-aco-segmentado\/#primaryimage","inLanguage":"en-US","url":"https:\/\/www.asiadies.com\/wp-content\/uploads\/2021\/09\/10391B4D-022B-407d-9F0A-6D37D0D40B03.png","contentUrl":"https:\/\/www.asiadies.com\/wp-content\/uploads\/2021\/09\/10391B4D-022B-407d-9F0A-6D37D0D40B03.png","width":601,"height":606,"caption":"Matrizes de metal duro e a\u00e7o segmentado"},{"@type":"WebPage","@id":"https:\/\/www.asiadies.com\/index.php\/pt\/product\/matrizes-de-metal-duro-e-aco-segmentado\/#webpage","url":"https:\/\/www.asiadies.com\/index.php\/pt\/product\/matrizes-de-metal-duro-e-aco-segmentado\/","name":"Asia Dies Matrizes de metal duro e a\u00e7o segmentado |","isPartOf":{"@id":"https:\/\/www.asiadies.com\/#website"},"primaryImageOfPage":{"@id":"https:\/\/www.asiadies.com\/index.php\/pt\/product\/matrizes-de-metal-duro-e-aco-segmentado\/#primaryimage"},"datePublished":"2021-09-23T06:12:04+00:00","dateModified":"2021-09-28T09:55:29+00:00","breadcrumb":{"@id":"https:\/\/www.asiadies.com\/index.php\/pt\/product\/matrizes-de-metal-duro-e-aco-segmentado\/#breadcrumb"},"inLanguage":"en-US","potentialAction":[{"@type":"ReadAction","target":["https:\/\/www.asiadies.com\/index.php\/pt\/product\/matrizes-de-metal-duro-e-aco-segmentado\/"]}]},{"@type":"BreadcrumbList","@id":"https:\/\/www.asiadies.com\/index.php\/pt\/product\/matrizes-de-metal-duro-e-aco-segmentado\/#breadcrumb","itemListElement":[{"@type":"ListItem","position":1,"name":"Home","item":"https:\/\/www.asiadies.com\/index.php\/en\/home\/"},{"@type":"ListItem","position":2,"name":"Products","item":"https:\/\/www.asiadies.com\/index.php\/pt\/products\/"},{"@type":"ListItem","position":3,"name":"Asia Dies Matrizes de metal duro e a\u00e7o segmentado"}]}]}},"_links":{"self":[{"href":"https:\/\/www.asiadies.com\/index.php\/wp-json\/wp\/v2\/product\/5057"}],"collection":[{"href":"https:\/\/www.asiadies.com\/index.php\/wp-json\/wp\/v2\/product"}],"about":[{"href":"https:\/\/www.asiadies.com\/index.php\/wp-json\/wp\/v2\/types\/product"}],"version-history":[{"count":6,"href":"https:\/\/www.asiadies.com\/index.php\/wp-json\/wp\/v2\/product\/5057\/revisions"}],"predecessor-version":[{"id":5872,"href":"https:\/\/www.asiadies.com\/index.php\/wp-json\/wp\/v2\/product\/5057\/revisions\/5872"}],"wp:featuredmedia":[{"embeddable":true,"href":"https:\/\/www.asiadies.com\/index.php\/wp-json\/wp\/v2\/media\/4324"}],"wp:attachment":[{"href":"https:\/\/www.asiadies.com\/index.php\/wp-json\/wp\/v2\/media?parent=5057"}],"wp:term":[{"taxonomy":"product_cat","embeddable":true,"href":"https:\/\/www.asiadies.com\/index.php\/wp-json\/wp\/v2\/product_cat?post=5057"},{"taxonomy":"product_tag","embeddable":true,"href":"https:\/\/www.asiadies.com\/index.php\/wp-json\/wp\/v2\/product_tag?post=5057"}],"curies":[{"name":"wp","href":"https:\/\/api.w.org\/{rel}","templated":true}]}}