{"id":4872,"date":"2021-09-18T15:46:04","date_gmt":"2021-09-18T07:46:04","guid":{"rendered":"https:\/\/www.asiadies.com\/?post_type=product&#038;p=4872"},"modified":"2021-09-29T17:06:37","modified_gmt":"2021-09-29T09:06:37","slug":"fabricante-de-troqueles-de-sujetadores-de-punzon-superior","status":"publish","type":"product","link":"https:\/\/www.asiadies.com\/index.php\/es\/product\/fabricante-de-troqueles-de-sujetadores-de-punzon-superior\/","title":{"rendered":"Fabricante de troqueles de sujetadores de punz\u00f3n superior"},"content":{"rendered":"<p><img loading=\"lazy\" class=\"size-full wp-image-4027\" src=\"https:\/\/www.asiadies.com\/wp-content\/uploads\/2021\/09\/Upper-punch.jpg\" alt=\"\" width=\"750\" height=\"750\" \/><\/p>\n<p><img loading=\"lazy\" class=\"size-full wp-image-4028 alignleft\" src=\"https:\/\/www.asiadies.com\/wp-content\/uploads\/2021\/09\/Upper-punch-3.jpg\" alt=\"\" width=\"750\" height=\"1500\" \/>\u00a0 \u00a0 <img loading=\"lazy\" class=\"alignnone wp-image-4029\" src=\"https:\/\/www.asiadies.com\/wp-content\/uploads\/2021\/09\/Upper-punch-2.jpg\" alt=\"\" width=\"726\" height=\"726\" \/>\u00a0 \u00a0 \u00a0 \u00a0 <img loading=\"lazy\" class=\"alignnone wp-image-4030\" src=\"https:\/\/www.asiadies.com\/wp-content\/uploads\/2021\/09\/Upper-punch-5.jpg\" alt=\"\" width=\"725\" height=\"1450\" \/> <img loading=\"lazy\" class=\"wp-image-4031 alignleft\" src=\"https:\/\/www.asiadies.com\/wp-content\/uploads\/2021\/09\/Upper-punch-4.jpg\" alt=\"\" width=\"711\" height=\"1422\" \/> \u00a0 \u00a0 <img loading=\"lazy\" class=\"alignnone wp-image-4032\" src=\"https:\/\/www.asiadies.com\/wp-content\/uploads\/2021\/09\/Upper-punch-6.jpg\" alt=\"\" width=\"710\" height=\"710\" \/><\/p>\n<!-- AddThis Advanced Settings generic via filter on the_content --><!-- AddThis Share Buttons generic via filter on the_content -->","protected":false},"excerpt":{"rendered":"<p>Cantidad de orden m\u00ednima: 1PCS<\/p>\n<p>Capacidad de producci\u00f3n mensual: 1000-2000 piezas<\/p>\n<p>Origen del material\uff1aFuji Japan \/ Ceratizit \/ Chunbao TaiWan \/ Others<\/p>\n<p>Marca: Asia Dies<\/p>\n<p>Procesamiento: se puede personalizar<\/p>\n<p>Proceso: pulido<!-- AddThis Advanced Settings generic via filter on get_the_excerpt --><!-- AddThis Share Buttons generic via filter on get_the_excerpt --><\/p>\n","protected":false},"featured_media":4036,"template":"","meta":[],"product_cat":[773],"product_tag":[],"yoast_head":"<!-- This site is optimized with the Yoast SEO plugin v17.0 - https:\/\/yoast.com\/wordpress\/plugins\/seo\/ -->\n<title>Fabricante de troqueles de sujetadores de punz\u00f3n superior |<\/title>\n<meta name=\"robots\" content=\"index, follow, max-snippet:-1, max-image-preview:large, max-video-preview:-1\" \/>\n<link rel=\"canonical\" href=\"https:\/\/www.asiadies.com\/index.php\/es\/product\/fabricante-de-troqueles-de-sujetadores-de-punzon-superior\/\" \/>\n<meta property=\"og:locale\" content=\"en_US\" \/>\n<meta property=\"og:type\" content=\"article\" \/>\n<meta property=\"og:title\" content=\"Fabricante de troqueles de sujetadores de punz\u00f3n superior |\" \/>\n<meta property=\"og:description\" content=\"Cantidad de orden m\u00ednima: 1PCS  Capacidad de producci\u00f3n mensual: 1000-2000 piezas  Origen del material\uff1aFuji Japan \/ Ceratizit \/ Chunbao TaiWan \/ Others  Marca: Asia Dies  Procesamiento: se puede personalizar  Proceso: pulido\" \/>\n<meta property=\"og:url\" content=\"https:\/\/www.asiadies.com\/index.php\/es\/product\/fabricante-de-troqueles-de-sujetadores-de-punzon-superior\/\" \/>\n<meta property=\"article:modified_time\" content=\"2021-09-29T09:06:37+00:00\" \/>\n<meta property=\"og:image\" content=\"https:\/\/asiadies.yuanjie.online\/wp-content\/uploads\/2021\/09\/B6A3359.jpg\" \/>\n\t<meta property=\"og:image:width\" content=\"600\" \/>\n\t<meta property=\"og:image:height\" content=\"600\" \/>\n<meta name=\"twitter:card\" content=\"summary_large_image\" \/>\n<script type=\"application\/ld+json\" class=\"yoast-schema-graph\">{\"@context\":\"https:\/\/schema.org\",\"@graph\":[{\"@type\":\"Organization\",\"@id\":\"https:\/\/www.asiadies.com\/#organization\",\"name\":\"Asia Dies Tools\",\"url\":\"https:\/\/www.asiadies.com\/\",\"sameAs\":[],\"logo\":{\"@type\":\"ImageObject\",\"@id\":\"https:\/\/www.asiadies.com\/#logo\",\"inLanguage\":\"en-US\",\"url\":\"https:\/\/www.asiadies.com\/wp-content\/uploads\/2021\/08\/Home-Logo-1Home-Top-Left-ratio-3-1.png\",\"contentUrl\":\"https:\/\/www.asiadies.com\/wp-content\/uploads\/2021\/08\/Home-Logo-1Home-Top-Left-ratio-3-1.png\",\"width\":2000,\"height\":666,\"caption\":\"Asia Dies Tools\"},\"image\":{\"@id\":\"https:\/\/www.asiadies.com\/#logo\"}},{\"@type\":\"WebSite\",\"@id\":\"https:\/\/www.asiadies.com\/#website\",\"url\":\"https:\/\/www.asiadies.com\/\",\"name\":\"ASIA DIES\",\"description\":\"Professional hardware service provider\",\"publisher\":{\"@id\":\"https:\/\/www.asiadies.com\/#organization\"},\"potentialAction\":[{\"@type\":\"SearchAction\",\"target\":{\"@type\":\"EntryPoint\",\"urlTemplate\":\"https:\/\/www.asiadies.com\/?s={search_term_string}\"},\"query-input\":\"required name=search_term_string\"}],\"inLanguage\":\"en-US\"},{\"@type\":\"ImageObject\",\"@id\":\"https:\/\/www.asiadies.com\/index.php\/es\/product\/fabricante-de-troqueles-de-sujetadores-de-punzon-superior\/#primaryimage\",\"inLanguage\":\"en-US\",\"url\":\"https:\/\/www.asiadies.com\/wp-content\/uploads\/2021\/09\/B6A3359.jpg\",\"contentUrl\":\"https:\/\/www.asiadies.com\/wp-content\/uploads\/2021\/09\/B6A3359.jpg\",\"width\":600,\"height\":600,\"caption\":\"Asia Dies Soco superior\"},{\"@type\":\"WebPage\",\"@id\":\"https:\/\/www.asiadies.com\/index.php\/es\/product\/fabricante-de-troqueles-de-sujetadores-de-punzon-superior\/#webpage\",\"url\":\"https:\/\/www.asiadies.com\/index.php\/es\/product\/fabricante-de-troqueles-de-sujetadores-de-punzon-superior\/\",\"name\":\"Fabricante de troqueles de sujetadores de punz\\u00f3n superior |\",\"isPartOf\":{\"@id\":\"https:\/\/www.asiadies.com\/#website\"},\"primaryImageOfPage\":{\"@id\":\"https:\/\/www.asiadies.com\/index.php\/es\/product\/fabricante-de-troqueles-de-sujetadores-de-punzon-superior\/#primaryimage\"},\"datePublished\":\"2021-09-18T07:46:04+00:00\",\"dateModified\":\"2021-09-29T09:06:37+00:00\",\"breadcrumb\":{\"@id\":\"https:\/\/www.asiadies.com\/index.php\/es\/product\/fabricante-de-troqueles-de-sujetadores-de-punzon-superior\/#breadcrumb\"},\"inLanguage\":\"en-US\",\"potentialAction\":[{\"@type\":\"ReadAction\",\"target\":[\"https:\/\/www.asiadies.com\/index.php\/es\/product\/fabricante-de-troqueles-de-sujetadores-de-punzon-superior\/\"]}]},{\"@type\":\"BreadcrumbList\",\"@id\":\"https:\/\/www.asiadies.com\/index.php\/es\/product\/fabricante-de-troqueles-de-sujetadores-de-punzon-superior\/#breadcrumb\",\"itemListElement\":[{\"@type\":\"ListItem\",\"position\":1,\"name\":\"Home\",\"item\":\"https:\/\/www.asiadies.com\/index.php\/en\/home\/\"},{\"@type\":\"ListItem\",\"position\":2,\"name\":\"Products\",\"item\":\"https:\/\/www.asiadies.com\/index.php\/pt\/products\/\"},{\"@type\":\"ListItem\",\"position\":3,\"name\":\"Fabricante de troqueles de sujetadores de punz\\u00f3n superior\"}]}]}<\/script>\n<!-- \/ Yoast SEO plugin. -->","yoast_head_json":{"title":"Fabricante de troqueles de sujetadores de punz\u00f3n superior |","robots":{"index":"index","follow":"follow","max-snippet":"max-snippet:-1","max-image-preview":"max-image-preview:large","max-video-preview":"max-video-preview:-1"},"canonical":"https:\/\/www.asiadies.com\/index.php\/es\/product\/fabricante-de-troqueles-de-sujetadores-de-punzon-superior\/","og_locale":"en_US","og_type":"article","og_title":"Fabricante de troqueles de sujetadores de punz\u00f3n superior |","og_description":"Cantidad de orden m\u00ednima: 1PCS  Capacidad de producci\u00f3n mensual: 1000-2000 piezas  Origen del material\uff1aFuji Japan \/ Ceratizit \/ Chunbao TaiWan \/ Others  Marca: Asia Dies  Procesamiento: se puede personalizar  Proceso: pulido","og_url":"https:\/\/www.asiadies.com\/index.php\/es\/product\/fabricante-de-troqueles-de-sujetadores-de-punzon-superior\/","article_modified_time":"2021-09-29T09:06:37+00:00","og_image":[{"width":600,"height":600,"url":"https:\/\/asiadies.yuanjie.online\/wp-content\/uploads\/2021\/09\/B6A3359.jpg","path":"\/var\/www\/html\/www.asiadies.com\/wp-content\/uploads\/2021\/09\/B6A3359.jpg","size":"full","id":4036,"alt":"AAsia Dies Soco superior","pixels":360000,"type":"image\/jpeg"}],"twitter_card":"summary_large_image","schema":{"@context":"https:\/\/schema.org","@graph":[{"@type":"Organization","@id":"https:\/\/www.asiadies.com\/#organization","name":"Asia Dies Tools","url":"https:\/\/www.asiadies.com\/","sameAs":[],"logo":{"@type":"ImageObject","@id":"https:\/\/www.asiadies.com\/#logo","inLanguage":"en-US","url":"https:\/\/www.asiadies.com\/wp-content\/uploads\/2021\/08\/Home-Logo-1Home-Top-Left-ratio-3-1.png","contentUrl":"https:\/\/www.asiadies.com\/wp-content\/uploads\/2021\/08\/Home-Logo-1Home-Top-Left-ratio-3-1.png","width":2000,"height":666,"caption":"Asia Dies Tools"},"image":{"@id":"https:\/\/www.asiadies.com\/#logo"}},{"@type":"WebSite","@id":"https:\/\/www.asiadies.com\/#website","url":"https:\/\/www.asiadies.com\/","name":"ASIA DIES","description":"Professional hardware service provider","publisher":{"@id":"https:\/\/www.asiadies.com\/#organization"},"potentialAction":[{"@type":"SearchAction","target":{"@type":"EntryPoint","urlTemplate":"https:\/\/www.asiadies.com\/?s={search_term_string}"},"query-input":"required name=search_term_string"}],"inLanguage":"en-US"},{"@type":"ImageObject","@id":"https:\/\/www.asiadies.com\/index.php\/es\/product\/fabricante-de-troqueles-de-sujetadores-de-punzon-superior\/#primaryimage","inLanguage":"en-US","url":"https:\/\/www.asiadies.com\/wp-content\/uploads\/2021\/09\/B6A3359.jpg","contentUrl":"https:\/\/www.asiadies.com\/wp-content\/uploads\/2021\/09\/B6A3359.jpg","width":600,"height":600,"caption":"Asia Dies Soco superior"},{"@type":"WebPage","@id":"https:\/\/www.asiadies.com\/index.php\/es\/product\/fabricante-de-troqueles-de-sujetadores-de-punzon-superior\/#webpage","url":"https:\/\/www.asiadies.com\/index.php\/es\/product\/fabricante-de-troqueles-de-sujetadores-de-punzon-superior\/","name":"Fabricante de troqueles de sujetadores de punz\u00f3n superior |","isPartOf":{"@id":"https:\/\/www.asiadies.com\/#website"},"primaryImageOfPage":{"@id":"https:\/\/www.asiadies.com\/index.php\/es\/product\/fabricante-de-troqueles-de-sujetadores-de-punzon-superior\/#primaryimage"},"datePublished":"2021-09-18T07:46:04+00:00","dateModified":"2021-09-29T09:06:37+00:00","breadcrumb":{"@id":"https:\/\/www.asiadies.com\/index.php\/es\/product\/fabricante-de-troqueles-de-sujetadores-de-punzon-superior\/#breadcrumb"},"inLanguage":"en-US","potentialAction":[{"@type":"ReadAction","target":["https:\/\/www.asiadies.com\/index.php\/es\/product\/fabricante-de-troqueles-de-sujetadores-de-punzon-superior\/"]}]},{"@type":"BreadcrumbList","@id":"https:\/\/www.asiadies.com\/index.php\/es\/product\/fabricante-de-troqueles-de-sujetadores-de-punzon-superior\/#breadcrumb","itemListElement":[{"@type":"ListItem","position":1,"name":"Home","item":"https:\/\/www.asiadies.com\/index.php\/en\/home\/"},{"@type":"ListItem","position":2,"name":"Products","item":"https:\/\/www.asiadies.com\/index.php\/pt\/products\/"},{"@type":"ListItem","position":3,"name":"Fabricante de troqueles de sujetadores de punz\u00f3n superior"}]}]}},"_links":{"self":[{"href":"https:\/\/www.asiadies.com\/index.php\/wp-json\/wp\/v2\/product\/4872"}],"collection":[{"href":"https:\/\/www.asiadies.com\/index.php\/wp-json\/wp\/v2\/product"}],"about":[{"href":"https:\/\/www.asiadies.com\/index.php\/wp-json\/wp\/v2\/types\/product"}],"version-history":[{"count":5,"href":"https:\/\/www.asiadies.com\/index.php\/wp-json\/wp\/v2\/product\/4872\/revisions"}],"predecessor-version":[{"id":5975,"href":"https:\/\/www.asiadies.com\/index.php\/wp-json\/wp\/v2\/product\/4872\/revisions\/5975"}],"wp:featuredmedia":[{"embeddable":true,"href":"https:\/\/www.asiadies.com\/index.php\/wp-json\/wp\/v2\/media\/4036"}],"wp:attachment":[{"href":"https:\/\/www.asiadies.com\/index.php\/wp-json\/wp\/v2\/media?parent=4872"}],"wp:term":[{"taxonomy":"product_cat","embeddable":true,"href":"https:\/\/www.asiadies.com\/index.php\/wp-json\/wp\/v2\/product_cat?post=4872"},{"taxonomy":"product_tag","embeddable":true,"href":"https:\/\/www.asiadies.com\/index.php\/wp-json\/wp\/v2\/product_tag?post=4872"}],"curies":[{"name":"wp","href":"https:\/\/api.w.org\/{rel}","templated":true}]}}