{"id":4774,"date":"2021-09-18T11:34:41","date_gmt":"2021-09-18T03:34:41","guid":{"rendered":"https:\/\/www.asiadies.com\/?post_type=product&#038;p=4774"},"modified":"2021-09-28T15:20:19","modified_gmt":"2021-09-28T07:20:19","slug":"ziehsteine-zur-befestigung-von-formteilen","status":"publish","type":"product","link":"https:\/\/www.asiadies.com\/index.php\/de\/product\/ziehsteine-zur-befestigung-von-formteilen\/","title":{"rendered":"Ziehsteine zur Befestigung von Formteilen"},"content":{"rendered":"<figure id=\"attachment_4083\" aria-describedby=\"caption-attachment-4083\" style=\"width: 750px\" class=\"wp-caption alignnone\"><img loading=\"lazy\" class=\"size-full wp-image-4083\" src=\"https:\/\/www.asiadies.com\/wp-content\/uploads\/2021\/09\/Drawing-Dies-Fastening-Molded-Parts.jpg\" alt=\"Drawing Dies Fastening Molded Parts\" width=\"750\" height=\"750\" \/><figcaption id=\"caption-attachment-4083\" class=\"wp-caption-text\">Drawing Dies Fastening Molded Parts<\/figcaption><\/figure>\n<p><img loading=\"lazy\" class=\"alignnone size-full wp-image-4084\" src=\"https:\/\/www.asiadies.com\/wp-content\/uploads\/2021\/09\/Drawing-Dies-Fastening-Molded-Parts-3.jpg\" alt=\"\" width=\"750\" height=\"1500\" \/><\/p>\n<figure id=\"attachment_4085\" aria-describedby=\"caption-attachment-4085\" style=\"width: 750px\" class=\"wp-caption alignnone\"><img loading=\"lazy\" class=\"size-full wp-image-4085\" src=\"https:\/\/www.asiadies.com\/wp-content\/uploads\/2021\/09\/Drawing-Dies-Fastening-Molded-Parts-2.jpg\" alt=\"Drawing Dies Fastening Molded Parts\" width=\"750\" height=\"750\" \/><figcaption id=\"caption-attachment-4085\" class=\"wp-caption-text\">Drawing Dies Fastening Molded Parts<\/figcaption><\/figure>\n<figure id=\"attachment_4086\" aria-describedby=\"caption-attachment-4086\" style=\"width: 750px\" class=\"wp-caption alignnone\"><img loading=\"lazy\" class=\"size-full wp-image-4086\" src=\"https:\/\/www.asiadies.com\/wp-content\/uploads\/2021\/09\/Drawing-Dies-Fastening-Molded-Parts-5.jpg\" alt=\"Drawing Dies Fastening Molded Parts\" width=\"750\" height=\"1500\" \/><figcaption id=\"caption-attachment-4086\" class=\"wp-caption-text\">Drawing Dies Fastening Molded Parts<\/figcaption><\/figure>\n<p><img loading=\"lazy\" class=\"alignnone size-full wp-image-4087\" src=\"https:\/\/www.asiadies.com\/wp-content\/uploads\/2021\/09\/Drawing-Dies-Fastening-Molded-Parts-6.jpg\" alt=\"\" width=\"750\" height=\"750\" \/><\/p>\n<!-- AddThis Advanced Settings generic via filter on the_content --><!-- AddThis Share Buttons generic via filter on the_content -->","protected":false},"excerpt":{"rendered":"<p>Mindestbestellmenge: 1 St\u00fcck<\/p>\n<p>Monatliche Produktionskapazit\u00e4t: 1000-2000 St\u00fcck<\/p>\n<p>Herkunft des Materials\uff1aFuji Japan \/ Ceratizit \/ Chunbao TaiWan \/ Others<\/p>\n<p>Marke: Asia Dies<\/p>\n<p>Verarbeitung: kann angepasst werden<!-- AddThis Advanced Settings generic via filter on get_the_excerpt --><!-- AddThis Share Buttons generic via filter on get_the_excerpt --><\/p>\n","protected":false},"featured_media":4101,"template":"","meta":[],"product_cat":[723],"product_tag":[],"yoast_head":"<!-- This site is optimized with the Yoast SEO plugin v17.0 - https:\/\/yoast.com\/wordpress\/plugins\/seo\/ -->\n<title>Ziehsteine zur Befestigung von Formteilen |<\/title>\n<meta name=\"robots\" content=\"index, follow, max-snippet:-1, max-image-preview:large, max-video-preview:-1\" \/>\n<link rel=\"canonical\" href=\"https:\/\/www.asiadies.com\/index.php\/de\/product\/ziehsteine-zur-befestigung-von-formteilen\/\" \/>\n<meta property=\"og:locale\" content=\"en_US\" \/>\n<meta property=\"og:type\" content=\"article\" \/>\n<meta property=\"og:title\" content=\"Ziehsteine zur Befestigung von Formteilen |\" \/>\n<meta property=\"og:description\" content=\"Mindestbestellmenge: 1 St\u00fcck  Monatliche Produktionskapazit\u00e4t: 1000-2000 St\u00fcck  Herkunft des Materials\uff1aFuji Japan \/ Ceratizit \/ Chunbao TaiWan \/ Others  Marke: Asia Dies  Verarbeitung: kann angepasst werden\" \/>\n<meta property=\"og:url\" content=\"https:\/\/www.asiadies.com\/index.php\/de\/product\/ziehsteine-zur-befestigung-von-formteilen\/\" \/>\n<meta property=\"article:modified_time\" content=\"2021-09-28T07:20:19+00:00\" \/>\n<meta property=\"og:image\" content=\"https:\/\/asiadies.yuanjie.online\/wp-content\/uploads\/2021\/09\/B6A3543.jpg\" \/>\n\t<meta property=\"og:image:width\" content=\"600\" \/>\n\t<meta property=\"og:image:height\" content=\"600\" \/>\n<meta name=\"twitter:card\" content=\"summary_large_image\" \/>\n<meta name=\"twitter:label1\" content=\"Est. reading time\" \/>\n\t<meta name=\"twitter:data1\" content=\"2 minutes\" \/>\n<script type=\"application\/ld+json\" class=\"yoast-schema-graph\">{\"@context\":\"https:\/\/schema.org\",\"@graph\":[{\"@type\":\"Organization\",\"@id\":\"https:\/\/www.asiadies.com\/#organization\",\"name\":\"Asia Dies Tools\",\"url\":\"https:\/\/www.asiadies.com\/\",\"sameAs\":[],\"logo\":{\"@type\":\"ImageObject\",\"@id\":\"https:\/\/www.asiadies.com\/#logo\",\"inLanguage\":\"en-US\",\"url\":\"https:\/\/www.asiadies.com\/wp-content\/uploads\/2021\/08\/Home-Logo-1Home-Top-Left-ratio-3-1.png\",\"contentUrl\":\"https:\/\/www.asiadies.com\/wp-content\/uploads\/2021\/08\/Home-Logo-1Home-Top-Left-ratio-3-1.png\",\"width\":2000,\"height\":666,\"caption\":\"Asia Dies Tools\"},\"image\":{\"@id\":\"https:\/\/www.asiadies.com\/#logo\"}},{\"@type\":\"WebSite\",\"@id\":\"https:\/\/www.asiadies.com\/#website\",\"url\":\"https:\/\/www.asiadies.com\/\",\"name\":\"ASIA DIES\",\"description\":\"Professional hardware service provider\",\"publisher\":{\"@id\":\"https:\/\/www.asiadies.com\/#organization\"},\"potentialAction\":[{\"@type\":\"SearchAction\",\"target\":{\"@type\":\"EntryPoint\",\"urlTemplate\":\"https:\/\/www.asiadies.com\/?s={search_term_string}\"},\"query-input\":\"required name=search_term_string\"}],\"inLanguage\":\"en-US\"},{\"@type\":\"ImageObject\",\"@id\":\"https:\/\/www.asiadies.com\/index.php\/de\/product\/ziehsteine-zur-befestigung-von-formteilen\/#primaryimage\",\"inLanguage\":\"en-US\",\"url\":\"https:\/\/www.asiadies.com\/wp-content\/uploads\/2021\/09\/B6A3543.jpg\",\"contentUrl\":\"https:\/\/www.asiadies.com\/wp-content\/uploads\/2021\/09\/B6A3543.jpg\",\"width\":600,\"height\":600,\"caption\":\"Drawing Dies Fastening Molded Parts\"},{\"@type\":\"WebPage\",\"@id\":\"https:\/\/www.asiadies.com\/index.php\/de\/product\/ziehsteine-zur-befestigung-von-formteilen\/#webpage\",\"url\":\"https:\/\/www.asiadies.com\/index.php\/de\/product\/ziehsteine-zur-befestigung-von-formteilen\/\",\"name\":\"Ziehsteine zur Befestigung von Formteilen |\",\"isPartOf\":{\"@id\":\"https:\/\/www.asiadies.com\/#website\"},\"primaryImageOfPage\":{\"@id\":\"https:\/\/www.asiadies.com\/index.php\/de\/product\/ziehsteine-zur-befestigung-von-formteilen\/#primaryimage\"},\"datePublished\":\"2021-09-18T03:34:41+00:00\",\"dateModified\":\"2021-09-28T07:20:19+00:00\",\"breadcrumb\":{\"@id\":\"https:\/\/www.asiadies.com\/index.php\/de\/product\/ziehsteine-zur-befestigung-von-formteilen\/#breadcrumb\"},\"inLanguage\":\"en-US\",\"potentialAction\":[{\"@type\":\"ReadAction\",\"target\":[\"https:\/\/www.asiadies.com\/index.php\/de\/product\/ziehsteine-zur-befestigung-von-formteilen\/\"]}]},{\"@type\":\"BreadcrumbList\",\"@id\":\"https:\/\/www.asiadies.com\/index.php\/de\/product\/ziehsteine-zur-befestigung-von-formteilen\/#breadcrumb\",\"itemListElement\":[{\"@type\":\"ListItem\",\"position\":1,\"name\":\"Home\",\"item\":\"https:\/\/www.asiadies.com\/index.php\/en\/home\/\"},{\"@type\":\"ListItem\",\"position\":2,\"name\":\"Products\",\"item\":\"https:\/\/www.asiadies.com\/index.php\/pt\/products\/\"},{\"@type\":\"ListItem\",\"position\":3,\"name\":\"Ziehsteine zur Befestigung von Formteilen\"}]}]}<\/script>\n<!-- \/ Yoast SEO plugin. -->","yoast_head_json":{"title":"Ziehsteine zur Befestigung von Formteilen |","robots":{"index":"index","follow":"follow","max-snippet":"max-snippet:-1","max-image-preview":"max-image-preview:large","max-video-preview":"max-video-preview:-1"},"canonical":"https:\/\/www.asiadies.com\/index.php\/de\/product\/ziehsteine-zur-befestigung-von-formteilen\/","og_locale":"en_US","og_type":"article","og_title":"Ziehsteine zur Befestigung von Formteilen |","og_description":"Mindestbestellmenge: 1 St\u00fcck  Monatliche Produktionskapazit\u00e4t: 1000-2000 St\u00fcck  Herkunft des Materials\uff1aFuji Japan \/ Ceratizit \/ Chunbao TaiWan \/ Others  Marke: Asia Dies  Verarbeitung: kann angepasst werden","og_url":"https:\/\/www.asiadies.com\/index.php\/de\/product\/ziehsteine-zur-befestigung-von-formteilen\/","article_modified_time":"2021-09-28T07:20:19+00:00","og_image":[{"width":600,"height":600,"url":"https:\/\/asiadies.yuanjie.online\/wp-content\/uploads\/2021\/09\/B6A3543.jpg","path":"\/var\/www\/html\/www.asiadies.com\/wp-content\/uploads\/2021\/09\/B6A3543.jpg","size":"full","id":4101,"alt":"Drawing Dies Fastening Molded Parts","pixels":360000,"type":"image\/jpeg"}],"twitter_card":"summary_large_image","twitter_misc":{"Est. reading time":"2 minutes"},"schema":{"@context":"https:\/\/schema.org","@graph":[{"@type":"Organization","@id":"https:\/\/www.asiadies.com\/#organization","name":"Asia Dies Tools","url":"https:\/\/www.asiadies.com\/","sameAs":[],"logo":{"@type":"ImageObject","@id":"https:\/\/www.asiadies.com\/#logo","inLanguage":"en-US","url":"https:\/\/www.asiadies.com\/wp-content\/uploads\/2021\/08\/Home-Logo-1Home-Top-Left-ratio-3-1.png","contentUrl":"https:\/\/www.asiadies.com\/wp-content\/uploads\/2021\/08\/Home-Logo-1Home-Top-Left-ratio-3-1.png","width":2000,"height":666,"caption":"Asia Dies Tools"},"image":{"@id":"https:\/\/www.asiadies.com\/#logo"}},{"@type":"WebSite","@id":"https:\/\/www.asiadies.com\/#website","url":"https:\/\/www.asiadies.com\/","name":"ASIA DIES","description":"Professional hardware service provider","publisher":{"@id":"https:\/\/www.asiadies.com\/#organization"},"potentialAction":[{"@type":"SearchAction","target":{"@type":"EntryPoint","urlTemplate":"https:\/\/www.asiadies.com\/?s={search_term_string}"},"query-input":"required name=search_term_string"}],"inLanguage":"en-US"},{"@type":"ImageObject","@id":"https:\/\/www.asiadies.com\/index.php\/de\/product\/ziehsteine-zur-befestigung-von-formteilen\/#primaryimage","inLanguage":"en-US","url":"https:\/\/www.asiadies.com\/wp-content\/uploads\/2021\/09\/B6A3543.jpg","contentUrl":"https:\/\/www.asiadies.com\/wp-content\/uploads\/2021\/09\/B6A3543.jpg","width":600,"height":600,"caption":"Drawing Dies Fastening Molded Parts"},{"@type":"WebPage","@id":"https:\/\/www.asiadies.com\/index.php\/de\/product\/ziehsteine-zur-befestigung-von-formteilen\/#webpage","url":"https:\/\/www.asiadies.com\/index.php\/de\/product\/ziehsteine-zur-befestigung-von-formteilen\/","name":"Ziehsteine zur Befestigung von Formteilen |","isPartOf":{"@id":"https:\/\/www.asiadies.com\/#website"},"primaryImageOfPage":{"@id":"https:\/\/www.asiadies.com\/index.php\/de\/product\/ziehsteine-zur-befestigung-von-formteilen\/#primaryimage"},"datePublished":"2021-09-18T03:34:41+00:00","dateModified":"2021-09-28T07:20:19+00:00","breadcrumb":{"@id":"https:\/\/www.asiadies.com\/index.php\/de\/product\/ziehsteine-zur-befestigung-von-formteilen\/#breadcrumb"},"inLanguage":"en-US","potentialAction":[{"@type":"ReadAction","target":["https:\/\/www.asiadies.com\/index.php\/de\/product\/ziehsteine-zur-befestigung-von-formteilen\/"]}]},{"@type":"BreadcrumbList","@id":"https:\/\/www.asiadies.com\/index.php\/de\/product\/ziehsteine-zur-befestigung-von-formteilen\/#breadcrumb","itemListElement":[{"@type":"ListItem","position":1,"name":"Home","item":"https:\/\/www.asiadies.com\/index.php\/en\/home\/"},{"@type":"ListItem","position":2,"name":"Products","item":"https:\/\/www.asiadies.com\/index.php\/pt\/products\/"},{"@type":"ListItem","position":3,"name":"Ziehsteine zur Befestigung von Formteilen"}]}]}},"_links":{"self":[{"href":"https:\/\/www.asiadies.com\/index.php\/wp-json\/wp\/v2\/product\/4774"}],"collection":[{"href":"https:\/\/www.asiadies.com\/index.php\/wp-json\/wp\/v2\/product"}],"about":[{"href":"https:\/\/www.asiadies.com\/index.php\/wp-json\/wp\/v2\/types\/product"}],"version-history":[{"count":3,"href":"https:\/\/www.asiadies.com\/index.php\/wp-json\/wp\/v2\/product\/4774\/revisions"}],"predecessor-version":[{"id":5763,"href":"https:\/\/www.asiadies.com\/index.php\/wp-json\/wp\/v2\/product\/4774\/revisions\/5763"}],"wp:featuredmedia":[{"embeddable":true,"href":"https:\/\/www.asiadies.com\/index.php\/wp-json\/wp\/v2\/media\/4101"}],"wp:attachment":[{"href":"https:\/\/www.asiadies.com\/index.php\/wp-json\/wp\/v2\/media?parent=4774"}],"wp:term":[{"taxonomy":"product_cat","embeddable":true,"href":"https:\/\/www.asiadies.com\/index.php\/wp-json\/wp\/v2\/product_cat?post=4774"},{"taxonomy":"product_tag","embeddable":true,"href":"https:\/\/www.asiadies.com\/index.php\/wp-json\/wp\/v2\/product_tag?post=4774"}],"curies":[{"name":"wp","href":"https:\/\/api.w.org\/{rel}","templated":true}]}}