{"id":4596,"date":"2021-09-17T18:04:28","date_gmt":"2021-09-17T10:04:28","guid":{"rendered":"https:\/\/www.asiadies.com\/?post_type=product&#038;p=4596"},"modified":"2021-09-28T14:01:30","modified_gmt":"2021-09-28T06:01:30","slug":"befestigungsmatrizen-fuer-schrauben-und-duebel","status":"publish","type":"product","link":"https:\/\/www.asiadies.com\/index.php\/de\/product\/befestigungsmatrizen-fuer-schrauben-und-duebel\/","title":{"rendered":"Asia Dies Befestigungsmatrizen f\u00fcr Schrauben und D\u00fcbel"},"content":{"rendered":"<p><img loading=\"lazy\" class=\"size-full wp-image-4370\" src=\"https:\/\/www.asiadies.com\/wp-content\/uploads\/2021\/09\/Fastener-Dies-for-Screws-and-bolts.jpg\" alt=\"Fastener Dies for Screws And Dolts\" width=\"750\" height=\"750\" \/><\/p>\n<p><img loading=\"lazy\" class=\"size-full wp-image-4371\" src=\"https:\/\/www.asiadies.com\/wp-content\/uploads\/2021\/09\/Fastener-Dies-for-Screws-and-bolts-3.jpg\" alt=\"Fastener Dies for Screws And Dolts\" width=\"750\" height=\"1500\" \/><\/p>\n<p><img loading=\"lazy\" class=\"size-full wp-image-4372\" src=\"https:\/\/www.asiadies.com\/wp-content\/uploads\/2021\/09\/Fastener-Dies-for-Screws-and-bolts-2.jpg\" alt=\"Fastener Dies for Screws And Dolts\" width=\"750\" height=\"750\" \/><\/p>\n<p><img loading=\"lazy\" class=\"alignnone size-full wp-image-4373\" src=\"https:\/\/www.asiadies.com\/wp-content\/uploads\/2021\/09\/Fastener-Dies-for-Screws-and-bolts-5.jpg\" alt=\"\" width=\"750\" height=\"1500\" \/><\/p>\n<p><img loading=\"lazy\" class=\"size-full wp-image-4375\" src=\"https:\/\/www.asiadies.com\/wp-content\/uploads\/2021\/09\/Fastener-Dies-for-Screws-and-bolts-4.jpg\" alt=\"Fastener Dies for Screws And Dolts\" width=\"750\" height=\"1500\" \/><\/p>\n<p><img loading=\"lazy\" class=\"size-full wp-image-4376\" src=\"https:\/\/www.asiadies.com\/wp-content\/uploads\/2021\/09\/Fastener-Dies-for-Screws-and-bolts-6.jpg\" alt=\"Fastener Dies for Screws And Dolts\" width=\"750\" height=\"750\" \/><\/p>\n<!-- AddThis Advanced Settings generic via filter on the_content --><!-- AddThis Share Buttons generic via filter on the_content -->","protected":false},"excerpt":{"rendered":"<p>Mindestbestellmenge: 1 St\u00fcck<\/p>\n<p>Monatliche Produktionskapazit\u00e4t: 1000-2000 St\u00fcck<\/p>\n<p>Herkunft des Materials\uff1aFuji Japan \/ Ceratizit \/ Chunbao TaiWan \/ Others<\/p>\n<p>Marke: Asia Dies<\/p>\n<p>Verarbeitung: kann angepasst werden<!-- AddThis Advanced Settings generic via filter on get_the_excerpt --><!-- AddThis Share Buttons generic via filter on get_the_excerpt --><\/p>\n","protected":false},"featured_media":4377,"template":"","meta":[],"product_cat":[709,715],"product_tag":[],"yoast_head":"<!-- This site is optimized with the Yoast SEO plugin v17.0 - https:\/\/yoast.com\/wordpress\/plugins\/seo\/ -->\n<title>Asia Dies Befestigungsmatrizen f\u00fcr Schrauben und D\u00fcbel |<\/title>\n<meta name=\"robots\" content=\"index, follow, max-snippet:-1, max-image-preview:large, max-video-preview:-1\" \/>\n<link rel=\"canonical\" href=\"https:\/\/www.asiadies.com\/index.php\/de\/product\/befestigungsmatrizen-fuer-schrauben-und-duebel\/\" \/>\n<meta property=\"og:locale\" content=\"en_US\" \/>\n<meta property=\"og:type\" content=\"article\" \/>\n<meta property=\"og:title\" content=\"Asia Dies Befestigungsmatrizen f\u00fcr Schrauben und D\u00fcbel |\" \/>\n<meta property=\"og:description\" content=\"Mindestbestellmenge: 1 St\u00fcck  Monatliche Produktionskapazit\u00e4t: 1000-2000 St\u00fcck  Herkunft des Materials\uff1aFuji Japan \/ Ceratizit \/ Chunbao TaiWan \/ Others  Marke: Asia Dies  Verarbeitung: kann angepasst werden\" \/>\n<meta property=\"og:url\" content=\"https:\/\/www.asiadies.com\/index.php\/de\/product\/befestigungsmatrizen-fuer-schrauben-und-duebel\/\" \/>\n<meta property=\"article:modified_time\" content=\"2021-09-28T06:01:30+00:00\" \/>\n<meta property=\"og:image\" content=\"https:\/\/asiadies.yuanjie.online\/wp-content\/uploads\/2021\/09\/B6A3523.jpg\" \/>\n\t<meta property=\"og:image:width\" content=\"600\" \/>\n\t<meta property=\"og:image:height\" content=\"599\" \/>\n<meta name=\"twitter:card\" content=\"summary_large_image\" \/>\n<meta name=\"twitter:label1\" content=\"Est. reading time\" \/>\n\t<meta name=\"twitter:data1\" content=\"2 minutes\" \/>\n<script type=\"application\/ld+json\" class=\"yoast-schema-graph\">{\"@context\":\"https:\/\/schema.org\",\"@graph\":[{\"@type\":\"Organization\",\"@id\":\"https:\/\/www.asiadies.com\/#organization\",\"name\":\"Asia Dies Tools\",\"url\":\"https:\/\/www.asiadies.com\/\",\"sameAs\":[],\"logo\":{\"@type\":\"ImageObject\",\"@id\":\"https:\/\/www.asiadies.com\/#logo\",\"inLanguage\":\"en-US\",\"url\":\"https:\/\/www.asiadies.com\/wp-content\/uploads\/2021\/08\/Home-Logo-1Home-Top-Left-ratio-3-1.png\",\"contentUrl\":\"https:\/\/www.asiadies.com\/wp-content\/uploads\/2021\/08\/Home-Logo-1Home-Top-Left-ratio-3-1.png\",\"width\":2000,\"height\":666,\"caption\":\"Asia Dies Tools\"},\"image\":{\"@id\":\"https:\/\/www.asiadies.com\/#logo\"}},{\"@type\":\"WebSite\",\"@id\":\"https:\/\/www.asiadies.com\/#website\",\"url\":\"https:\/\/www.asiadies.com\/\",\"name\":\"ASIA DIES\",\"description\":\"Professional hardware service provider\",\"publisher\":{\"@id\":\"https:\/\/www.asiadies.com\/#organization\"},\"potentialAction\":[{\"@type\":\"SearchAction\",\"target\":{\"@type\":\"EntryPoint\",\"urlTemplate\":\"https:\/\/www.asiadies.com\/?s={search_term_string}\"},\"query-input\":\"required name=search_term_string\"}],\"inLanguage\":\"en-US\"},{\"@type\":\"ImageObject\",\"@id\":\"https:\/\/www.asiadies.com\/index.php\/de\/product\/befestigungsmatrizen-fuer-schrauben-und-duebel\/#primaryimage\",\"inLanguage\":\"en-US\",\"url\":\"https:\/\/www.asiadies.com\/wp-content\/uploads\/2021\/09\/B6A3523.jpg\",\"contentUrl\":\"https:\/\/www.asiadies.com\/wp-content\/uploads\/2021\/09\/B6A3523.jpg\",\"width\":600,\"height\":599,\"caption\":\"Asia Dies Befestigungsmatrizen f\\u00fcr Schrauben und D\\u00fcbel\"},{\"@type\":\"WebPage\",\"@id\":\"https:\/\/www.asiadies.com\/index.php\/de\/product\/befestigungsmatrizen-fuer-schrauben-und-duebel\/#webpage\",\"url\":\"https:\/\/www.asiadies.com\/index.php\/de\/product\/befestigungsmatrizen-fuer-schrauben-und-duebel\/\",\"name\":\"Asia Dies Befestigungsmatrizen f\\u00fcr Schrauben und D\\u00fcbel |\",\"isPartOf\":{\"@id\":\"https:\/\/www.asiadies.com\/#website\"},\"primaryImageOfPage\":{\"@id\":\"https:\/\/www.asiadies.com\/index.php\/de\/product\/befestigungsmatrizen-fuer-schrauben-und-duebel\/#primaryimage\"},\"datePublished\":\"2021-09-17T10:04:28+00:00\",\"dateModified\":\"2021-09-28T06:01:30+00:00\",\"breadcrumb\":{\"@id\":\"https:\/\/www.asiadies.com\/index.php\/de\/product\/befestigungsmatrizen-fuer-schrauben-und-duebel\/#breadcrumb\"},\"inLanguage\":\"en-US\",\"potentialAction\":[{\"@type\":\"ReadAction\",\"target\":[\"https:\/\/www.asiadies.com\/index.php\/de\/product\/befestigungsmatrizen-fuer-schrauben-und-duebel\/\"]}]},{\"@type\":\"BreadcrumbList\",\"@id\":\"https:\/\/www.asiadies.com\/index.php\/de\/product\/befestigungsmatrizen-fuer-schrauben-und-duebel\/#breadcrumb\",\"itemListElement\":[{\"@type\":\"ListItem\",\"position\":1,\"name\":\"Home\",\"item\":\"https:\/\/www.asiadies.com\/index.php\/en\/home\/\"},{\"@type\":\"ListItem\",\"position\":2,\"name\":\"Products\",\"item\":\"https:\/\/www.asiadies.com\/index.php\/pt\/products\/\"},{\"@type\":\"ListItem\",\"position\":3,\"name\":\"Asia Dies Befestigungsmatrizen f\\u00fcr Schrauben und D\\u00fcbel\"}]}]}<\/script>\n<!-- \/ Yoast SEO plugin. -->","yoast_head_json":{"title":"Asia Dies Befestigungsmatrizen f\u00fcr Schrauben und D\u00fcbel |","robots":{"index":"index","follow":"follow","max-snippet":"max-snippet:-1","max-image-preview":"max-image-preview:large","max-video-preview":"max-video-preview:-1"},"canonical":"https:\/\/www.asiadies.com\/index.php\/de\/product\/befestigungsmatrizen-fuer-schrauben-und-duebel\/","og_locale":"en_US","og_type":"article","og_title":"Asia Dies Befestigungsmatrizen f\u00fcr Schrauben und D\u00fcbel |","og_description":"Mindestbestellmenge: 1 St\u00fcck  Monatliche Produktionskapazit\u00e4t: 1000-2000 St\u00fcck  Herkunft des Materials\uff1aFuji Japan \/ Ceratizit \/ Chunbao TaiWan \/ Others  Marke: Asia Dies  Verarbeitung: kann angepasst werden","og_url":"https:\/\/www.asiadies.com\/index.php\/de\/product\/befestigungsmatrizen-fuer-schrauben-und-duebel\/","article_modified_time":"2021-09-28T06:01:30+00:00","og_image":[{"width":600,"height":599,"url":"https:\/\/asiadies.yuanjie.online\/wp-content\/uploads\/2021\/09\/B6A3523.jpg","path":"\/var\/www\/html\/www.asiadies.com\/wp-content\/uploads\/2021\/09\/B6A3523.jpg","size":"full","id":4377,"alt":"Asia Dies Befestigungsmatrizen f\u00fcr Schrauben und D\u00fcbel","pixels":359400,"type":"image\/jpeg"}],"twitter_card":"summary_large_image","twitter_misc":{"Est. reading time":"2 minutes"},"schema":{"@context":"https:\/\/schema.org","@graph":[{"@type":"Organization","@id":"https:\/\/www.asiadies.com\/#organization","name":"Asia Dies Tools","url":"https:\/\/www.asiadies.com\/","sameAs":[],"logo":{"@type":"ImageObject","@id":"https:\/\/www.asiadies.com\/#logo","inLanguage":"en-US","url":"https:\/\/www.asiadies.com\/wp-content\/uploads\/2021\/08\/Home-Logo-1Home-Top-Left-ratio-3-1.png","contentUrl":"https:\/\/www.asiadies.com\/wp-content\/uploads\/2021\/08\/Home-Logo-1Home-Top-Left-ratio-3-1.png","width":2000,"height":666,"caption":"Asia Dies Tools"},"image":{"@id":"https:\/\/www.asiadies.com\/#logo"}},{"@type":"WebSite","@id":"https:\/\/www.asiadies.com\/#website","url":"https:\/\/www.asiadies.com\/","name":"ASIA DIES","description":"Professional hardware service provider","publisher":{"@id":"https:\/\/www.asiadies.com\/#organization"},"potentialAction":[{"@type":"SearchAction","target":{"@type":"EntryPoint","urlTemplate":"https:\/\/www.asiadies.com\/?s={search_term_string}"},"query-input":"required name=search_term_string"}],"inLanguage":"en-US"},{"@type":"ImageObject","@id":"https:\/\/www.asiadies.com\/index.php\/de\/product\/befestigungsmatrizen-fuer-schrauben-und-duebel\/#primaryimage","inLanguage":"en-US","url":"https:\/\/www.asiadies.com\/wp-content\/uploads\/2021\/09\/B6A3523.jpg","contentUrl":"https:\/\/www.asiadies.com\/wp-content\/uploads\/2021\/09\/B6A3523.jpg","width":600,"height":599,"caption":"Asia Dies Befestigungsmatrizen f\u00fcr Schrauben und D\u00fcbel"},{"@type":"WebPage","@id":"https:\/\/www.asiadies.com\/index.php\/de\/product\/befestigungsmatrizen-fuer-schrauben-und-duebel\/#webpage","url":"https:\/\/www.asiadies.com\/index.php\/de\/product\/befestigungsmatrizen-fuer-schrauben-und-duebel\/","name":"Asia Dies Befestigungsmatrizen f\u00fcr Schrauben und D\u00fcbel |","isPartOf":{"@id":"https:\/\/www.asiadies.com\/#website"},"primaryImageOfPage":{"@id":"https:\/\/www.asiadies.com\/index.php\/de\/product\/befestigungsmatrizen-fuer-schrauben-und-duebel\/#primaryimage"},"datePublished":"2021-09-17T10:04:28+00:00","dateModified":"2021-09-28T06:01:30+00:00","breadcrumb":{"@id":"https:\/\/www.asiadies.com\/index.php\/de\/product\/befestigungsmatrizen-fuer-schrauben-und-duebel\/#breadcrumb"},"inLanguage":"en-US","potentialAction":[{"@type":"ReadAction","target":["https:\/\/www.asiadies.com\/index.php\/de\/product\/befestigungsmatrizen-fuer-schrauben-und-duebel\/"]}]},{"@type":"BreadcrumbList","@id":"https:\/\/www.asiadies.com\/index.php\/de\/product\/befestigungsmatrizen-fuer-schrauben-und-duebel\/#breadcrumb","itemListElement":[{"@type":"ListItem","position":1,"name":"Home","item":"https:\/\/www.asiadies.com\/index.php\/en\/home\/"},{"@type":"ListItem","position":2,"name":"Products","item":"https:\/\/www.asiadies.com\/index.php\/pt\/products\/"},{"@type":"ListItem","position":3,"name":"Asia Dies Befestigungsmatrizen f\u00fcr Schrauben und D\u00fcbel"}]}]}},"_links":{"self":[{"href":"https:\/\/www.asiadies.com\/index.php\/wp-json\/wp\/v2\/product\/4596"}],"collection":[{"href":"https:\/\/www.asiadies.com\/index.php\/wp-json\/wp\/v2\/product"}],"about":[{"href":"https:\/\/www.asiadies.com\/index.php\/wp-json\/wp\/v2\/types\/product"}],"version-history":[{"count":4,"href":"https:\/\/www.asiadies.com\/index.php\/wp-json\/wp\/v2\/product\/4596\/revisions"}],"predecessor-version":[{"id":5698,"href":"https:\/\/www.asiadies.com\/index.php\/wp-json\/wp\/v2\/product\/4596\/revisions\/5698"}],"wp:featuredmedia":[{"embeddable":true,"href":"https:\/\/www.asiadies.com\/index.php\/wp-json\/wp\/v2\/media\/4377"}],"wp:attachment":[{"href":"https:\/\/www.asiadies.com\/index.php\/wp-json\/wp\/v2\/media?parent=4596"}],"wp:term":[{"taxonomy":"product_cat","embeddable":true,"href":"https:\/\/www.asiadies.com\/index.php\/wp-json\/wp\/v2\/product_cat?post=4596"},{"taxonomy":"product_tag","embeddable":true,"href":"https:\/\/www.asiadies.com\/index.php\/wp-json\/wp\/v2\/product_tag?post=4596"}],"curies":[{"name":"wp","href":"https:\/\/api.w.org\/{rel}","templated":true}]}}