{"id":4551,"date":"2021-09-17T17:12:15","date_gmt":"2021-09-17T09:12:15","guid":{"rendered":"https:\/\/www.asiadies.com\/?post_type=product&#038;p=4551"},"modified":"2021-09-28T15:31:56","modified_gmt":"2021-09-28T07:31:56","slug":"hartmetallwerkzeuge-und-segmentierter-stahl","status":"publish","type":"product","link":"https:\/\/www.asiadies.com\/index.php\/de\/product\/hartmetallwerkzeuge-und-segmentierter-stahl\/","title":{"rendered":"Hartmetallwerkzeuge und segmentierter Stahl"},"content":{"rendered":"<figure id=\"attachment_4527\" aria-describedby=\"caption-attachment-4527\" style=\"width: 750px\" class=\"wp-caption alignnone\"><img loading=\"lazy\" class=\"size-full wp-image-4527\" src=\"https:\/\/www.asiadies.com\/wp-content\/uploads\/2021\/09\/Carbide-DiesSegmented-Steel-1.jpg\" alt=\"Carbide Dies&amp;Segmented Steel\" width=\"750\" height=\"750\" \/><figcaption id=\"caption-attachment-4527\" class=\"wp-caption-text\">Carbide Dies&amp;Segmented Steel<\/figcaption><\/figure>\n<p><img loading=\"lazy\" class=\"size-full wp-image-4528\" src=\"https:\/\/www.asiadies.com\/wp-content\/uploads\/2021\/09\/Carbide-DiesSegmented-Steel-3-1.jpg\" alt=\"Carbide Dies&amp;Segmented Steel\" width=\"750\" height=\"1500\" \/><\/p>\n<p><img loading=\"lazy\" class=\"size-full wp-image-4529\" src=\"https:\/\/www.asiadies.com\/wp-content\/uploads\/2021\/09\/Carbide-DiesSegmented-Steel-2-2.jpg\" alt=\"Carbide Dies&amp;Segmented Steel\" width=\"750\" height=\"750\" \/><\/p>\n<p><img loading=\"lazy\" class=\"size-full wp-image-4530\" src=\"https:\/\/www.asiadies.com\/wp-content\/uploads\/2021\/09\/Carbide-DiesSegmented-Steel-5-1.jpg\" alt=\"Carbide Dies&amp;Segmented Steel\" width=\"750\" height=\"1500\" \/><\/p>\n<p><img loading=\"lazy\" class=\"size-full wp-image-4531\" src=\"https:\/\/www.asiadies.com\/wp-content\/uploads\/2021\/09\/Carbide-DiesSegmented-Steel-4-1.jpg\" alt=\"Carbide Dies&amp;Segmented Steel\" width=\"750\" height=\"1500\" \/><\/p>\n<p><img loading=\"lazy\" class=\"size-full wp-image-4532\" src=\"https:\/\/www.asiadies.com\/wp-content\/uploads\/2021\/09\/Carbide-DiesSegmented-Steel-6-1.jpg\" alt=\"Carbide Dies&amp;Segmented Steel\" width=\"750\" height=\"750\" \/><\/p>\n<!-- AddThis Advanced Settings generic via filter on the_content --><!-- AddThis Share Buttons generic via filter on the_content -->","protected":false},"excerpt":{"rendered":"<p>Mindestbestellmenge: 1 St\u00fcck<\/p>\n<p>Monatliche Produktionskapazit\u00e4t: 1000-2000 St\u00fcck<\/p>\n<p>Herkunft des Materials\uff1aFuji Japan \/ Ceratizit \/ Chunbao TaiWan \/ Others<\/p>\n<p>Marke: Asia Dies<\/p>\n<p>Verarbeitung: kann angepasst werden<!-- AddThis Advanced Settings generic via filter on get_the_excerpt --><!-- AddThis Share Buttons generic via filter on get_the_excerpt --><\/p>\n","protected":false},"featured_media":4324,"template":"","meta":[],"product_cat":[709,715],"product_tag":[],"yoast_head":"<!-- This site is optimized with the Yoast SEO plugin v17.0 - https:\/\/yoast.com\/wordpress\/plugins\/seo\/ -->\n<title>Hartmetallwerkzeuge und segmentierter Stahl |<\/title>\n<meta name=\"robots\" content=\"index, follow, max-snippet:-1, max-image-preview:large, max-video-preview:-1\" \/>\n<link rel=\"canonical\" href=\"https:\/\/www.asiadies.com\/index.php\/de\/product\/hartmetallwerkzeuge-und-segmentierter-stahl\/\" \/>\n<meta property=\"og:locale\" content=\"en_US\" \/>\n<meta property=\"og:type\" content=\"article\" \/>\n<meta property=\"og:title\" content=\"Hartmetallwerkzeuge und segmentierter Stahl |\" \/>\n<meta property=\"og:description\" content=\"Mindestbestellmenge: 1 St\u00fcck  Monatliche Produktionskapazit\u00e4t: 1000-2000 St\u00fcck  Herkunft des Materials\uff1aFuji Japan \/ Ceratizit \/ Chunbao TaiWan \/ Others  Marke: Asia Dies  Verarbeitung: kann angepasst werden\" \/>\n<meta property=\"og:url\" content=\"https:\/\/www.asiadies.com\/index.php\/de\/product\/hartmetallwerkzeuge-und-segmentierter-stahl\/\" \/>\n<meta property=\"article:modified_time\" content=\"2021-09-28T07:31:56+00:00\" \/>\n<meta property=\"og:image\" content=\"https:\/\/asiadies.yuanjie.online\/wp-content\/uploads\/2021\/09\/10391B4D-022B-407d-9F0A-6D37D0D40B03.png\" \/>\n\t<meta property=\"og:image:width\" content=\"601\" \/>\n\t<meta property=\"og:image:height\" content=\"606\" \/>\n<meta name=\"twitter:card\" content=\"summary_large_image\" \/>\n<meta name=\"twitter:label1\" content=\"Est. reading time\" \/>\n\t<meta name=\"twitter:data1\" content=\"2 minutes\" \/>\n<script type=\"application\/ld+json\" class=\"yoast-schema-graph\">{\"@context\":\"https:\/\/schema.org\",\"@graph\":[{\"@type\":\"Organization\",\"@id\":\"https:\/\/www.asiadies.com\/#organization\",\"name\":\"Asia Dies Tools\",\"url\":\"https:\/\/www.asiadies.com\/\",\"sameAs\":[],\"logo\":{\"@type\":\"ImageObject\",\"@id\":\"https:\/\/www.asiadies.com\/#logo\",\"inLanguage\":\"en-US\",\"url\":\"https:\/\/www.asiadies.com\/wp-content\/uploads\/2021\/08\/Home-Logo-1Home-Top-Left-ratio-3-1.png\",\"contentUrl\":\"https:\/\/www.asiadies.com\/wp-content\/uploads\/2021\/08\/Home-Logo-1Home-Top-Left-ratio-3-1.png\",\"width\":2000,\"height\":666,\"caption\":\"Asia Dies Tools\"},\"image\":{\"@id\":\"https:\/\/www.asiadies.com\/#logo\"}},{\"@type\":\"WebSite\",\"@id\":\"https:\/\/www.asiadies.com\/#website\",\"url\":\"https:\/\/www.asiadies.com\/\",\"name\":\"ASIA DIES\",\"description\":\"Professional hardware service provider\",\"publisher\":{\"@id\":\"https:\/\/www.asiadies.com\/#organization\"},\"potentialAction\":[{\"@type\":\"SearchAction\",\"target\":{\"@type\":\"EntryPoint\",\"urlTemplate\":\"https:\/\/www.asiadies.com\/?s={search_term_string}\"},\"query-input\":\"required name=search_term_string\"}],\"inLanguage\":\"en-US\"},{\"@type\":\"ImageObject\",\"@id\":\"https:\/\/www.asiadies.com\/index.php\/de\/product\/hartmetallwerkzeuge-und-segmentierter-stahl\/#primaryimage\",\"inLanguage\":\"en-US\",\"url\":\"https:\/\/www.asiadies.com\/wp-content\/uploads\/2021\/09\/10391B4D-022B-407d-9F0A-6D37D0D40B03.png\",\"contentUrl\":\"https:\/\/www.asiadies.com\/wp-content\/uploads\/2021\/09\/10391B4D-022B-407d-9F0A-6D37D0D40B03.png\",\"width\":601,\"height\":606,\"caption\":\"Matrizes de metal duro e a\\u00e7o segmentado\"},{\"@type\":\"WebPage\",\"@id\":\"https:\/\/www.asiadies.com\/index.php\/de\/product\/hartmetallwerkzeuge-und-segmentierter-stahl\/#webpage\",\"url\":\"https:\/\/www.asiadies.com\/index.php\/de\/product\/hartmetallwerkzeuge-und-segmentierter-stahl\/\",\"name\":\"Hartmetallwerkzeuge und segmentierter Stahl |\",\"isPartOf\":{\"@id\":\"https:\/\/www.asiadies.com\/#website\"},\"primaryImageOfPage\":{\"@id\":\"https:\/\/www.asiadies.com\/index.php\/de\/product\/hartmetallwerkzeuge-und-segmentierter-stahl\/#primaryimage\"},\"datePublished\":\"2021-09-17T09:12:15+00:00\",\"dateModified\":\"2021-09-28T07:31:56+00:00\",\"breadcrumb\":{\"@id\":\"https:\/\/www.asiadies.com\/index.php\/de\/product\/hartmetallwerkzeuge-und-segmentierter-stahl\/#breadcrumb\"},\"inLanguage\":\"en-US\",\"potentialAction\":[{\"@type\":\"ReadAction\",\"target\":[\"https:\/\/www.asiadies.com\/index.php\/de\/product\/hartmetallwerkzeuge-und-segmentierter-stahl\/\"]}]},{\"@type\":\"BreadcrumbList\",\"@id\":\"https:\/\/www.asiadies.com\/index.php\/de\/product\/hartmetallwerkzeuge-und-segmentierter-stahl\/#breadcrumb\",\"itemListElement\":[{\"@type\":\"ListItem\",\"position\":1,\"name\":\"Home\",\"item\":\"https:\/\/www.asiadies.com\/index.php\/en\/home\/\"},{\"@type\":\"ListItem\",\"position\":2,\"name\":\"Products\",\"item\":\"https:\/\/www.asiadies.com\/index.php\/pt\/products\/\"},{\"@type\":\"ListItem\",\"position\":3,\"name\":\"Hartmetallwerkzeuge und segmentierter Stahl\"}]}]}<\/script>\n<!-- \/ Yoast SEO plugin. -->","yoast_head_json":{"title":"Hartmetallwerkzeuge und segmentierter Stahl |","robots":{"index":"index","follow":"follow","max-snippet":"max-snippet:-1","max-image-preview":"max-image-preview:large","max-video-preview":"max-video-preview:-1"},"canonical":"https:\/\/www.asiadies.com\/index.php\/de\/product\/hartmetallwerkzeuge-und-segmentierter-stahl\/","og_locale":"en_US","og_type":"article","og_title":"Hartmetallwerkzeuge und segmentierter Stahl |","og_description":"Mindestbestellmenge: 1 St\u00fcck  Monatliche Produktionskapazit\u00e4t: 1000-2000 St\u00fcck  Herkunft des Materials\uff1aFuji Japan \/ Ceratizit \/ Chunbao TaiWan \/ Others  Marke: Asia Dies  Verarbeitung: kann angepasst werden","og_url":"https:\/\/www.asiadies.com\/index.php\/de\/product\/hartmetallwerkzeuge-und-segmentierter-stahl\/","article_modified_time":"2021-09-28T07:31:56+00:00","og_image":[{"width":601,"height":606,"url":"https:\/\/asiadies.yuanjie.online\/wp-content\/uploads\/2021\/09\/10391B4D-022B-407d-9F0A-6D37D0D40B03.png","path":"\/var\/www\/html\/www.asiadies.com\/wp-content\/uploads\/2021\/09\/10391B4D-022B-407d-9F0A-6D37D0D40B03.png","size":"full","id":4324,"alt":"Matrizes de metal duro e a\u00e7o segmentado","pixels":364206,"type":"image\/png"}],"twitter_card":"summary_large_image","twitter_misc":{"Est. reading time":"2 minutes"},"schema":{"@context":"https:\/\/schema.org","@graph":[{"@type":"Organization","@id":"https:\/\/www.asiadies.com\/#organization","name":"Asia Dies Tools","url":"https:\/\/www.asiadies.com\/","sameAs":[],"logo":{"@type":"ImageObject","@id":"https:\/\/www.asiadies.com\/#logo","inLanguage":"en-US","url":"https:\/\/www.asiadies.com\/wp-content\/uploads\/2021\/08\/Home-Logo-1Home-Top-Left-ratio-3-1.png","contentUrl":"https:\/\/www.asiadies.com\/wp-content\/uploads\/2021\/08\/Home-Logo-1Home-Top-Left-ratio-3-1.png","width":2000,"height":666,"caption":"Asia Dies Tools"},"image":{"@id":"https:\/\/www.asiadies.com\/#logo"}},{"@type":"WebSite","@id":"https:\/\/www.asiadies.com\/#website","url":"https:\/\/www.asiadies.com\/","name":"ASIA DIES","description":"Professional hardware service provider","publisher":{"@id":"https:\/\/www.asiadies.com\/#organization"},"potentialAction":[{"@type":"SearchAction","target":{"@type":"EntryPoint","urlTemplate":"https:\/\/www.asiadies.com\/?s={search_term_string}"},"query-input":"required name=search_term_string"}],"inLanguage":"en-US"},{"@type":"ImageObject","@id":"https:\/\/www.asiadies.com\/index.php\/de\/product\/hartmetallwerkzeuge-und-segmentierter-stahl\/#primaryimage","inLanguage":"en-US","url":"https:\/\/www.asiadies.com\/wp-content\/uploads\/2021\/09\/10391B4D-022B-407d-9F0A-6D37D0D40B03.png","contentUrl":"https:\/\/www.asiadies.com\/wp-content\/uploads\/2021\/09\/10391B4D-022B-407d-9F0A-6D37D0D40B03.png","width":601,"height":606,"caption":"Matrizes de metal duro e a\u00e7o segmentado"},{"@type":"WebPage","@id":"https:\/\/www.asiadies.com\/index.php\/de\/product\/hartmetallwerkzeuge-und-segmentierter-stahl\/#webpage","url":"https:\/\/www.asiadies.com\/index.php\/de\/product\/hartmetallwerkzeuge-und-segmentierter-stahl\/","name":"Hartmetallwerkzeuge und segmentierter Stahl |","isPartOf":{"@id":"https:\/\/www.asiadies.com\/#website"},"primaryImageOfPage":{"@id":"https:\/\/www.asiadies.com\/index.php\/de\/product\/hartmetallwerkzeuge-und-segmentierter-stahl\/#primaryimage"},"datePublished":"2021-09-17T09:12:15+00:00","dateModified":"2021-09-28T07:31:56+00:00","breadcrumb":{"@id":"https:\/\/www.asiadies.com\/index.php\/de\/product\/hartmetallwerkzeuge-und-segmentierter-stahl\/#breadcrumb"},"inLanguage":"en-US","potentialAction":[{"@type":"ReadAction","target":["https:\/\/www.asiadies.com\/index.php\/de\/product\/hartmetallwerkzeuge-und-segmentierter-stahl\/"]}]},{"@type":"BreadcrumbList","@id":"https:\/\/www.asiadies.com\/index.php\/de\/product\/hartmetallwerkzeuge-und-segmentierter-stahl\/#breadcrumb","itemListElement":[{"@type":"ListItem","position":1,"name":"Home","item":"https:\/\/www.asiadies.com\/index.php\/en\/home\/"},{"@type":"ListItem","position":2,"name":"Products","item":"https:\/\/www.asiadies.com\/index.php\/pt\/products\/"},{"@type":"ListItem","position":3,"name":"Hartmetallwerkzeuge und segmentierter Stahl"}]}]}},"_links":{"self":[{"href":"https:\/\/www.asiadies.com\/index.php\/wp-json\/wp\/v2\/product\/4551"}],"collection":[{"href":"https:\/\/www.asiadies.com\/index.php\/wp-json\/wp\/v2\/product"}],"about":[{"href":"https:\/\/www.asiadies.com\/index.php\/wp-json\/wp\/v2\/types\/product"}],"version-history":[{"count":5,"href":"https:\/\/www.asiadies.com\/index.php\/wp-json\/wp\/v2\/product\/4551\/revisions"}],"predecessor-version":[{"id":5690,"href":"https:\/\/www.asiadies.com\/index.php\/wp-json\/wp\/v2\/product\/4551\/revisions\/5690"}],"wp:featuredmedia":[{"embeddable":true,"href":"https:\/\/www.asiadies.com\/index.php\/wp-json\/wp\/v2\/media\/4324"}],"wp:attachment":[{"href":"https:\/\/www.asiadies.com\/index.php\/wp-json\/wp\/v2\/media?parent=4551"}],"wp:term":[{"taxonomy":"product_cat","embeddable":true,"href":"https:\/\/www.asiadies.com\/index.php\/wp-json\/wp\/v2\/product_cat?post=4551"},{"taxonomy":"product_tag","embeddable":true,"href":"https:\/\/www.asiadies.com\/index.php\/wp-json\/wp\/v2\/product_tag?post=4551"}],"curies":[{"name":"wp","href":"https:\/\/api.w.org\/{rel}","templated":true}]}}