{"id":3104,"date":"2021-09-03T05:30:33","date_gmt":"2021-09-03T05:30:33","guid":{"rendered":"https:\/\/www.asiadies.com\/?page_id=3104"},"modified":"2021-09-13T00:15:41","modified_gmt":"2021-09-12T16:15:41","slug":"video-4","status":"publish","type":"page","link":"https:\/\/www.asiadies.com\/index.php\/pt\/video-4\/","title":{"rendered":"V\u00eddeo"},"content":{"rendered":"\t\t<div data-elementor-type=\"wp-page\" data-elementor-id=\"3104\" class=\"elementor elementor-3104\" data-elementor-settings=\"[]\">\n\t\t\t\t\t\t\t<div class=\"elementor-section-wrap\">\n\t\t\t\t\t\t\t<section class=\"elementor-section elementor-top-section elementor-element elementor-element-03ca186 elementor-section-content-middle elementor-reverse-mobile elementor-section-boxed elementor-section-height-default elementor-section-height-default\" data-id=\"03ca186\" data-element_type=\"section\" data-settings=\"{&quot;background_background&quot;:&quot;classic&quot;}\">\n\t\t\t\t\t\t<div class=\"elementor-container elementor-column-gap-no\">\n\t\t\t\t\t<div class=\"elementor-column elementor-col-66 elementor-top-column elementor-element elementor-element-3e2796a\" data-id=\"3e2796a\" data-element_type=\"column\" data-settings=\"{&quot;background_background&quot;:&quot;classic&quot;}\">\n\t\t\t<div class=\"elementor-widget-wrap elementor-element-populated\">\n\t\t\t\t\t\t\t\t<div class=\"elementor-element elementor-element-036a507 elementor-aspect-ratio-169 elementor-widget elementor-widget-video\" data-id=\"036a507\" data-element_type=\"widget\" data-settings=\"{&quot;youtube_url&quot;:&quot;https:\\\/\\\/youtu.be\\\/mrjd3Na3i10&quot;,&quot;video_type&quot;:&quot;youtube&quot;,&quot;controls&quot;:&quot;yes&quot;,&quot;aspect_ratio&quot;:&quot;169&quot;}\" data-widget_type=\"video.default\">\n\t\t\t\t<div class=\"elementor-widget-container\">\n\t\t\t\t\t<div class=\"elementor-wrapper elementor-fit-aspect-ratio elementor-open-inline\">\n\t\t\t<div class=\"elementor-video\"><\/div>\t\t<\/div>\n\t\t\t\t<\/div>\n\t\t\t\t<\/div>\n\t\t\t\t\t<\/div>\n\t\t<\/div>\n\t\t\t\t<div class=\"elementor-column elementor-col-33 elementor-top-column elementor-element elementor-element-96686f5\" data-id=\"96686f5\" data-element_type=\"column\" data-settings=\"{&quot;background_background&quot;:&quot;classic&quot;}\">\n\t\t\t<div class=\"elementor-widget-wrap elementor-element-populated\">\n\t\t\t\t\t\t\t\t<div class=\"elementor-element elementor-element-e867ecf elementor-widget elementor-widget-heading\" data-id=\"e867ecf\" data-element_type=\"widget\" data-widget_type=\"heading.default\">\n\t\t\t\t<div class=\"elementor-widget-container\">\n\t\t\t<h2 class=\"elementor-heading-title elementor-size-default\">Mostre o v\u00eddeo de nosso processo de matrizes de fixa\u00e7\u00e3o e equipamentos de oficina, como segue:<\/h2>\t\t<\/div>\n\t\t\t\t<\/div>\n\t\t\t\t<div class=\"elementor-element elementor-element-fdda0b0 elementor-widget-divider--view-line elementor-widget elementor-widget-divider\" data-id=\"fdda0b0\" data-element_type=\"widget\" data-widget_type=\"divider.default\">\n\t\t\t\t<div class=\"elementor-widget-container\">\n\t\t\t\t\t<div class=\"elementor-divider\">\n\t\t\t<span class=\"elementor-divider-separator\">\n\t\t\t\t\t\t<\/span>\n\t\t<\/div>\n\t\t\t\t<\/div>\n\t\t\t\t<\/div>\n\t\t\t\t<div class=\"elementor-element elementor-element-c65c85a elementor-widget elementor-widget-text-editor\" data-id=\"c65c85a\" data-element_type=\"widget\" data-widget_type=\"text-editor.default\">\n\t\t\t\t<div class=\"elementor-widget-container\">\n\t\t\t\t\t\t\t\t<ul><li>grampo de corte de fio, retifica\u00e7\u00e3o cil\u00edndrica externa, processamento de torno CNC,<\/li><li>Corre\u00e7\u00e3o de fixa\u00e7\u00e3o, processamento de EDM, instalador, oficina de moedor de \u00e1gua,<\/li><li>Oficina de torno CNC, sala de inspe\u00e7\u00e3o, oficina de arame lento,<\/li><li>Oficina de tratamento t\u00e9rmico, oficina de moagem autom\u00e1tica<\/li><\/ul>\t\t\t\t\t\t<\/div>\n\t\t\t\t<\/div>\n\t\t\t\t\t<\/div>\n\t\t<\/div>\n\t\t\t\t\t\t\t<\/div>\n\t\t<\/section>\n\t\t\t\t<section class=\"elementor-section elementor-top-section elementor-element elementor-element-67ccaf5 elementor-section-content-middle elementor-reverse-mobile elementor-section-boxed elementor-section-height-default elementor-section-height-default\" data-id=\"67ccaf5\" data-element_type=\"section\" data-settings=\"{&quot;background_background&quot;:&quot;classic&quot;}\">\n\t\t\t\t\t\t<div class=\"elementor-container elementor-column-gap-default\">\n\t\t\t\t\t<div class=\"elementor-column elementor-col-33 elementor-top-column elementor-element elementor-element-c4febd5\" data-id=\"c4febd5\" data-element_type=\"column\" data-settings=\"{&quot;background_background&quot;:&quot;classic&quot;}\">\n\t\t\t<div class=\"elementor-widget-wrap elementor-element-populated\">\n\t\t\t\t\t\t\t\t<div class=\"elementor-element elementor-element-1a38d77 elementor-widget elementor-widget-heading\" data-id=\"1a38d77\" data-element_type=\"widget\" data-widget_type=\"heading.default\">\n\t\t\t\t<div class=\"elementor-widget-container\">\n\t\t\t<h2 class=\"elementor-heading-title elementor-size-default\">Mostre o v\u00eddeo de nosso processo de matrizes de fixa\u00e7\u00e3o e equipamentos de oficina, como segue:<\/h2>\t\t<\/div>\n\t\t\t\t<\/div>\n\t\t\t\t<div class=\"elementor-element elementor-element-97fbf69 elementor-widget-divider--view-line elementor-widget elementor-widget-divider\" data-id=\"97fbf69\" data-element_type=\"widget\" data-widget_type=\"divider.default\">\n\t\t\t\t<div class=\"elementor-widget-container\">\n\t\t\t\t\t<div class=\"elementor-divider\">\n\t\t\t<span class=\"elementor-divider-separator\">\n\t\t\t\t\t\t<\/span>\n\t\t<\/div>\n\t\t\t\t<\/div>\n\t\t\t\t<\/div>\n\t\t\t\t<div class=\"elementor-element elementor-element-744537f elementor-widget elementor-widget-text-editor\" data-id=\"744537f\" data-element_type=\"widget\" data-widget_type=\"text-editor.default\">\n\t\t\t\t<div class=\"elementor-widget-container\">\n\t\t\t\t\t\t\t\t<ul><li>grampo de corte de fio, retifica\u00e7\u00e3o cil\u00edndrica externa, processamento de torno CNC,<\/li><li>Corre\u00e7\u00e3o de fixa\u00e7\u00e3o, processamento de EDM, instalador, oficina de moedor de \u00e1gua,<\/li><li>Oficina de torno CNC, sala de inspe\u00e7\u00e3o, oficina de arame lento,<\/li><li>Oficina de tratamento t\u00e9rmico, oficina de moagem autom\u00e1tica<\/li><\/ul>\t\t\t\t\t\t<\/div>\n\t\t\t\t<\/div>\n\t\t\t\t\t<\/div>\n\t\t<\/div>\n\t\t\t\t<div class=\"elementor-column elementor-col-66 elementor-top-column elementor-element elementor-element-282e5d9\" data-id=\"282e5d9\" data-element_type=\"column\">\n\t\t\t<div class=\"elementor-widget-wrap elementor-element-populated\">\n\t\t\t\t\t\t\t\t<div class=\"elementor-element elementor-element-29db64e elementor-aspect-ratio-169 elementor-widget elementor-widget-video\" data-id=\"29db64e\" data-element_type=\"widget\" data-settings=\"{&quot;youtube_url&quot;:&quot;https:\\\/\\\/youtu.be\\\/aOy7jpas0A8&quot;,&quot;video_type&quot;:&quot;youtube&quot;,&quot;controls&quot;:&quot;yes&quot;,&quot;aspect_ratio&quot;:&quot;169&quot;}\" data-widget_type=\"video.default\">\n\t\t\t\t<div class=\"elementor-widget-container\">\n\t\t\t\t\t<div class=\"elementor-wrapper elementor-fit-aspect-ratio elementor-open-inline\">\n\t\t\t<div class=\"elementor-video\"><\/div>\t\t<\/div>\n\t\t\t\t<\/div>\n\t\t\t\t<\/div>\n\t\t\t\t\t<\/div>\n\t\t<\/div>\n\t\t\t\t\t\t\t<\/div>\n\t\t<\/section>\n\t\t\t\t<section class=\"elementor-section elementor-top-section elementor-element elementor-element-257f99a elementor-section-full_width elementor-section-height-min-height elementor-section-height-default elementor-section-items-middle\" data-id=\"257f99a\" data-element_type=\"section\" data-settings=\"{&quot;background_background&quot;:&quot;classic&quot;}\">\n\t\t\t\t\t\t\t<div class=\"elementor-background-overlay\"><\/div>\n\t\t\t\t\t\t\t<div class=\"elementor-container elementor-column-gap-no\">\n\t\t\t\t\t<div class=\"elementor-column elementor-col-100 elementor-top-column elementor-element elementor-element-0503bbf\" data-id=\"0503bbf\" data-element_type=\"column\">\n\t\t\t<div class=\"elementor-widget-wrap\">\n\t\t\t\t\t\t\t\t\t<\/div>\n\t\t<\/div>\n\t\t\t\t\t\t\t<\/div>\n\t\t<\/section>\n\t\t\t\t\t\t<\/div>\n\t\t\t\t\t<\/div>\n\t\t<!-- AddThis Advanced Settings generic via filter on the_content --><!-- AddThis Share Buttons generic via filter on the_content -->","protected":false},"excerpt":{"rendered":"<p>https:\/\/youtu.be\/mrjd3Na3i10 Mostre o v\u00eddeo de nosso processo de matrizes de fixa\u00e7\u00e3o e equipamentos de oficina, como segue: grampo de corte de fio, retifica\u00e7\u00e3o cil\u00edndrica externa, processamento de torno CNC, Corre\u00e7\u00e3o de fixa\u00e7\u00e3o, processamento de EDM, instalador, oficina de moedor de \u00e1gua, Oficina de torno CNC, sala de inspe\u00e7\u00e3o, oficina de arame lento, Oficina de tratamento &hellip;<\/p>\n<p class=\"read-more\"> <a class=\"\" href=\"https:\/\/www.asiadies.com\/index.php\/pt\/video-4\/\"> <span class=\"screen-reader-text\">V\u00eddeo<\/span> Read More &raquo;<\/a><\/p>\n<p><!-- AddThis Advanced Settings generic via filter on get_the_excerpt --><!-- AddThis Share Buttons generic via filter on get_the_excerpt --><\/p>\n","protected":false},"author":1,"featured_media":0,"parent":0,"menu_order":0,"comment_status":"closed","ping_status":"closed","template":"","meta":[],"yoast_head":"<!-- This site is optimized with the Yoast SEO plugin v17.0 - https:\/\/yoast.com\/wordpress\/plugins\/seo\/ -->\n<title>Video | ASIA DIES<\/title>\n<meta name=\"description\" content=\"Support in challenging projects is one of the strengths of ASIA DIES! The scope of services goes from the first feasibility study, followed by die design and built until the successful production and machining of samples and prototype dies tools.\" \/>\n<meta name=\"robots\" content=\"index, follow, max-snippet:-1, max-image-preview:large, max-video-preview:-1\" \/>\n<link rel=\"canonical\" href=\"https:\/\/www.asiadies.com\/index.php\/pt\/video-4\/\" \/>\n<meta property=\"og:locale\" content=\"en_US\" \/>\n<meta property=\"og:type\" content=\"article\" \/>\n<meta property=\"og:title\" content=\"Video | ASIA DIES\" \/>\n<meta property=\"og:description\" content=\"Support in challenging projects is one of the strengths of ASIA DIES! The scope of services goes from the first feasibility study, followed by die design and built until the successful production and machining of samples and prototype dies tools.\" \/>\n<meta property=\"og:url\" content=\"https:\/\/www.asiadies.com\/index.php\/pt\/video-4\/\" \/>\n<meta property=\"article:modified_time\" content=\"2021-09-12T16:15:41+00:00\" \/>\n<meta name=\"twitter:card\" content=\"summary_large_image\" \/>\n<meta name=\"twitter:label1\" content=\"Est. reading time\" \/>\n\t<meta name=\"twitter:data1\" content=\"1 minute\" \/>\n<script type=\"application\/ld+json\" class=\"yoast-schema-graph\">{\"@context\":\"https:\/\/schema.org\",\"@graph\":[{\"@type\":\"Organization\",\"@id\":\"https:\/\/www.asiadies.com\/#organization\",\"name\":\"Asia Dies Tools\",\"url\":\"https:\/\/www.asiadies.com\/\",\"sameAs\":[],\"logo\":{\"@type\":\"ImageObject\",\"@id\":\"https:\/\/www.asiadies.com\/#logo\",\"inLanguage\":\"en-US\",\"url\":\"https:\/\/www.asiadies.com\/wp-content\/uploads\/2021\/08\/Home-Logo-1Home-Top-Left-ratio-3-1.png\",\"contentUrl\":\"https:\/\/www.asiadies.com\/wp-content\/uploads\/2021\/08\/Home-Logo-1Home-Top-Left-ratio-3-1.png\",\"width\":2000,\"height\":666,\"caption\":\"Asia Dies Tools\"},\"image\":{\"@id\":\"https:\/\/www.asiadies.com\/#logo\"}},{\"@type\":\"WebSite\",\"@id\":\"https:\/\/www.asiadies.com\/#website\",\"url\":\"https:\/\/www.asiadies.com\/\",\"name\":\"ASIA DIES\",\"description\":\"Professional hardware service provider\",\"publisher\":{\"@id\":\"https:\/\/www.asiadies.com\/#organization\"},\"potentialAction\":[{\"@type\":\"SearchAction\",\"target\":{\"@type\":\"EntryPoint\",\"urlTemplate\":\"https:\/\/www.asiadies.com\/?s={search_term_string}\"},\"query-input\":\"required name=search_term_string\"}],\"inLanguage\":\"en-US\"},{\"@type\":\"WebPage\",\"@id\":\"https:\/\/www.asiadies.com\/index.php\/pt\/video-4\/#webpage\",\"url\":\"https:\/\/www.asiadies.com\/index.php\/pt\/video-4\/\",\"name\":\"Video | ASIA DIES\",\"isPartOf\":{\"@id\":\"https:\/\/www.asiadies.com\/#website\"},\"datePublished\":\"2021-09-03T05:30:33+00:00\",\"dateModified\":\"2021-09-12T16:15:41+00:00\",\"description\":\"Support in challenging projects is one of the strengths of ASIA DIES! The scope of services goes from the first feasibility study, followed by die design and built until the successful production and machining of samples and prototype dies tools.\",\"breadcrumb\":{\"@id\":\"https:\/\/www.asiadies.com\/index.php\/pt\/video-4\/#breadcrumb\"},\"inLanguage\":\"en-US\",\"potentialAction\":[{\"@type\":\"ReadAction\",\"target\":[\"https:\/\/www.asiadies.com\/index.php\/pt\/video-4\/\"]}]},{\"@type\":\"BreadcrumbList\",\"@id\":\"https:\/\/www.asiadies.com\/index.php\/pt\/video-4\/#breadcrumb\",\"itemListElement\":[{\"@type\":\"ListItem\",\"position\":1,\"name\":\"Home\",\"item\":\"https:\/\/www.asiadies.com\/index.php\/en\/home\/\"},{\"@type\":\"ListItem\",\"position\":2,\"name\":\"V\\u00eddeo\"}]}]}<\/script>\n<!-- \/ Yoast SEO plugin. -->","yoast_head_json":{"title":"Video | ASIA DIES","description":"Support in challenging projects is one of the strengths of ASIA DIES! The scope of services goes from the first feasibility study, followed by die design and built until the successful production and machining of samples and prototype dies tools.","robots":{"index":"index","follow":"follow","max-snippet":"max-snippet:-1","max-image-preview":"max-image-preview:large","max-video-preview":"max-video-preview:-1"},"canonical":"https:\/\/www.asiadies.com\/index.php\/pt\/video-4\/","og_locale":"en_US","og_type":"article","og_title":"Video | ASIA DIES","og_description":"Support in challenging projects is one of the strengths of ASIA DIES! The scope of services goes from the first feasibility study, followed by die design and built until the successful production and machining of samples and prototype dies tools.","og_url":"https:\/\/www.asiadies.com\/index.php\/pt\/video-4\/","article_modified_time":"2021-09-12T16:15:41+00:00","twitter_card":"summary_large_image","twitter_misc":{"Est. reading time":"1 minute"},"schema":{"@context":"https:\/\/schema.org","@graph":[{"@type":"Organization","@id":"https:\/\/www.asiadies.com\/#organization","name":"Asia Dies Tools","url":"https:\/\/www.asiadies.com\/","sameAs":[],"logo":{"@type":"ImageObject","@id":"https:\/\/www.asiadies.com\/#logo","inLanguage":"en-US","url":"https:\/\/www.asiadies.com\/wp-content\/uploads\/2021\/08\/Home-Logo-1Home-Top-Left-ratio-3-1.png","contentUrl":"https:\/\/www.asiadies.com\/wp-content\/uploads\/2021\/08\/Home-Logo-1Home-Top-Left-ratio-3-1.png","width":2000,"height":666,"caption":"Asia Dies Tools"},"image":{"@id":"https:\/\/www.asiadies.com\/#logo"}},{"@type":"WebSite","@id":"https:\/\/www.asiadies.com\/#website","url":"https:\/\/www.asiadies.com\/","name":"ASIA DIES","description":"Professional hardware service provider","publisher":{"@id":"https:\/\/www.asiadies.com\/#organization"},"potentialAction":[{"@type":"SearchAction","target":{"@type":"EntryPoint","urlTemplate":"https:\/\/www.asiadies.com\/?s={search_term_string}"},"query-input":"required name=search_term_string"}],"inLanguage":"en-US"},{"@type":"WebPage","@id":"https:\/\/www.asiadies.com\/index.php\/pt\/video-4\/#webpage","url":"https:\/\/www.asiadies.com\/index.php\/pt\/video-4\/","name":"Video | ASIA DIES","isPartOf":{"@id":"https:\/\/www.asiadies.com\/#website"},"datePublished":"2021-09-03T05:30:33+00:00","dateModified":"2021-09-12T16:15:41+00:00","description":"Support in challenging projects is one of the strengths of ASIA DIES! The scope of services goes from the first feasibility study, followed by die design and built until the successful production and machining of samples and prototype dies tools.","breadcrumb":{"@id":"https:\/\/www.asiadies.com\/index.php\/pt\/video-4\/#breadcrumb"},"inLanguage":"en-US","potentialAction":[{"@type":"ReadAction","target":["https:\/\/www.asiadies.com\/index.php\/pt\/video-4\/"]}]},{"@type":"BreadcrumbList","@id":"https:\/\/www.asiadies.com\/index.php\/pt\/video-4\/#breadcrumb","itemListElement":[{"@type":"ListItem","position":1,"name":"Home","item":"https:\/\/www.asiadies.com\/index.php\/en\/home\/"},{"@type":"ListItem","position":2,"name":"V\u00eddeo"}]}]}},"_links":{"self":[{"href":"https:\/\/www.asiadies.com\/index.php\/wp-json\/wp\/v2\/pages\/3104"}],"collection":[{"href":"https:\/\/www.asiadies.com\/index.php\/wp-json\/wp\/v2\/pages"}],"about":[{"href":"https:\/\/www.asiadies.com\/index.php\/wp-json\/wp\/v2\/types\/page"}],"author":[{"embeddable":true,"href":"https:\/\/www.asiadies.com\/index.php\/wp-json\/wp\/v2\/users\/1"}],"replies":[{"embeddable":true,"href":"https:\/\/www.asiadies.com\/index.php\/wp-json\/wp\/v2\/comments?post=3104"}],"version-history":[{"count":7,"href":"https:\/\/www.asiadies.com\/index.php\/wp-json\/wp\/v2\/pages\/3104\/revisions"}],"predecessor-version":[{"id":3825,"href":"https:\/\/www.asiadies.com\/index.php\/wp-json\/wp\/v2\/pages\/3104\/revisions\/3825"}],"wp:attachment":[{"href":"https:\/\/www.asiadies.com\/index.php\/wp-json\/wp\/v2\/media?parent=3104"}],"curies":[{"name":"wp","href":"https:\/\/api.w.org\/{rel}","templated":true}]}}